{"id":8740,"date":"2024-05-13T18:23:37","date_gmt":"2024-05-13T17:23:37","guid":{"rendered":"https:\/\/www.aufildutheatre.com\/?page_id=8740"},"modified":"2024-10-05T09:17:55","modified_gmt":"2024-10-05T08:17:55","slug":"tarifs-des-ateliers","status":"publish","type":"page","link":"https:\/\/www.aufildutheatre.com\/?page_id=8740","title":{"rendered":"Ex d&rsquo;atelier : Le jour de la gazelle"},"content":{"rendered":"<p>Il nous est difficile d\u2019indiquer un tarif car cela d\u00e9pend tellement de votre demande !&nbsp; (nombre d\u2019enfants concern\u00e9es, nombre de s\u00e9ances, conditions techniques etc.).<\/p>\n<p>Il est possible de vous pr\u00e9senter \u00e0 titre d\u2019exemple des petites formules de 10 mn vous permettant de vous rendre compte de ce qu\u2019il est possible de produire \u00e0 l\u2019issu d\u2019un atelier de fabrication et de manipulation de marionnettes \u00e0 partir d\u2019un album jeunesse.<\/p>\n<p>A\/&nbsp; LE JOUR DE LA GAZELLE (Cr\u00e9ation 9 mois\/ 4 ans)<\/p>\n<p><a href=\"https:\/\/www.aufildutheatre.com\/wp-content\/uploads\/2022\/08\/20211007_184352-scaled.jpg\"><img loading=\"lazy\" class=\"alignnone wp-image-7602\" src=\"https:\/\/www.aufildutheatre.com\/wp-content\/uploads\/2022\/08\/20211007_184352-300x225.jpg\" alt=\"\" width=\"179\" height=\"134\" srcset=\"https:\/\/www.aufildutheatre.com\/wp-content\/uploads\/2022\/08\/20211007_184352-300x225.jpg 300w, https:\/\/www.aufildutheatre.com\/wp-content\/uploads\/2022\/08\/20211007_184352-1024x768.jpg 1024w, https:\/\/www.aufildutheatre.com\/wp-content\/uploads\/2022\/08\/20211007_184352-768x576.jpg 768w, https:\/\/www.aufildutheatre.com\/wp-content\/uploads\/2022\/08\/20211007_184352-1536x1152.jpg 1536w, https:\/\/www.aufildutheatre.com\/wp-content\/uploads\/2022\/08\/20211007_184352-2048x1536.jpg 2048w\" sizes=\"(max-width: 179px) 100vw, 179px\" \/><\/a><\/p>\n<p>Petite histoire \u00e0 4 mains \u00e0 partir d\u2019un album jeunesse revisit\u00e9.<\/p>\n<p>Le lion a faim. Il voit une gazelle s\u2019abreuver. Il souhaite la d\u00e9vorer mais\u2026 STOP ! lui dit la gazelle. C\u2019est le jour de la gazelle, vous ne pouvez pas me manger !&nbsp; A la grande stup\u00e9faction de tous,&nbsp; il se passe la m\u00eame chose avec d\u2019autres animaux de la savane avec qui le lion souhaitait en faire un festin.<\/p>\n<p><strong>Dur\u00e9e :<\/strong> 10 mn<\/p>\n<p><strong>TARIF: <\/strong>Petite formule courte <strong>: <\/strong>&nbsp; <strong>100* \u20ac<\/strong> (en suppl\u00e9ment d\u2019un autre spectacle&nbsp; ou d\u2019une animation autour de la marionnette)<\/p>\n<p>&nbsp;<\/p>\n<p>B\/ DANS LA FERME.(2\/5 ans)<\/p>\n<p>(Animation autour des animaux de la ferme tels que:&nbsp; poule,&nbsp; coq,&nbsp; chien,&nbsp; oie,&nbsp; souris, mouton&#8230;<\/p>\n<p>Nous vous proposons en suppl\u00e9ment (100 \u20ac) d&rsquo;une de nos cr\u00e9ations \u00ab\u00a0La cerise sur le g\u00e2teau\u00a0\u00bb ou \u00ab\u00a0Les trois gros malins\u00a0\u00bb , une petite animation autour des animaux de la ferme o\u00f9 tour \u00e0 tour la com\u00e9dienne et les enfants feront \u00e9voluer les marionnettes, les faire parler ou les d\u00e9placer dans la cour de la ferme improvis\u00e9e.<\/p>\n<p>&nbsp;<\/p>\n<p><a href=\"https:\/\/www.aufildutheatre.com\/wp-content\/uploads\/2024\/04\/20240417_102621-1.jpg\"><img loading=\"lazy\" class=\"alignnone size-medium wp-image-8516\" src=\"https:\/\/www.aufildutheatre.com\/wp-content\/uploads\/2024\/04\/20240417_102621-1-300x228.jpg\" alt=\"\" width=\"300\" height=\"228\" srcset=\"https:\/\/www.aufildutheatre.com\/wp-content\/uploads\/2024\/04\/20240417_102621-1-300x228.jpg 300w, https:\/\/www.aufildutheatre.com\/wp-content\/uploads\/2024\/04\/20240417_102621-1-1024x777.jpg 1024w, https:\/\/www.aufildutheatre.com\/wp-content\/uploads\/2024\/04\/20240417_102621-1-768x583.jpg 768w, https:\/\/www.aufildutheatre.com\/wp-content\/uploads\/2024\/04\/20240417_102621-1-1536x1165.jpg 1536w, https:\/\/www.aufildutheatre.com\/wp-content\/uploads\/2024\/04\/20240417_102621-1-2048x1554.jpg 2048w\" sizes=\"(max-width: 300px) 100vw, 300px\" \/><\/a> <a href=\"https:\/\/www.aufildutheatre.com\/wp-content\/uploads\/2024\/04\/20240417_102544.jpg\"><img loading=\"lazy\" class=\"alignnone size-medium wp-image-8514\" src=\"https:\/\/www.aufildutheatre.com\/wp-content\/uploads\/2024\/04\/20240417_102544-244x300.jpg\" alt=\"\" width=\"244\" height=\"300\" srcset=\"https:\/\/www.aufildutheatre.com\/wp-content\/uploads\/2024\/04\/20240417_102544-244x300.jpg 244w, https:\/\/www.aufildutheatre.com\/wp-content\/uploads\/2024\/04\/20240417_102544-834x1024.jpg 834w, https:\/\/www.aufildutheatre.com\/wp-content\/uploads\/2024\/04\/20240417_102544-768x943.jpg 768w, https:\/\/www.aufildutheatre.com\/wp-content\/uploads\/2024\/04\/20240417_102544-1251x1536.jpg 1251w, https:\/\/www.aufildutheatre.com\/wp-content\/uploads\/2024\/04\/20240417_102544-1668x2048.jpg 1668w, https:\/\/www.aufildutheatre.com\/wp-content\/uploads\/2024\/04\/20240417_102544.jpg 1908w\" sizes=\"(max-width: 244px) 100vw, 244px\" \/><\/a> <a href=\"https:\/\/www.aufildutheatre.com\/wp-content\/uploads\/2024\/04\/20240417_102913-scaled.jpg\"><img loading=\"lazy\" class=\"alignnone size-medium wp-image-8517\" src=\"https:\/\/www.aufildutheatre.com\/wp-content\/uploads\/2024\/04\/20240417_102913-159x300.jpg\" alt=\"\" width=\"159\" height=\"300\" srcset=\"https:\/\/www.aufildutheatre.com\/wp-content\/uploads\/2024\/04\/20240417_102913-159x300.jpg 159w, https:\/\/www.aufildutheatre.com\/wp-content\/uploads\/2024\/04\/20240417_102913-544x1024.jpg 544w, https:\/\/www.aufildutheatre.com\/wp-content\/uploads\/2024\/04\/20240417_102913-768x1445.jpg 768w, https:\/\/www.aufildutheatre.com\/wp-content\/uploads\/2024\/04\/20240417_102913-816x1536.jpg 816w, https:\/\/www.aufildutheatre.com\/wp-content\/uploads\/2024\/04\/20240417_102913-1089x2048.jpg 1089w, https:\/\/www.aufildutheatre.com\/wp-content\/uploads\/2024\/04\/20240417_102913-scaled.jpg 1361w\" sizes=\"(max-width: 159px) 100vw, 159px\" \/><\/a><\/p>\n<p>Petite formule courte o\u00f9 des enfants peuvent improviser avec la com\u00e9dienne sur une situation qui se pr\u00e9sente \u00e0 eux et jouer avec les \u00e9motions telles que la surprise, la joie, la col\u00e8re, la tristesse, la peur&#8230;.<\/p>\n<p>CONTACTEZ NOUS POUR UN&nbsp; OU PLUSIEURS DEVIS PERSONNALISES !&nbsp;<\/p>\n<p>&nbsp;<\/p>\n","protected":false},"excerpt":{"rendered":"<p>Il nous est difficile d\u2019indiquer un tarif car cela d\u00e9pend tellement de votre demande !&nbsp; (nombre d\u2019enfants concern\u00e9es, nombre de s\u00e9ances, conditions techniques etc.). Il est possible de vous pr\u00e9senter \u00e0 titre d\u2019exemple des petites formules de 10 mn vous<\/p>\n","protected":false},"author":1,"featured_media":0,"parent":0,"menu_order":0,"comment_status":"closed","ping_status":"closed","template":"","meta":{"ngg_post_thumbnail":0},"_links":{"self":[{"href":"https:\/\/www.aufildutheatre.com\/index.php?rest_route=\/wp\/v2\/pages\/8740"}],"collection":[{"href":"https:\/\/www.aufildutheatre.com\/index.php?rest_route=\/wp\/v2\/pages"}],"about":[{"href":"https:\/\/www.aufildutheatre.com\/index.php?rest_route=\/wp\/v2\/types\/page"}],"author":[{"embeddable":true,"href":"https:\/\/www.aufildutheatre.com\/index.php?rest_route=\/wp\/v2\/users\/1"}],"replies":[{"embeddable":true,"href":"https:\/\/www.aufildutheatre.com\/index.php?rest_route=%2Fwp%2Fv2%2Fcomments&post=8740"}],"version-history":[{"count":16,"href":"https:\/\/www.aufildutheatre.com\/index.php?rest_route=\/wp\/v2\/pages\/8740\/revisions"}],"predecessor-version":[{"id":8895,"href":"https:\/\/www.aufildutheatre.com\/index.php?rest_route=\/wp\/v2\/pages\/8740\/revisions\/8895"}],"wp:attachment":[{"href":"https:\/\/www.aufildutheatre.com\/index.php?rest_route=%2Fwp%2Fv2%2Fmedia&parent=8740"}],"curies":[{"name":"wp","href":"https:\/\/api.w.org\/{rel}","templated":true}]}}