{"id":6613,"date":"2024-04-30T18:17:26","date_gmt":"2024-04-30T17:17:26","guid":{"rendered":"http:\/\/www.aufildutheatre.com\/new\/?page_id=6613"},"modified":"2024-12-09T17:53:57","modified_gmt":"2024-12-09T16:53:57","slug":"kontu-kontazan","status":"publish","type":"page","link":"https:\/\/www.aufildutheatre.com\/?page_id=6613","title":{"rendered":"LILI SAGUTXOAK 2026 Zehar"},"content":{"rendered":"<p><span style=\"color: #999999;\"><span style=\"color: #51c4c4;\"><strong>.&nbsp; LILI&nbsp; SAGUTXOAK&nbsp; (Sorkuntz 2\/8&nbsp; Urte) <\/strong><\/span>&nbsp; Sortie pr\u00e9vue courant 2026<\/span><\/p>\n<div id=\"output_text_dummy\" class=\"form-div minimal p-0 flex-grow-1 h-10rm\">\n<div><span style=\"color: #51c4c4;\">Lili ausartu da harrera-etxe txikitik kanpora bizitzera.&rsquo; Zorionez, eremu maltzurretako arratoi batekin topo egin du, eta mundua kanpotik ezagutuko du.&rsquo; Bi sagu txikiren arteko adiskidetasun- eta elkartasun-istorio ederra, elkarrekin aurre egin behar diotenak inguruko munduari.<\/span><\/div>\n<\/div>\n<div>\n<p><span style=\"color: #51c4c4;\"><strong>Adiskidetasuna eta partekatzea: \u00ab\u00a0LILI SAGUTXOA \u00a0\u00bb <\/strong>(malorozki oraingoz,&nbsp; bertan behera utzi da ikuskizun honen sorkuntza) Elkarrekin doazen 2 sagu txikiren arteko adiskidetasun&nbsp; eta elkartasun istorio ederra, inguruko munduari aurre egiteko.<\/span><\/p>\n<p>&nbsp;<\/p>\n<p><span style=\"color: #95dedd;\">Lili ose s&rsquo;aventurer en dehors de sa petite maison douillette. Heureusement elle rencontre 1 petit rat des champ malicieux qui lui fera d\u00e9couvrir le monde de l&rsquo;ext\u00e9rieur. Une belle histoire d&rsquo;amiti\u00e9 et de solidarit\u00e9 entre deux petites souris bien diff\u00e9rentes qui, ensemble, vont&nbsp; affronter&nbsp; le monde qui les entoure.<\/span><\/p>\n\n\n<div class=\"ngg-galleryoverview ngg-slideshow\"\n\t id=\"ngg-slideshow-d8af7e2bf5a62a86dfa349389d986b37-16283519570\"\n     data-gallery-id=\"d8af7e2bf5a62a86dfa349389d986b37\"\n     style=\"max-width: 600px; max-height: 400px;\">\n\n \t<div id=\"ngg-image-0\" class=\"ngg-gallery-slideshow-image\" style=\"height:400px\">\n\n        <a href=\"https:\/\/www.aufildutheatre.com\/wp-content\/gallery\/kilima-eleak-lili\/P1080364.jpg\"\n           title=\"\"\n           data-src=\"https:\/\/www.aufildutheatre.com\/wp-content\/gallery\/kilima-eleak-lili\/P1080364.jpg\"\n           data-thumbnail=\"https:\/\/www.aufildutheatre.com\/wp-content\/gallery\/kilima-eleak-lili\/thumbs\/thumbs_P1080364.jpg\"\n           data-image-id=\"259\"\n           data-title=\"P1080364\"\n           data-description=\"\"\n           class=\"ngg-fancybox\" rel=\"d8af7e2bf5a62a86dfa349389d986b37\">\n\n            <img data-image-id='259'\n                 title=\"\"\n                 alt=\"P1080364\"\n                 src=\"https:\/\/www.aufildutheatre.com\/wp-content\/gallery\/kilima-eleak-lili\/P1080364.jpg\"\n                 style=\"max-height: 380px;\"\/>\n        <\/a>\n\n        <\/div> \n<div id=\"ngg-image-1\" class=\"ngg-gallery-slideshow-image\" style=\"height:400px\">\n\n        <a href=\"https:\/\/www.aufildutheatre.com\/wp-content\/gallery\/kilima-eleak-lili\/P1080362.jpeg\"\n           title=\"\"\n           data-src=\"https:\/\/www.aufildutheatre.com\/wp-content\/gallery\/kilima-eleak-lili\/P1080362.jpeg\"\n           data-thumbnail=\"https:\/\/www.aufildutheatre.com\/wp-content\/gallery\/kilima-eleak-lili\/thumbs\/thumbs_P1080362.jpeg\"\n           data-image-id=\"260\"\n           data-title=\"P1080362\"\n           data-description=\"\"\n           class=\"ngg-fancybox\" rel=\"d8af7e2bf5a62a86dfa349389d986b37\">\n\n            <img data-image-id='260'\n                 title=\"\"\n                 alt=\"P1080362\"\n                 src=\"https:\/\/www.aufildutheatre.com\/wp-content\/gallery\/kilima-eleak-lili\/P1080362.jpeg\"\n                 style=\"max-height: 380px;\"\/>\n        <\/a>\n\n        <\/div> \n<div id=\"ngg-image-2\" class=\"ngg-gallery-slideshow-image\" style=\"height:400px\">\n\n        <a href=\"https:\/\/www.aufildutheatre.com\/wp-content\/gallery\/kilima-eleak-lili\/1_IMG_5118.jpg\"\n           title=\"\"\n           data-src=\"https:\/\/www.aufildutheatre.com\/wp-content\/gallery\/kilima-eleak-lili\/1_IMG_5118.jpg\"\n           data-thumbnail=\"https:\/\/www.aufildutheatre.com\/wp-content\/gallery\/kilima-eleak-lili\/thumbs\/thumbs_1_IMG_5118.jpg\"\n           data-image-id=\"261\"\n           data-title=\"1_IMG_5118\"\n           data-description=\"\"\n           class=\"ngg-fancybox\" rel=\"d8af7e2bf5a62a86dfa349389d986b37\">\n\n            <img data-image-id='261'\n                 title=\"\"\n                 alt=\"1_IMG_5118\"\n                 src=\"https:\/\/www.aufildutheatre.com\/wp-content\/gallery\/kilima-eleak-lili\/1_IMG_5118.jpg\"\n                 style=\"max-height: 380px;\"\/>\n        <\/a>\n\n        <\/div> \n<div id=\"ngg-image-3\" class=\"ngg-gallery-slideshow-image\" style=\"height:400px\">\n\n        <a href=\"https:\/\/www.aufildutheatre.com\/wp-content\/gallery\/kilima-eleak-lili\/1_IMG_5123.jpg\"\n           title=\"\"\n           data-src=\"https:\/\/www.aufildutheatre.com\/wp-content\/gallery\/kilima-eleak-lili\/1_IMG_5123.jpg\"\n           data-thumbnail=\"https:\/\/www.aufildutheatre.com\/wp-content\/gallery\/kilima-eleak-lili\/thumbs\/thumbs_1_IMG_5123.jpg\"\n           data-image-id=\"263\"\n           data-title=\"1_IMG_5123\"\n           data-description=\"\"\n           class=\"ngg-fancybox\" rel=\"d8af7e2bf5a62a86dfa349389d986b37\">\n\n            <img data-image-id='263'\n                 title=\"\"\n                 alt=\"1_IMG_5123\"\n                 src=\"https:\/\/www.aufildutheatre.com\/wp-content\/gallery\/kilima-eleak-lili\/1_IMG_5123.jpg\"\n                 style=\"max-height: 380px;\"\/>\n        <\/a>\n\n        <\/div> \n<div id=\"ngg-image-4\" class=\"ngg-gallery-slideshow-image\" style=\"height:400px\">\n\n        <a href=\"https:\/\/www.aufildutheatre.com\/wp-content\/gallery\/kilima-eleak-lili\/1_IMG_5119.jpg\"\n           title=\"\"\n           data-src=\"https:\/\/www.aufildutheatre.com\/wp-content\/gallery\/kilima-eleak-lili\/1_IMG_5119.jpg\"\n           data-thumbnail=\"https:\/\/www.aufildutheatre.com\/wp-content\/gallery\/kilima-eleak-lili\/thumbs\/thumbs_1_IMG_5119.jpg\"\n           data-image-id=\"264\"\n           data-title=\"1_IMG_5119\"\n           data-description=\"\"\n           class=\"ngg-fancybox\" rel=\"d8af7e2bf5a62a86dfa349389d986b37\">\n\n            <img data-image-id='264'\n                 title=\"\"\n                 alt=\"1_IMG_5119\"\n                 src=\"https:\/\/www.aufildutheatre.com\/wp-content\/gallery\/kilima-eleak-lili\/1_IMG_5119.jpg\"\n                 style=\"max-height: 380px;\"\/>\n        <\/a>\n\n        <\/div> \n<div id=\"ngg-image-5\" class=\"ngg-gallery-slideshow-image\" style=\"height:400px\">\n\n        <a href=\"https:\/\/www.aufildutheatre.com\/wp-content\/gallery\/kilima-eleak-lili\/libellule-HV.jpg\"\n           title=\"\"\n           data-src=\"https:\/\/www.aufildutheatre.com\/wp-content\/gallery\/kilima-eleak-lili\/libellule-HV.jpg\"\n           data-thumbnail=\"https:\/\/www.aufildutheatre.com\/wp-content\/gallery\/kilima-eleak-lili\/thumbs\/thumbs_libellule-HV.jpg\"\n           data-image-id=\"265\"\n           data-title=\"libellule-HV\"\n           data-description=\"\"\n           class=\"ngg-fancybox\" rel=\"d8af7e2bf5a62a86dfa349389d986b37\">\n\n            <img data-image-id='265'\n                 title=\"\"\n                 alt=\"libellule-HV\"\n                 src=\"https:\/\/www.aufildutheatre.com\/wp-content\/gallery\/kilima-eleak-lili\/libellule-HV.jpg\"\n                 style=\"max-height: 380px;\"\/>\n        <\/a>\n\n        <\/div> \n<div id=\"ngg-image-6\" class=\"ngg-gallery-slideshow-image\" style=\"height:400px\">\n\n        <a href=\"https:\/\/www.aufildutheatre.com\/wp-content\/gallery\/kilima-eleak-lili\/pinpirinaHV-scaled.jpg\"\n           title=\"\"\n           data-src=\"https:\/\/www.aufildutheatre.com\/wp-content\/gallery\/kilima-eleak-lili\/pinpirinaHV-scaled.jpg\"\n           data-thumbnail=\"https:\/\/www.aufildutheatre.com\/wp-content\/gallery\/kilima-eleak-lili\/thumbs\/thumbs_pinpirinaHV-scaled.jpg\"\n           data-image-id=\"266\"\n           data-title=\"pinpirinaHV-scaled\"\n           data-description=\"\"\n           class=\"ngg-fancybox\" rel=\"d8af7e2bf5a62a86dfa349389d986b37\">\n\n            <img data-image-id='266'\n                 title=\"\"\n                 alt=\"pinpirinaHV-scaled\"\n                 src=\"https:\/\/www.aufildutheatre.com\/wp-content\/gallery\/kilima-eleak-lili\/pinpirinaHV-scaled.jpg\"\n                 style=\"max-height: 380px;\"\/>\n        <\/a>\n\n        <\/div> \n<div id=\"ngg-image-7\" class=\"ngg-gallery-slideshow-image\" style=\"height:400px\">\n\n        <a href=\"https:\/\/www.aufildutheatre.com\/wp-content\/gallery\/kilima-eleak-lili\/IMG_5114.jpg\"\n           title=\"\"\n           data-src=\"https:\/\/www.aufildutheatre.com\/wp-content\/gallery\/kilima-eleak-lili\/IMG_5114.jpg\"\n           data-thumbnail=\"https:\/\/www.aufildutheatre.com\/wp-content\/gallery\/kilima-eleak-lili\/thumbs\/thumbs_IMG_5114.jpg\"\n           data-image-id=\"177\"\n           data-title=\"IMG_5114\"\n           data-description=\"\"\n           class=\"ngg-fancybox\" rel=\"d8af7e2bf5a62a86dfa349389d986b37\">\n\n            <img data-image-id='177'\n                 title=\"\"\n                 alt=\"IMG_5114\"\n                 src=\"https:\/\/www.aufildutheatre.com\/wp-content\/gallery\/kilima-eleak-lili\/IMG_5114.jpg\"\n                 style=\"max-height: 380px;\"\/>\n        <\/a>\n\n        <\/div> \n<\/div>\n\n\n\t\t<!-- Thumbnails Link -->\n\t<div class=\"slideshowlink\" style=\"max-width: 600px;\">\n        <a href='https:\/\/www.aufildutheatre.com\/index.php\/nggallery\/thumbnails?page_id=6613'>[Montrer sous forme de vignettes]<\/a>\n\t<\/div>\n\n<\/div>\n<p><strong>&nbsp;<\/strong><\/p>\n<p><span style=\"color: #51c4c4;\">4 pataka mundua deskubrituz<a style=\"color: #51c4c4;\" href=\"http:\/\/www.aufildutheatre.com\/new\/wp-content\/uploads\/2017\/11\/P1080362.jpg\"><img loading=\"lazy\" class=\"wp-image-6495 alignleft\" src=\"http:\/\/www.aufildutheatre.com\/new\/wp-content\/uploads\/2017\/11\/P1080362-300x282.jpg\" alt=\"\" width=\"88\" height=\"83\" srcset=\"https:\/\/www.aufildutheatre.com\/wp-content\/uploads\/2017\/11\/P1080362-300x282.jpg 300w, https:\/\/www.aufildutheatre.com\/wp-content\/uploads\/2017\/11\/P1080362.jpg 355w\" sizes=\"(max-width: 88px) 100vw, 88px\" \/><\/a><\/span><br \/>\n<span style=\"color: #51c4c4;\">Kanpoko mundua ezagutzera doan xagutxo baten istorioa da hau.<a style=\"color: #51c4c4;\" href=\"http:\/\/www.aufildutheatre.com\/new\/wp-content\/uploads\/2019\/09\/libellule-HV.jpg\">&nbsp; <img loading=\"lazy\" class=\"wp-image-7344 alignnone\" src=\"http:\/\/www.aufildutheatre.com\/new\/wp-content\/uploads\/2019\/09\/libellule-HV-253x300.jpg\" alt=\"\" width=\"71\" height=\"84\" srcset=\"https:\/\/www.aufildutheatre.com\/wp-content\/uploads\/2019\/09\/libellule-HV-253x300.jpg 253w, https:\/\/www.aufildutheatre.com\/wp-content\/uploads\/2019\/09\/libellule-HV-768x912.jpg 768w, https:\/\/www.aufildutheatre.com\/wp-content\/uploads\/2019\/09\/libellule-HV-862x1024.jpg 862w\" sizes=\"(max-width: 71px) 100vw, 71px\" \/><\/a><\/span><br \/>\n<span style=\"color: #51c4c4;\"><a style=\"color: #51c4c4;\" href=\"http:\/\/www.aufildutheatre.com\/new\/wp-content\/uploads\/2018\/10\/P1010601.jpg\">S<\/a>agutxoa bere bizilekua den armairu batetatik ateratzen da lehen aldikoz.<\/span><\/p>\n<p><a href=\"http:\/\/www.aufildutheatre.com\/new\/wp-content\/uploads\/2020\/09\/pinpirinaHV-scaled.jpg\"><img loading=\"lazy\" class=\"alignnone wp-image-7590\" src=\"http:\/\/www.aufildutheatre.com\/new\/wp-content\/uploads\/2020\/09\/pinpirinaHV-300x225.jpg\" alt=\"\" width=\"109\" height=\"82\" srcset=\"https:\/\/www.aufildutheatre.com\/wp-content\/uploads\/2020\/09\/pinpirinaHV-300x225.jpg 300w, https:\/\/www.aufildutheatre.com\/wp-content\/uploads\/2020\/09\/pinpirinaHV-1024x768.jpg 1024w, https:\/\/www.aufildutheatre.com\/wp-content\/uploads\/2020\/09\/pinpirinaHV-768x576.jpg 768w, https:\/\/www.aufildutheatre.com\/wp-content\/uploads\/2020\/09\/pinpirinaHV-1536x1152.jpg 1536w, https:\/\/www.aufildutheatre.com\/wp-content\/uploads\/2020\/09\/pinpirinaHV-2048x1536.jpg 2048w\" sizes=\"(max-width: 109px) 100vw, 109px\" \/><\/a>&nbsp;<\/p>\n<p><span style=\"color: #51c4c4;\">Etxetik kanpora joaten da eta hor, bere inguruan diren baina ezagutzen ez duen mundu berri bat deskubrituko du.<\/span><\/p>\n<p>&nbsp;<\/p>\n<p><p>no images were found<\/p>\n<span style=\"color: #999999;\">Beste sorkuntza ukanen duzue 2026 zehar&#8230;. <\/span><\/p>\n<p><span style=\"color: #999999;\">. NESKATILA ILUNPEAN <\/span><span style=\"color: #999999;\"><span style=\"font-size: 10pt;\">(titres ind\u00e9finis \u00e0 ce jour)<\/span>&nbsp; <\/span><\/p>\n<div id=\"output_text_dummy\" class=\"form-div minimal p-0 flex-grow-1 h-10rm\">\n<div><span style=\"color: #999999;\">Gaueko beldurrari buruzko istorioa&#8230; Gauean, neskatoak bere gelako tauletako irudiak bizi ditu&#8230;<\/span><\/div>\n<\/div>\n<p><span style=\"color: #999999;\">. LA PETITE FILLE DANS LA NUIT en fran\u00e7ais,&nbsp; sortira \u00e9galement courant 2026<\/span><\/p>\n<p><span style=\"color: #999999;\">Une histoire sur la peur nocturne&#8230;&nbsp; La nuit,&nbsp; la petite fille habite les images des tableaux de sa chambre&#8230;<\/span>&nbsp;<\/p>\n<p style=\"text-align: center;\"><span style=\"color: #3366ff;\">Baldintza teknikoak<\/span><\/p>\n","protected":false},"excerpt":{"rendered":"<p>.&nbsp; LILI&nbsp; SAGUTXOAK&nbsp; (Sorkuntz 2\/8&nbsp; Urte) &nbsp; Sortie pr\u00e9vue courant 2026 Lili ausartu da harrera-etxe txikitik kanpora bizitzera.&rsquo; Zorionez, eremu maltzurretako arratoi batekin topo egin du, eta mundua kanpotik ezagutuko du.&rsquo; Bi sagu txikiren arteko adiskidetasun- eta elkartasun-istorio ederra, elkarrekin<\/p>\n","protected":false},"author":1,"featured_media":0,"parent":0,"menu_order":0,"comment_status":"closed","ping_status":"closed","template":"","meta":{"ngg_post_thumbnail":0},"_links":{"self":[{"href":"https:\/\/www.aufildutheatre.com\/index.php?rest_route=\/wp\/v2\/pages\/6613"}],"collection":[{"href":"https:\/\/www.aufildutheatre.com\/index.php?rest_route=\/wp\/v2\/pages"}],"about":[{"href":"https:\/\/www.aufildutheatre.com\/index.php?rest_route=\/wp\/v2\/types\/page"}],"author":[{"embeddable":true,"href":"https:\/\/www.aufildutheatre.com\/index.php?rest_route=\/wp\/v2\/users\/1"}],"replies":[{"embeddable":true,"href":"https:\/\/www.aufildutheatre.com\/index.php?rest_route=%2Fwp%2Fv2%2Fcomments&post=6613"}],"version-history":[{"count":16,"href":"https:\/\/www.aufildutheatre.com\/index.php?rest_route=\/wp\/v2\/pages\/6613\/revisions"}],"predecessor-version":[{"id":9014,"href":"https:\/\/www.aufildutheatre.com\/index.php?rest_route=\/wp\/v2\/pages\/6613\/revisions\/9014"}],"wp:attachment":[{"href":"https:\/\/www.aufildutheatre.com\/index.php?rest_route=%2Fwp%2Fv2%2Fmedia&parent=6613"}],"curies":[{"name":"wp","href":"https:\/\/api.w.org\/{rel}","templated":true}]}}