{"id":6525,"date":"2017-11-20T10:24:34","date_gmt":"2017-11-20T09:24:34","guid":{"rendered":"http:\/\/www.aufildutheatre.com\/new\/?page_id=6525"},"modified":"2025-07-24T18:19:36","modified_gmt":"2025-07-24T17:19:36","slug":"humeurs-vagabondes-tarifs","status":"publish","type":"page","link":"https:\/\/www.aufildutheatre.com\/?page_id=6525","title":{"rendered":"Humeurs vagabondes Tarifs"},"content":{"rendered":"<p style=\"text-align: center;\"><span style=\"font-size: 18pt; color: #e0d39d;\"><strong>TARIFS <\/strong><\/span><\/p>\n<p><span style=\"color: #e0d39d;\"><strong>HUMEURS VAGABONDES<\/strong> <\/span><\/p>\n<p><span style=\"color: #e0d39d;\">Cr\u00e9ation en cours de&nbsp; R\u00e9alisation &#8230; <span style=\"font-size: 10pt;\">(stopp\u00e9e&nbsp; momentan\u00e9ment pour peaufiner les petites formules de FORM&rsquo; Z ANIMEES cf: rubrique Form&rsquo;Z Anim\u00e9es)&nbsp; <span style=\"font-size: 12pt;\">sortira courant 2026<\/span><\/span><\/span><\/p>\n<p><span style=\"color: #e0d39d;\">Prix ind\u00e9fini \u00e0 ce jour autour de <strong>500 \u20ac la repr\u00e9sentation. <\/strong><br \/>\n<\/span><\/p>\n<p><span style=\"color: #e0d39d;\"><strong>INFORMATIONS COMPLEMENTAIRES :<\/strong> <\/span><\/p>\n<p><span style=\"color: #e0d39d; font-size: 10pt;\"><span style=\"font-size: 12pt;\">Frais de D\u00e9placement: <strong>Min 20 \u20ac<\/strong>&nbsp;+&nbsp;<span style=\"text-decoration: underline;\"> 25 km&nbsp; D&rsquo;Anglet: 0,60 \u20ac du Km A.R depuis Anglet.<\/span><br \/>\n<\/span><\/span><\/p>\n<p><span style=\"color: #e0d39d; font-size: 10pt;\"><span style=\"font-size: 12pt;\">Tous nos spectacles sont major\u00e9s de <strong>60 \u20ac<\/strong> \u00e0 No\u00ebl.&nbsp; <\/span><\/span><\/p>\n<p><span style=\"color: #e0d39d; font-size: 10pt;\"><span style=\"font-size: 12pt;\">Nous appliquons un tarif pr\u00e9f\u00e9rentiel pour 2 s\u00e9ances dans une m\u00eame 1\/2 journ\u00e9e. ou journ\u00e9e<\/span> .&nbsp;<\/span><\/p>\n<p><span style=\"color: #e0d39d; font-size: 10pt;\"> <strong>RENSEIGNEZ VOUS !&nbsp; <\/strong><\/span><\/p>\n<p>&nbsp;<\/p>\n<p><a href=\"http:\/\/www.aufildutheatre.com\/new\/?attachment_id=2285\" rel=\"attachment wp-att-2285\"><img loading=\"lazy\" class=\"aligncenter size-medium wp-image-2285\" style=\"clear: both; padding-top: 2em;\" title=\"tete de piafs copie\" src=\"http:\/\/www.aufildutheatre.com\/new\/wp-content\/uploads\/2010\/01\/tete-de-piafs-copie.jpg?w=233\" alt=\"\" width=\"91\" height=\"115\"><\/a><\/p>\n<div style=\"position: relative; margin-left: 9.5em; height: 250px;\">\n<ul style=\"position: absolute; top: 1em; right: 4em; font-size: 1.3em; color: #6191ba;\">\n<li><a href=\"https:\/\/www.aufildutheatre.com\/?page_id=6519\" target=\"_self\" rel=\"noopener noreferrer\"><span style=\"text-decoration: underline;\"><span style=\"color: #0000ff; text-decoration: underline;\">Le livre d&rsquo;or <\/span><\/span><\/a><\/li>\n<li><a href=\"https:\/\/www.aufildutheatre.com\/?page_id=6523\" target=\"_self\" rel=\"noopener noreferrer\"><span style=\"text-decoration: underline;\"><span style=\"color: #0000ff; text-decoration: underline;\">Les conditions techniques <\/span><\/span><\/a><\/li>\n<li><a href=\"https:\/\/www.aufildutheatre.com\/?page_id=6525\" target=\"_self\" rel=\"noopener noreferrer\"><span style=\"text-decoration: underline;\"><span style=\"color: #0000ff; text-decoration: underline;\">Les tarifs <\/span><\/span><\/a><\/li>\n<li><a href=\"https:\/\/www.aufildutheatre.com\/?page_id=6527\" target=\"_self\" rel=\"noopener noreferrer\"><span style=\"text-decoration: underline;\"><span style=\"color: #0000ff; text-decoration: underline;\">Plus de photos ?<\/span><\/span><\/a><\/li>\n<li><span style=\"text-decoration: underline;\"><span style=\"color: #0000ff; text-decoration: underline;\">Fiche p\u00e9dagogique<\/span><\/span><\/li>\n<\/ul>\n<\/div>\n","protected":false},"excerpt":{"rendered":"<p>TARIFS HUMEURS VAGABONDES Cr\u00e9ation en cours de&nbsp; R\u00e9alisation &#8230; (stopp\u00e9e&nbsp; momentan\u00e9ment pour peaufiner les petites formules de FORM&rsquo; Z ANIMEES cf: rubrique Form&rsquo;Z Anim\u00e9es)&nbsp; sortira courant 2026 Prix ind\u00e9fini \u00e0 ce jour autour de 500 \u20ac la repr\u00e9sentation. INFORMATIONS COMPLEMENTAIRES<\/p>\n","protected":false},"author":1,"featured_media":0,"parent":6488,"menu_order":0,"comment_status":"closed","ping_status":"closed","template":"","meta":{"ngg_post_thumbnail":0},"_links":{"self":[{"href":"https:\/\/www.aufildutheatre.com\/index.php?rest_route=\/wp\/v2\/pages\/6525"}],"collection":[{"href":"https:\/\/www.aufildutheatre.com\/index.php?rest_route=\/wp\/v2\/pages"}],"about":[{"href":"https:\/\/www.aufildutheatre.com\/index.php?rest_route=\/wp\/v2\/types\/page"}],"author":[{"embeddable":true,"href":"https:\/\/www.aufildutheatre.com\/index.php?rest_route=\/wp\/v2\/users\/1"}],"replies":[{"embeddable":true,"href":"https:\/\/www.aufildutheatre.com\/index.php?rest_route=%2Fwp%2Fv2%2Fcomments&post=6525"}],"version-history":[{"count":25,"href":"https:\/\/www.aufildutheatre.com\/index.php?rest_route=\/wp\/v2\/pages\/6525\/revisions"}],"predecessor-version":[{"id":9085,"href":"https:\/\/www.aufildutheatre.com\/index.php?rest_route=\/wp\/v2\/pages\/6525\/revisions\/9085"}],"up":[{"embeddable":true,"href":"https:\/\/www.aufildutheatre.com\/index.php?rest_route=\/wp\/v2\/pages\/6488"}],"wp:attachment":[{"href":"https:\/\/www.aufildutheatre.com\/index.php?rest_route=%2Fwp%2Fv2%2Fmedia&parent=6525"}],"curies":[{"name":"wp","href":"https:\/\/api.w.org\/{rel}","templated":true}]}}