{"id":6353,"date":"2017-01-17T23:34:23","date_gmt":"2017-01-17T22:34:23","guid":{"rendered":"http:\/\/www.aufildutheatre.com\/new\/?page_id=6353"},"modified":"2023-12-12T09:31:49","modified_gmt":"2023-12-12T08:31:49","slug":"urrezko-liburua-pum-kuboa","status":"publish","type":"page","link":"https:\/\/www.aufildutheatre.com\/?page_id=6353","title":{"rendered":"Urrezko liburua PUM KUBOA"},"content":{"rendered":"<p><a href=\"http:\/\/www.aufildutheatre.com\/new\/?attachment_id=2033\" rel=\"attachment wp-att-2033\"><img loading=\"lazy\" class=\"aligncenter size-medium wp-image-2033\" title=\"livre or et rouge\" src=\"http:\/\/www.aufildutheatre.com\/new\/wp-content\/uploads\/2010\/03\/livre-or-et-rougeleger.jpg?w=400\" alt=\"\" width=\"400\" height=\"289\"><\/a><\/p>\n<p><span style=\"color: #ff9900;\"><span style=\"color: #e82560;\">&nbsp;Pum kubo irringarri ta misteriosa ! Segi Hola Ainez ! Haurrei irria eta kuriositatea sortzen. <span style=\"color: #99cc00;\">Peio Labeyerie<\/span><br \/>\n<\/span><\/span><\/p>\n<p><span style=\"color: #ebc450;\">Un grand merci pour ce beau spectacle o\u00f9 petits et grands rentrent dans l&rsquo;imaginaire. Bravo ! <\/span><span style=\"color: #99cc00;\">Clarisse Cr\u00e8che les petits pois sont rouges D\u00e9c 23<\/span><\/p>\n<p><a href=\"https:\/\/www.aufildutheatre.com\/wp-content\/uploads\/2018\/11\/P1010639-1.jpg\"><img loading=\"lazy\" class=\"wp-image-6760 alignleft\" src=\"https:\/\/www.aufildutheatre.com\/wp-content\/uploads\/2018\/11\/P1010639-1-300x200.jpg\" alt=\"\" width=\"107\" height=\"71\" srcset=\"https:\/\/www.aufildutheatre.com\/wp-content\/uploads\/2018\/11\/P1010639-1-300x200.jpg 300w, https:\/\/www.aufildutheatre.com\/wp-content\/uploads\/2018\/11\/P1010639-1-768x513.jpg 768w, https:\/\/www.aufildutheatre.com\/wp-content\/uploads\/2018\/11\/P1010639-1-1024x683.jpg 1024w\" sizes=\"(max-width: 107px) 100vw, 107px\" \/><\/a><span style=\"color: #33cccc;\">Comme toujours,&nbsp; beti bezala, un franc succes aupr\u00e9s des enfants et des familles !&nbsp; Un moment partag\u00e9 rempli d&rsquo;\u00e9motions de couleurs et de musique. Milesker bero bero bat momentu goxo hori partekatzea gatik.&nbsp; Muxu handi bat. Milesker handi bat pour ces supers s\u00e9ances pr\u00e9sent\u00e9es en fran\u00e7ais puis en bilingue basque francais pour le plaisir de tous.<\/span> <span style=\"color: #ffcc00;\">Kokoon taldea oct 2022<\/span><\/p>\n<p><span style=\"color: #279668;\">Tr\u00e8s beau moment d&rsquo;\u00e9changes et d&rsquo;inter actions. le spectacle en bilingue basque\/fran\u00e7ais a permit \u00e0 toute la <a href=\"https:\/\/www.aufildutheatre.com\/wp-content\/uploads\/2022\/09\/poum-NB-logoanis-copie.jpg\"><img loading=\"lazy\" class=\"wp-image-7628 alignright\" src=\"https:\/\/www.aufildutheatre.com\/wp-content\/uploads\/2022\/09\/poum-NB-logoanis-copie-292x300.jpg\" alt=\"\" width=\"92\" height=\"95\" srcset=\"https:\/\/www.aufildutheatre.com\/wp-content\/uploads\/2022\/09\/poum-NB-logoanis-copie-292x300.jpg 292w, https:\/\/www.aufildutheatre.com\/wp-content\/uploads\/2022\/09\/poum-NB-logoanis-copie-997x1024.jpg 997w, https:\/\/www.aufildutheatre.com\/wp-content\/uploads\/2022\/09\/poum-NB-logoanis-copie-768x789.jpg 768w, https:\/\/www.aufildutheatre.com\/wp-content\/uploads\/2022\/09\/poum-NB-logoanis-copie.jpg 1417w\" sizes=\"(max-width: 92px) 100vw, 92px\" \/><\/a>cr\u00e8che de se retrouver autour de PUM KUBOA !&nbsp; <span style=\"color: #ff9900;\">Maitetxoak sempereko haurtzaindegi<\/span><\/span><span style=\"color: #ff9900;\">a D\u00e9c 2022<\/span><\/p>\n<p><span style=\"color: #ff9900;\"><span style=\"color: #e82560;\">Txalo Bravo! pour ce spectacle tr\u00e9s adapt\u00e9 \u00e0 un jeune public ! merci d&rsquo;avoir laiss\u00e9 les enfants d\u00e9couvrir et jouer avec votre mat\u00e9riel de sc\u00e8ne. Un tr\u00e9s bon moment Milesker denen partez !<\/span> <span style=\"color: #ff99cc;\">Ecole maternelle de Macaye (64) 2018<\/span><br \/>\n<\/span><\/p>\n<p><span style=\"color: #ff9900;\">Soinu goixo, koloro goxo, hunkimen frango, ritmo ta soinu eta aktorearen umore ona, Dena bat&#8230; gure zorionarendako. Milesker PUM !<\/span> <span style=\"color: #e63079;\">Ostibarreko ikastola Martta.<\/span><\/p>\n<p><span style=\"color: #99cc00;\">Egun on Pum! maitagarria, ikustekoa, hunkigarria, segi aurrera !! Oren batez berriz itzuli gira gure haur denbora rat. milesker handi bat eta mila musu.<\/span> <span style=\"color: #00ccff;\">Ttipientzat halte Garderie itin\u00e9rante. Iholdy<\/span><\/p>\n<p><span style=\"color: #ffcc00;\">Milesker ainitz ikusgarri onentzat ! ! biba Zu! biziki polita zen, baita ere irringarria segi hola.<\/span> <span style=\"color: #ff6600;\">Ametz ikastola hiriburun<\/span><\/p>\n<p><span style=\"color: #a20fd4;\">Ikusgarri eder bat, irringarria, poesiaz betea. Zure herria zinez polita da ttipientzat eta handientzat bezala. milesker.<\/span> <span style=\"color: #0000ff;\">Evariste Gallois Angelu<\/span><\/p>\n<p><span style=\"color: #ff99cc;\">Momentu biziki goxo bat pasa dugu. Gora zu, zure irudimena biziki ederra da. Haurrei arrunt egokia (eta guri ere) Milesker !<\/span> <span style=\"color: #ff00ff;\">Ohakoa koak Miarritze<\/span><\/p>\n<p><span style=\"color: #119e0d;\">Goxat\u00fc gira denak. Zinez ttipien egokitua zen parte harzen ahal zutelako eta beit zen l\u00fczeegia. Biziki ontsa zen. <a href=\"https:\/\/www.aufildutheatre.com\/wp-content\/uploads\/2018\/11\/STA77985.jpg\"><img loading=\"lazy\" class=\"wp-image-6866 alignright\" src=\"https:\/\/www.aufildutheatre.com\/wp-content\/uploads\/2018\/11\/STA77985-218x300.jpg\" alt=\"\" width=\"111\" height=\"152\" srcset=\"https:\/\/www.aufildutheatre.com\/wp-content\/uploads\/2018\/11\/STA77985-218x300.jpg 218w, https:\/\/www.aufildutheatre.com\/wp-content\/uploads\/2018\/11\/STA77985-768x1057.jpg 768w, https:\/\/www.aufildutheatre.com\/wp-content\/uploads\/2018\/11\/STA77985-744x1024.jpg 744w, https:\/\/www.aufildutheatre.com\/wp-content\/uploads\/2018\/11\/STA77985.jpg 1124w\" sizes=\"(max-width: 111px) 100vw, 111px\" \/><\/a>Milesker !<\/span> <span style=\"color: #99cc00;\">Eperra Ikastola Soh\u00fcta<\/span><\/p>\n<p><span style=\"color: #ffcc00;\">Pum kuboa oihana Ikastolan ikusi dugu goizian. Biziki polita, koloretsua, ixtorio hari sinplea&#8230;arras egokia ttipiendako. Bada ikusteko, entzuteko, hunkitzeko, dantzatzeko, parte hartzeko&#8230; Irudimena martxan da osoki&#8230; ZER aterako ote da kubo hortatik?&nbsp; Milesker handi bat Ainez. Ttippi eta ertainen anderenoak. <span style=\"color: #ff6600;\">Oihana Ikastola Baiona<\/span><\/span><\/p>\n<p><span style=\"color: #3366ff;\">Ikuzkizun pollit horiekin, egun gozo bat pasatu dugu. <\/span><span style=\"color: #67d0eb;\"><span style=\"color: #3366ff;\">Milesker !<\/span> Akelarren partez txotxongiloko festibala Endaia<\/span><\/p>\n<p><span style=\"color: #e8318f;\"><span style=\"color: #b431e8;\">Ikusgarria aipatugenien haurrei. Bainan askoz gehiago da ! Zentzumen guzientzat egian da. Haurrak aktiboak <a href=\"https:\/\/www.aufildutheatre.com\/wp-content\/uploads\/2018\/11\/P1000828.jpg\"><img loading=\"lazy\" class=\"wp-image-6862 alignleft\" src=\"https:\/\/www.aufildutheatre.com\/wp-content\/uploads\/2018\/11\/P1000828-300x217.jpg\" alt=\"\" width=\"158\" height=\"114\" srcset=\"https:\/\/www.aufildutheatre.com\/wp-content\/uploads\/2018\/11\/P1000828-300x217.jpg 300w, https:\/\/www.aufildutheatre.com\/wp-content\/uploads\/2018\/11\/P1000828-768x555.jpg 768w, https:\/\/www.aufildutheatre.com\/wp-content\/uploads\/2018\/11\/P1000828-1024x740.jpg 1024w\" sizes=\"(max-width: 158px) 100vw, 158px\" \/><\/a>dira loreatzen dira. Milesker Ainez eta agian Pum kuboaren abentura berriak izango dituzu egun batez eskaintzeko. betse aldi bat arte<\/span>.<\/span>&nbsp; <span style=\"color: #00ccff;\">Ustaritzeko ikastolako eralasle eta ikasleen inguruan. Pantxin<\/span><\/p>\n<p><span style=\"color: #6ce075;\">Ainitz koloreetako ikusgarri magiko haur ttipi eta handien arreta izan du eta benetan liluraturik egon dira. Millesker eta laster arte beste saio edre bat eskaintzen ditugun Biba zu Aines!<\/span> <span style=\"color: #339966;\">Ametza ikastola Irriburu<br \/>\n<\/span><\/p>\n<p><span style=\"color: #3366ff;\">Ikusgarri goxo eta animatua. Idei politak, irudimena. Milesker, arratsalde goxo bat pasatu dugu.<\/span> <span style=\"color: #24cfed;\">Kristina Itsas argi ikastoal Miarritze.<\/span><\/p>\n<p><span style=\"color: #ff6600;\">Pum Kuboa, ikuskizun miragarri bat da. Egokia da haur ttipinentzat. parte hartzen dute eta deskubritzen dute zer den, ikuskizun bat beren kodigoekin. Txalo bero bat.<\/span> <span style=\"color: #ffcc00;\">Gilles Rivi\u00e8re Mediath\u00e8que Baiona.<\/span><\/p>\n<p><span style=\"color: #eb6ec9;\">Milesker handi bat PUM KUBOA ikusgarriarentzat. Momentu goxo bat pasatu dugu. Haurren aurpegiak argitu dira, irri politak plazer bat, Zinez ! Noiz ateratzen da hurrengo ikusgarria??? MILESKER ! <span style=\"color: #800080;\">Ohakoa Haurtzaindegia Miarritze<\/span><\/span><\/p>\n<p><span style=\"color: #ff9900;\">Milesker PUM KUBOAri momentu irritsu hori proposatzeagatik. ikasleak loriatu dira entzuten, ikusten, <a href=\"https:\/\/www.aufildutheatre.com\/wp-content\/uploads\/2018\/11\/P1000836.jpg\"><img loading=\"lazy\" class=\"wp-image-6863 alignright\" src=\"https:\/\/www.aufildutheatre.com\/wp-content\/uploads\/2018\/11\/P1000836-300x225.jpg\" alt=\"\" width=\"123\" height=\"92\" srcset=\"https:\/\/www.aufildutheatre.com\/wp-content\/uploads\/2018\/11\/P1000836-300x225.jpg 300w, https:\/\/www.aufildutheatre.com\/wp-content\/uploads\/2018\/11\/P1000836-768x576.jpg 768w, https:\/\/www.aufildutheatre.com\/wp-content\/uploads\/2018\/11\/P1000836-1024x768.jpg 1024w\" sizes=\"(max-width: 123px) 100vw, 123px\" \/><\/a>hunkitzen eta mugitzen. Milesker !<\/span> <span style=\"color: #ff6600;\">Jules ferry Ama eskolako ikasle eta irakasleak<\/span><\/p>\n<p><span style=\"color: #ffcc00;\">Milesker ainitz Ainez, joko horentzat, haurrek biziki maitatu dute , ongi jolastu dira eta momentu biziki goxoa pasatu dute ( guk ere !) Joko desberdinak izanik, biziki interesgarria zen haurrentzat! Mileskzr ainitz ! Ikus arte !<\/span> <span style=\"color: #ff6600;\">Urraska haurtzaindegia jatsu. <\/span><\/p>\n<p><span style=\"color: #ff9900;\"><span style=\"color: #33cccc;\">Eskerrik anitz ikusgarrientzat. Momentu goxo bat basatu dugu Xiberuan Pum Kuboarekin !! C&rsquo;\u00e9tait dr\u00f4le ! Surprennant. Les enfants de nos cr\u00e8che ont \u00e9t\u00e9 captiv\u00e9s ! Segi zazu hola Ainez !&nbsp;<\/span>&nbsp; <span style=\"color: #ed8f51;\">Evelyne des Cr\u00e8ches Talika Maule et Aloze Xiberuan <\/span><\/span><br \/>\n<span style=\"color: #ff9900;\"><a style=\"color: #ff9900;\" href=\"http:\/\/www.aufildutheatre.com\/new\/?attachment_id=2281\" rel=\"attachment wp-att-2281\"><img loading=\"lazy\" class=\"aligncenter size-medium wp-image-2281\" style=\"clear: both;\" title=\"tete de piafs copie\" src=\"http:\/\/www.aufildutheatre.com\/new\/wp-content\/uploads\/2010\/02\/tete-de-piafs-copie.jpg?w=233\" alt=\"\" width=\"101\" height=\"128\"><\/a><br \/>\n<\/span><\/p>\n<div style=\"position: relative; left: 10em;\">\n<p><strong><a href=\"http:\/\/harpie64.files.wordpress.com\/2010\/01\/recto-copie1.jpg\"><img loading=\"lazy\" class=\"alignleft size-thumbnail wp-image-1418\" title=\"poum le cube orange\" src=\"http:\/\/harpie64.files.wordpress.com\/2010\/01\/recto-copie1.jpg?w=150\" alt=\"\" width=\"100\" height=\"100\"><\/a>&nbsp;&nbsp;&nbsp;&nbsp;<\/strong><\/p>\n<ul style=\"position: absolute; font-size: 1.3em; top: 0px; left: 9em; margin: 0px; padding: 0px;\">\n<li><a href=\"https:\/\/www.aufildutheatre.com\/?page_id=6353\"><span style=\"text-decoration: underline;\"><span style=\"color: #1a4be4; text-decoration: underline;\">Urrezko Liburua<\/span><\/span><\/a><\/li>\n<li><a href=\"https:\/\/www.aufildutheatre.com\/?page_id=2519\" target=\"_self\" rel=\"noopener noreferrer\"><span style=\"text-decoration: underline;\"><span style=\"color: #1a4be4; text-decoration: underline;\">Baldintza Teknikoak<\/span><\/span><\/a><\/li>\n<li><a href=\"https:\/\/www.aufildutheatre.com\/?page_id=2542\" target=\"_self\" rel=\"noopener noreferrer\"><span style=\"text-decoration: underline;\"><span style=\"color: #1a4be4; text-decoration: underline;\">Prezioak<\/span><\/span><\/a><\/li>\n<li><a href=\"https:\/\/www.aufildutheatre.com\/?page_id=1764\" target=\"_self\" rel=\"noopener noreferrer\"><span style=\"text-decoration: underline;\"><span style=\"color: #1a4be4; text-decoration: underline;\">Argazkiak <\/span><\/span><\/a><\/li>\n<\/ul>\n<p>&nbsp;<\/p>\n<\/div>\n<p>&nbsp;<\/p>\n","protected":false},"excerpt":{"rendered":"<p>&nbsp;Pum kubo irringarri ta misteriosa ! Segi Hola Ainez ! Haurrei irria eta kuriositatea sortzen. Peio Labeyerie Un grand merci pour ce beau spectacle o\u00f9 petits et grands rentrent dans l&rsquo;imaginaire. Bravo ! Clarisse Cr\u00e8che les petits pois sont rouges<\/p>\n","protected":false},"author":1,"featured_media":0,"parent":139,"menu_order":0,"comment_status":"closed","ping_status":"closed","template":"","meta":{"ngg_post_thumbnail":0},"_links":{"self":[{"href":"https:\/\/www.aufildutheatre.com\/index.php?rest_route=\/wp\/v2\/pages\/6353"}],"collection":[{"href":"https:\/\/www.aufildutheatre.com\/index.php?rest_route=\/wp\/v2\/pages"}],"about":[{"href":"https:\/\/www.aufildutheatre.com\/index.php?rest_route=\/wp\/v2\/types\/page"}],"author":[{"embeddable":true,"href":"https:\/\/www.aufildutheatre.com\/index.php?rest_route=\/wp\/v2\/users\/1"}],"replies":[{"embeddable":true,"href":"https:\/\/www.aufildutheatre.com\/index.php?rest_route=%2Fwp%2Fv2%2Fcomments&post=6353"}],"version-history":[{"count":10,"href":"https:\/\/www.aufildutheatre.com\/index.php?rest_route=\/wp\/v2\/pages\/6353\/revisions"}],"predecessor-version":[{"id":8298,"href":"https:\/\/www.aufildutheatre.com\/index.php?rest_route=\/wp\/v2\/pages\/6353\/revisions\/8298"}],"up":[{"embeddable":true,"href":"https:\/\/www.aufildutheatre.com\/index.php?rest_route=\/wp\/v2\/pages\/139"}],"wp:attachment":[{"href":"https:\/\/www.aufildutheatre.com\/index.php?rest_route=%2Fwp%2Fv2%2Fmedia&parent=6353"}],"curies":[{"name":"wp","href":"https:\/\/api.w.org\/{rel}","templated":true}]}}