{"id":525,"date":"2010-02-03T22:00:32","date_gmt":"2010-02-03T09:00:32","guid":{"rendered":"http:\/\/harpie64.wordpress.com\/zoe-jongle-avec-les-mots\/"},"modified":"2022-11-01T17:07:02","modified_gmt":"2022-11-01T16:07:02","slug":"zoe-jongle-avec-les-mots","status":"publish","type":"page","link":"https:\/\/www.aufildutheatre.com\/?page_id=525","title":{"rendered":"ZOE JONGLE AVEC LES MOTS"},"content":{"rendered":"<div style=\"background-image: url('http:\/\/www.aufildutheatre.com\/new\/wp-content\/uploads\/2012\/04\/kraftbleugris-copie.jpg'); width: 94%; background-repeat: repeat; margin-left: auto; margin-right: auto; padding: 0.5em 1em 1em;\">\n<p><a href=\"http:\/\/harpie64.files.wordpress.com\/2010\/02\/1ere-zoe-vero-robe.jpg\"><img loading=\"lazy\" class=\"aligncenter size-medium wp-image-3140\" title=\"1ere zo\u00e9 vero robe\" src=\"http:\/\/www.aufildutheatre.com\/new\/wp-content\/uploads\/2010\/03\/1ere-zoe-vero-robe.jpg?w=298\" alt=\"\" width=\"298\" height=\"300\" srcset=\"https:\/\/www.aufildutheatre.com\/wp-content\/uploads\/2010\/03\/1ere-zoe-vero-robe.jpg 615w, https:\/\/www.aufildutheatre.com\/wp-content\/uploads\/2010\/03\/1ere-zoe-vero-robe-150x150.jpg 150w, https:\/\/www.aufildutheatre.com\/wp-content\/uploads\/2010\/03\/1ere-zoe-vero-robe-298x300.jpg 298w\" sizes=\"(max-width: 298px) 100vw, 298px\" \/><\/a><\/p>\n<h3 style=\"text-align: center; margin-bottom: 0px;\"><span style=\"color: #c23079; font-size: 1.3em;\"><strong>ZOE JONGLE AVEC LES MOTS<br \/>\n<\/strong><\/span><\/h3>\n<h4 style=\"text-align: center; margin-top: 0.5em; font-size: 1.1em;\"><span style=\"color: #c23079;\"><strong>Un spectacle de marionnettes pour enfants de 3 \u00e0 11 ans<\/strong><\/span><\/h4>\n<p style=\"text-align: center;\"><span style=\"font-size: 18pt; color: #ed74cf;\"><strong><span style=\"color: #ffff00;\">D\u00e9sol\u00e9 ! Actuellement cette version n&rsquo;est plus disponible.<\/span> <\/strong><\/span><\/p>\n<h4 style=\"margin-bottom: 15px; margin-top: 3em; margin-right: 1em; font-size: 1.1em;\"><span style=\"color: #5c1e6b;\"><strong>En jouant avec toutes sortes d&rsquo;objets <a href=\"http:\/\/www.aufildutheatre.com\/new\/?attachment_id=2350\" rel=\"attachment wp-att-2350\"><img loading=\"lazy\" class=\"alignright size-thumbnail wp-image-2350\" style=\"margin-right: 0px; padding-right: 0px;\" title=\"contourzo\u00e9 noir\" src=\"http:\/\/www.aufildutheatre.com\/new\/wp-content\/uploads\/2010\/02\/contourzoe-noir.jpg?w=158\" alt=\"\" width=\"158\" height=\"150\" srcset=\"https:\/\/www.aufildutheatre.com\/wp-content\/uploads\/2010\/02\/contourzoe-noir.jpg 404w, https:\/\/www.aufildutheatre.com\/wp-content\/uploads\/2010\/02\/contourzoe-noir-300x283.jpg 300w\" sizes=\"(max-width: 158px) 100vw, 158px\" \/><\/a> et de marionnettes tr\u00e8s grandes ou minuscules, Zo\u00e9, une petite fille d\u00e9bordante d&rsquo;humour et d&rsquo;imaginaire, nous montre que l&rsquo;on peut tr\u00e8s bien apprendre sa le\u00e7on de grammaire en s&rsquo;amusant.<\/strong>&nbsp;<\/span><\/h4>\n<h4 style=\"color: #ce232b; margin-top: 2em; margin-bottom: 1em; text-align: left; font-size: 1.1em;\"><span style=\"color: #c23079;\"><strong>A ce sujet, la journaliste Micheline Jean Jean de la D\u00e9p\u00eache du Midi <\/strong><strong>a \u00e9crit:<em>\u00a0\u00bb &#8230; Une le\u00e7on d&rsquo;orthographe aussi rigolote devrait s&rsquo;inscrire dans les programmes scolaires agr\u00e9\u00e9s par le Minist\u00e8re de l&rsquo;Education Nationale.\u00a0\u00bb<\/em><\/strong><\/span><\/h4>\n<p style=\"margin-top: 1em; margin-bottom: 0px; padding-bottom: 0px; text-align: center; font-size: 1.1em;\">&nbsp;<strong><img loading=\"lazy\" class=\"aligncenter size-medium wp-image-3896\" style=\"margin-bottom: 0px; padding-bottom: 0px;\" title=\"03kalou-et-genou\" src=\"http:\/\/www.aufildutheatre.com\/new\/wp-content\/uploads\/2010\/03\/03kalou-et-genou.jpg?w=280\" alt=\"\" width=\"280\" height=\"280\"><br \/>\n<span style=\"color: #281cbd;\"><strong>&nbsp;Kalou la souris et ses recettes de genou<\/strong><\/span><\/strong><\/p>\n<p><a href=\"http:\/\/harpie64.files.wordpress.com\/2010\/02\/06hibou-et-saturnin3.jpg\"><img loading=\"lazy\" class=\"alignleft size-thumbnail wp-image-3898\" title=\"06Hibou et saturnin\" src=\"http:\/\/www.aufildutheatre.com\/new\/wp-content\/uploads\/2010\/03\/06hibou-et-saturnin1.jpg?w=189\" alt=\"\" width=\"189\" height=\"127\"><\/a><\/p>\n<p><span style=\"color: #0000ee; text-decoration: underline;\">&nbsp;<\/span><\/p>\n<h4 style=\"color: #ffcc00; font-size: 1.1em;\"><strong>Apr\u00e8s une partie de p\u00e9tanque, Saturnin le canard tourne la page &#8230;<\/strong><\/h4>\n<p style=\"text-align: right;\"><img loading=\"lazy\" class=\"alignright size-thumbnail wp-image-3899\" title=\"08Clown entier\" src=\"http:\/\/www.aufildutheatre.com\/new\/wp-content\/uploads\/2010\/03\/08clown-entier1.jpg?w=98\" alt=\"\" width=\"98\" height=\"200\"><\/p>\n<h3 style=\"margin-left: 5em; margin-top: 2em; font-size: 1.1em;\"><span style=\"color: #c23079;\"><strong>Mais &#8230;&nbsp;Que fait ce GRAND clown<br \/>\ndans le r\u00eave de ZOE ?&nbsp;<\/strong><\/span><\/h3>\n<p style=\"text-align: right; margin-bottom: 6em;\"><strong>&nbsp;<\/strong><\/p>\n<p><a href=\"http:\/\/harpie64.files.wordpress.com\/2010\/02\/11papoum.jpg\"><img loading=\"lazy\" class=\"aligncenter size-medium wp-image-3900\" title=\"11Papoum\" src=\"http:\/\/www.aufildutheatre.com\/new\/wp-content\/uploads\/2010\/02\/papoum-fev10.jpg?w=399\" alt=\"\" width=\"320\" height=\"240\"><\/a><\/p>\n<p style=\"margin-left: 5em; margin-top: 0px; padding-top: 0px; margin-right: 5em; font-size: 1.1em; color: #281cbd;\"><strong>Peut \u00eatre que Papoum l&rsquo;\u00e9l\u00e9phant, apr\u00e8s avoir mang\u00e9 la page du chou, nous le dira?<\/strong><\/p>\n<p><span style=\"color: #c0c23c;\"><strong><a href=\"http:\/\/harpie64.files.wordpress.com\/2010\/02\/05-hibou1.jpg\"><img loading=\"lazy\" class=\"aligncenter size-thumbnail wp-image-3903\" title=\" le hibou\" src=\"http:\/\/www.aufildutheatre.com\/new\/wp-content\/uploads\/2010\/03\/05-hibou.jpg?w=190\" alt=\"\" width=\"190\" height=\"143\"><\/a><\/strong><\/span><\/p>\n<p style=\"margin-left: 8em; font-size: 1.1em;\"><span style=\"color: #c23079;\"><strong>M hibou n&rsquo;a pas dit son dernier mot&#8230; Moncheum !<\/strong><\/span><\/p>\n<p><a href=\"http:\/\/harpie64.files.wordpress.com\/2010\/02\/12-zoe-halo-nb3.jpg\"><img loading=\"lazy\" class=\"size-medium wp-image-3905\" title=\"Zo\u00e9 halo NB\" src=\"http:\/\/www.aufildutheatre.com\/new\/wp-content\/uploads\/2010\/02\/zoe-halo-nb.jpg?w=198\" alt=\"\" width=\"150\" height=\"225\"><\/a> <span style=\"font-size: 10pt; color: #333333;\">J&rsquo;ai appris ma le\u00e7on en m&rsquo;amusant&#8230; Partons vers d&rsquo;autres aventures !<\/span><\/p>\n<div><a href=\"http:\/\/harpie64.files.wordpress.com\/2010\/02\/affich-zoecolorisee3.jpg\"><img loading=\"lazy\" class=\"size-thumbnail wp-image-2492\" style=\"position: absolute; top: 0px; left: 4em;\" title=\"affich zoecoloris\u00e9e\" src=\"http:\/\/harpie64.files.wordpress.com\/2010\/02\/affich-zoecolorisee3.jpg?w=98\" alt=\"\" width=\"98\" height=\"150\" srcset=\"https:\/\/www.aufildutheatre.com\/wp-content\/uploads\/2010\/02\/affich-zoecolorisee3.jpg 1006w, https:\/\/www.aufildutheatre.com\/wp-content\/uploads\/2010\/02\/affich-zoecolorisee3-197x300.jpg 197w, https:\/\/www.aufildutheatre.com\/wp-content\/uploads\/2010\/02\/affich-zoecolorisee3-674x1024.jpg 674w\" sizes=\"(max-width: 98px) 100vw, 98px\" \/><\/a><\/div>\n<ul>\n<li style=\"list-style-type: none;\">\n<ul>\n<li><a href=\"http:\/\/www.aufildutheatre.com\/?page_id=1804\" target=\"_self\" rel=\"noopener\">Le livre d&rsquo;or du spectacle<\/a><\/li>\n<li><a href=\"http:\/\/www.aufildutheatre.com\/?page_id=1793\" target=\"_self\" rel=\"noopener\">Les conditions techniques <\/a><\/li>\n<li><a href=\"http:\/\/www.aufildutheatre.com\/?page_id=2705\" target=\"_self\" rel=\"noopener\">Les tarifs <\/a><\/li>\n<li><a href=\"http:\/\/www.aufildutheatre.com\/?page_id=1767\" target=\"_self\" rel=\"noopener\">Plus de photos ? <\/a><\/li>\n<\/ul>\n<\/li>\n<\/ul>\n<p><strong><strong>&nbsp;<\/strong><br \/>\n<\/strong><\/p>\n<\/div>\n","protected":false},"excerpt":{"rendered":"<p>ZOE JONGLE AVEC LES MOTS Un spectacle de marionnettes pour enfants de 3 \u00e0 11 ans D\u00e9sol\u00e9 ! Actuellement cette version n&rsquo;est plus disponible. En jouant avec toutes sortes d&rsquo;objets et de marionnettes tr\u00e8s grandes ou minuscules, Zo\u00e9, une petite<\/p>\n","protected":false},"author":2,"featured_media":0,"parent":0,"menu_order":4,"comment_status":"closed","ping_status":"closed","template":"","meta":{"ngg_post_thumbnail":0},"_links":{"self":[{"href":"https:\/\/www.aufildutheatre.com\/index.php?rest_route=\/wp\/v2\/pages\/525"}],"collection":[{"href":"https:\/\/www.aufildutheatre.com\/index.php?rest_route=\/wp\/v2\/pages"}],"about":[{"href":"https:\/\/www.aufildutheatre.com\/index.php?rest_route=\/wp\/v2\/types\/page"}],"author":[{"embeddable":true,"href":"https:\/\/www.aufildutheatre.com\/index.php?rest_route=\/wp\/v2\/users\/2"}],"replies":[{"embeddable":true,"href":"https:\/\/www.aufildutheatre.com\/index.php?rest_route=%2Fwp%2Fv2%2Fcomments&post=525"}],"version-history":[{"count":2,"href":"https:\/\/www.aufildutheatre.com\/index.php?rest_route=\/wp\/v2\/pages\/525\/revisions"}],"predecessor-version":[{"id":7928,"href":"https:\/\/www.aufildutheatre.com\/index.php?rest_route=\/wp\/v2\/pages\/525\/revisions\/7928"}],"wp:attachment":[{"href":"https:\/\/www.aufildutheatre.com\/index.php?rest_route=%2Fwp%2Fv2%2Fmedia&parent=525"}],"curies":[{"name":"wp","href":"https:\/\/api.w.org\/{rel}","templated":true}]}}