{"id":4676,"date":"2011-04-02T16:15:00","date_gmt":"2011-04-02T15:15:00","guid":{"rendered":"http:\/\/www.aufildutheatre.com\/new\/?page_id=4676"},"modified":"2024-03-26T09:36:37","modified_gmt":"2024-03-26T08:36:37","slug":"amstramgramen-urresko-liburua","status":"publish","type":"page","link":"https:\/\/www.aufildutheatre.com\/?page_id=4676","title":{"rendered":"AM STRAM GRAM Urresko liburua"},"content":{"rendered":"<h2>URRESKO liburua:<a href=\"http:\/\/www.aufildutheatre.com\/new\/wp-content\/uploads\/2011\/04\/carr\u00e9-oiseau.jpg\"><img loading=\"lazy\" class=\"alignleft size-thumbnail wp-image-4738\" title=\"carr\u00e9 oiseau\" src=\"http:\/\/www.aufildutheatre.com\/new\/wp-content\/uploads\/2011\/04\/carr\u00e9-oiseau-150x150.jpg\" alt=\"\" width=\"150\" height=\"150\"><\/a><\/h2>\n<h4><span style=\"font-size: 12pt;\"><span style=\"color: #ff6600; font-weight: normal;\">E<\/span><span style=\"color: #ff6600; font-weight: normal;\">sker mila ikusgarri biziki horrentako. Hannitx baziren ere, ari arazi d\u00fct\u00fcz\u00fc eijerki. Untsa jarraik ezaz\u00fc. <\/span><\/span><span style=\"font-size: 12pt;\"><span style=\"color: #ff6600;\"><span style=\"font-weight: normal;\">Berriz eskerrik hanitx<\/span>.<\/span> <span style=\"color: #99ccff; font-size: 10pt;\">Arno Evariste Gallois Ama eskola ANGELUN<\/span><\/span><\/h4>\n<p><span style=\"font-size: 10pt;\"><span style=\"color: #ffcc00; font-size: 12pt;\">I<\/span><span style=\"color: #ffcc00;\"><span style=\"font-size: 12pt;\">kusgarri koloretsu, goxo eta animatua. Idei politak, irudimena. Milesker ! Arratsalde goxo goxo bat pasatu dugu.<\/span> <span style=\"color: #99ccff; font-size: 12pt;\">Itsas Argi Ikastola.&nbsp;Miarritze<\/span><\/span><\/span><\/p>\n<div><span style=\"color: #339966;\">Eskerrik asko! Zure jatorrizko antzara-jolasarekin, haurrek eta gurasoek une dibertigarriak partekatu ahal izan zituzten, non irudimena sarritan eskatzen baitzen Adb:&nbsp; kolore anitzeko freskoa argitaratzeko. Bertsoek asmatu egin zuten, baina baita helbide-jokoak ere, hala nola ondo apuntatzea kuboak kutxara itzultzeko&#8230; Ikuskizun ludikoa, txiki eta handi guztiek oso maitatu dute.<\/span> <span style=\"color: #ff9900;\">Peio Guraso bat Vol&rsquo;Arte gelatik<\/span><\/div>\n<div>\n<p><span style=\"color: #e6772e;\">Ideia ona, bada, kooperatibako antzara-jokoaren zati bat eskaintzeko, non helburua ez baita irabaztea, baizik eta laukietan aurkitutako objektuekin, txotxongiloekin, dibertitzea. Haurrek jokoa hartu eta sormena ere erakutsi zuten. Ideia ona da, halaber, haurrei galdetzea ea beste taldea probara gonbidatu nahi zuten.<\/span> <span style=\"color: #de5b5b;\">Garaziko eskola <\/span><\/p>\n<div><span style=\"color: #bdd47b;\">Biba zu Aines ! Haur guziak biziki kontent ziren! Bai Bi klaseetako haur guztiek ondo hartu dute parte, eta harrigarria dena, behingoz, pazientzia izan dute jolasteko txandaren zain egoteko. Maitatuko litzaieke jolasa jokoan zeuden bezain bukatzea. <\/span><span style=\"color: #7b9c1a;\">Makea eskola<\/span><\/div>\n<\/div>\n<div>&nbsp;<\/div>\n<div>&nbsp;<\/div>\n<div>\n<p>&nbsp;<\/p>\n<\/div>\n<p><span style=\"color: #ffcc00;\"><span style=\"color: #99ccff;\"><a href=\"http:\/\/www.aufildutheatre.com\/new\/wp-content\/uploads\/2011\/04\/Sac-toile-oie.jpg\"><img loading=\"lazy\" class=\"aligncenter size-thumbnail wp-image-4736\" title=\"Sac toile oie\" src=\"http:\/\/www.aufildutheatre.com\/new\/wp-content\/uploads\/2011\/04\/Sac-toile-oie-150x150.jpg\" alt=\"\" width=\"150\" height=\"150\"><\/a><br \/>\n<\/span><\/span><\/p>\n<p><span style=\"color: #ffcc00;\"><span style=\"color: #99ccff;\">&nbsp;<\/span><\/span><\/p>\n<div style=\"position: relative; left: 7em; height: 120px;\">\n<p><strong><strong><img loading=\"lazy\" class=\"alignleft size-thumbnail wp-image-3967\" src=\"http:\/\/www.aufildutheatre.com\/new\/wp-content\/uploads\/2010\/03\/tapisdejeucolori\u00e9reduit-150x150.jpg\" alt=\"\" width=\"150\" height=\"150\"><\/strong><\/strong><\/p>\n<ul style=\"font-size: 1.3em; position: absolute; left: 11em; top: 0; padding-top: 0; margin-top: 0;\">\n<li><a href=\"https:\/\/www.aufildutheatre.com\/?page_id=4676\"><span style=\"text-decoration: underline;\"><span style=\"color: #1a4be4;\">Urrezko Liburua<\/span><\/span><\/a><\/li>\n<li><a href=\"https:\/\/www.aufildutheatre.com\/?page_id=2523\" target=\"_self\" rel=\"noopener noreferrer\"><span style=\"text-decoration: underline;\"><span style=\"color: #1a4be4;\">Baldintza Teknikoak<\/span><\/span><\/a><\/li>\n<li><a href=\"https:\/\/www.aufildutheatre.com\/?page_id=7245\" rel=\"noopener noreferrer\"><span style=\"text-decoration: underline;\"><span style=\"color: #1a4be4;\">Prezioak<\/span><\/span><\/a><\/li>\n<li><a href=\"https:\/\/www.aufildutheatre.com\/?page_id=4685\" target=\"_self\" rel=\"noopener noreferrer\"><span style=\"text-decoration: underline;\"><span style=\"color: #1a4be4;\">Argazkiak <\/span><\/span><\/a><\/li>\n<\/ul>\n<\/div>\n","protected":false},"excerpt":{"rendered":"<p>URRESKO liburua: Esker mila ikusgarri biziki horrentako. Hannitx baziren ere, ari arazi d\u00fct\u00fcz\u00fc eijerki. Untsa jarraik ezaz\u00fc. Berriz eskerrik hanitx. Arno Evariste Gallois Ama eskola ANGELUN Ikusgarri koloretsu, goxo eta animatua. Idei politak, irudimena. Milesker ! Arratsalde goxo goxo bat<\/p>\n","protected":false},"author":1,"featured_media":0,"parent":177,"menu_order":0,"comment_status":"closed","ping_status":"closed","template":"","meta":{"ngg_post_thumbnail":0},"_links":{"self":[{"href":"https:\/\/www.aufildutheatre.com\/index.php?rest_route=\/wp\/v2\/pages\/4676"}],"collection":[{"href":"https:\/\/www.aufildutheatre.com\/index.php?rest_route=\/wp\/v2\/pages"}],"about":[{"href":"https:\/\/www.aufildutheatre.com\/index.php?rest_route=\/wp\/v2\/types\/page"}],"author":[{"embeddable":true,"href":"https:\/\/www.aufildutheatre.com\/index.php?rest_route=\/wp\/v2\/users\/1"}],"replies":[{"embeddable":true,"href":"https:\/\/www.aufildutheatre.com\/index.php?rest_route=%2Fwp%2Fv2%2Fcomments&post=4676"}],"version-history":[{"count":16,"href":"https:\/\/www.aufildutheatre.com\/index.php?rest_route=\/wp\/v2\/pages\/4676\/revisions"}],"predecessor-version":[{"id":8346,"href":"https:\/\/www.aufildutheatre.com\/index.php?rest_route=\/wp\/v2\/pages\/4676\/revisions\/8346"}],"up":[{"embeddable":true,"href":"https:\/\/www.aufildutheatre.com\/index.php?rest_route=\/wp\/v2\/pages\/177"}],"wp:attachment":[{"href":"https:\/\/www.aufildutheatre.com\/index.php?rest_route=%2Fwp%2Fv2%2Fmedia&parent=4676"}],"curies":[{"name":"wp","href":"https:\/\/api.w.org\/{rel}","templated":true}]}}