{"id":427,"date":"2010-02-03T03:31:33","date_gmt":"2010-02-02T14:31:33","guid":{"rendered":"http:\/\/harpie64.wordpress.com\/?page_id=427"},"modified":"2025-06-10T12:44:19","modified_gmt":"2025-06-10T11:44:19","slug":"agenda","status":"publish","type":"page","link":"https:\/\/www.aufildutheatre.com\/?page_id=427","title":{"rendered":"AGENDA"},"content":{"rendered":"<p>&nbsp;<\/p>\n<p style=\"text-align: center;\"><span style=\"color: #cfcfa7;\"><span style=\"text-decoration: underline;\"><strong>Quelques dates en dehors du circuit priv\u00e9 de structures petite enfance ou \u00e9cole&#8230;&nbsp;<\/strong><\/span><\/span><\/p>\n<p><span style=\"color: #339966;\">Prochaines dates en 2025<\/span><\/p>\n<p><span style=\"color: #339966;\">. 25 Avril \u00ab\u00a0DANS MON POTAGER IL Y A&#8230;\u00a0\u00bb M\u00e9diath\u00e8que de Tarnos (40)<\/span><\/p>\n<p><span style=\"color: #339966;\">. 18 Mai \u00ab\u00a0DANS MON POTAGER IL Y A &#8230;\u00a0\u00bb(bilingue)&nbsp; Salon du livre \u00e0 Guethary (64)<\/span><\/p>\n<p><span style=\"color: #339966;\">. 15 Juin&nbsp; \u00ab\u00a0DANS MON POTAGER IL Y A&#8230;\u00a0\u00bb&nbsp; Festival Eco pins de Contis (40)<\/span><\/p>\n<p><span style=\"color: #339966;\">24 Mai&nbsp; \u00ab\u00a0AM STRAM GRAM\u00a0\u00bb Pole petite enfance Monfort en Chalosse (40)<\/span><\/p>\n<p><span style=\"color: #339966;\">. 2 Juillet \u00ab\u00a0POUM LE CUBE\u00a0\u00bb&nbsp; M\u00e9diath\u00e8que Labouheyre (40)<\/span><\/p>\n<p><span style=\"color: #339966;\">. 11 Juillet&nbsp; \u00ab\u00a0LA CERISE SUR LE GATEAU\u00a0\u00bb CCAS Mont de Marsan (40)<\/span><\/p>\n<p><span style=\"color: #339966;\">.19 Juillet \u00ab\u00a0BARATZEAN\u00a0\u00bb&nbsp; Cr\u00e8che Iholdy (64)<\/span><\/p>\n<p><span style=\"color: #339966;\">19 D\u00e9cembre \u00ab\u00a0ZOE JOUE AVEC LES OU\u00a0\u00bb Salle Ali\u00e9nor d&rsquo;Aquitaine Blanquefort<\/span><\/p>\n<p style=\"text-align: center;\"><a href=\"http:\/\/www.aufildutheatre.com\/new\/wp-content\/uploads\/2022\/09\/ZoeJoueFR-1-1024x724-1.jpg\"><img loading=\"lazy\" class=\"size-medium wp-image-7656 aligncenter\" src=\"http:\/\/www.aufildutheatre.com\/new\/wp-content\/uploads\/2022\/09\/ZoeJoueFR-1-1024x724-1-300x212.jpg\" alt=\"\" width=\"300\" height=\"212\" srcset=\"https:\/\/www.aufildutheatre.com\/wp-content\/uploads\/2022\/09\/ZoeJoueFR-1-1024x724-1-300x212.jpg 300w, https:\/\/www.aufildutheatre.com\/wp-content\/uploads\/2022\/09\/ZoeJoueFR-1-1024x724-1-768x543.jpg 768w, https:\/\/www.aufildutheatre.com\/wp-content\/uploads\/2022\/09\/ZoeJoueFR-1-1024x724-1.jpg 1024w\" sizes=\"(max-width: 300px) 100vw, 300px\" \/><\/a><\/p>\n<p style=\"text-align: center;\"><span style=\"color: #cfcfa7;\">Quelques dates pass\u00e9es ZOE JOUE AVEC LES OU\/ ZOE SOINUEKIN JOLASEAN<strong><br \/>\n<\/strong><\/span><\/p>\n<p><span style=\"color: #cfcfa7;\">2023 : Festival Petit Bouquinville \u00e0&nbsp; Bayonne.<br \/>\n<\/span><\/p>\n<p><span style=\"color: #cfcfa7;\">2022 : Salle AIEC Cambo les Bains \u00e9coles de la ville<\/span><\/p>\n<p><span style=\"color: #cfcfa7;\">2022 : Festival 1,2,3 pestacle \u00e0 Uzos 64<\/span><\/p>\n<p><span style=\"color: #cfcfa7;\">2021 : Mairie d&rsquo;Ahetze pour l&rsquo;ikastola, le Rm la cr\u00e8che et la maternelle<\/span><\/p>\n<p><span style=\"color: #cfcfa7;\">2019 : Premi\u00e8re en basque Festival de marionnettes \u00e0 Hendaye<\/span><\/p>\n<p style=\"text-align: center;\"><span style=\"color: #cfcfa7;\">&nbsp;<a style=\"color: #cfcfa7;\" href=\"http:\/\/www.aufildutheatre.com\/new\/wp-content\/uploads\/2010\/02\/Poum-recto-jaune4.jpg\"><img loading=\"lazy\" class=\"aligncenter size-thumbnail wp-image-5522\" title=\"Poum recto jaune\" src=\"http:\/\/www.aufildutheatre.com\/new\/wp-content\/uploads\/2010\/02\/Poum-recto-jaune4-150x150.jpg\" alt=\"\" width=\"150\" height=\"150\" srcset=\"https:\/\/www.aufildutheatre.com\/wp-content\/uploads\/2010\/02\/Poum-recto-jaune4-150x150.jpg 150w, https:\/\/www.aufildutheatre.com\/wp-content\/uploads\/2010\/02\/Poum-recto-jaune4-300x300.jpg 300w, https:\/\/www.aufildutheatre.com\/wp-content\/uploads\/2010\/02\/Poum-recto-jaune4.jpg 550w\" sizes=\"(max-width: 150px) 100vw, 150px\" \/><\/a>POUM ! LE CUBE en fran\u00e7ais<\/span><\/p>\n<p><span style=\"color: #cfcfa7;\">2022 Festival 1,2,3 Pestacle \u00e0 Uzos<\/span><\/p>\n<p><span style=\"color: #cfcfa7;\">2022 : Rencontre famille \u00e0 Bidache<\/span><\/p>\n<p><span style=\"color: #cfcfa7;\">2021 : Rencontre Point jeunes \u00e0 Ustaritz<\/span><\/p>\n<p><span style=\"color: #cfcfa7;\">2021 : Arbres de Noel des RAM de Pau<\/span><\/p>\n<p>&nbsp;<\/p>\n<p style=\"text-align: center;\"><span style=\"color: #cfcbbc;\"><a style=\"color: #cfcbbc;\" href=\"http:\/\/www.aufildutheatre.com\/new\/?attachment_id=571\" rel=\"attachment wp-att-571\"><img loading=\"lazy\" class=\"size-thumbnail wp-image-571 aligncenter\" title=\"recto - copie\" src=\"http:\/\/www.aufildutheatre.com\/new\/wp-content\/uploads\/2010\/02\/recto-copie1.jpg?w=150\" alt=\"\" width=\"105\" height=\"105\" srcset=\"https:\/\/www.aufildutheatre.com\/wp-content\/uploads\/2010\/02\/recto-copie1.jpg 408w, https:\/\/www.aufildutheatre.com\/wp-content\/uploads\/2010\/02\/recto-copie1-150x150.jpg 150w, https:\/\/www.aufildutheatre.com\/wp-content\/uploads\/2010\/02\/recto-copie1-300x300.jpg 300w\" sizes=\"(max-width: 105px) 100vw, 105px\" \/><span style=\"text-decoration: underline; color: #cfcfa7;\">PUM KUBOA ! en basque<\/span><\/a><\/span><\/p>\n<p><span style=\"color: #cfcfa7;\">2023&nbsp; Festival Kalakano <\/span><\/p>\n<p><span style=\"color: #cfcfa7;\">2023 : Journ\u00e9e famille MVC Polo Beyris \u00e0 Bayonne<br \/>\n<\/span><\/p>\n<p><span style=\"color: #cfcfa7;\">2022 : Rencontres Familles Mouguerre Cr\u00e8ches Kokoon<\/span><\/p>\n<p style=\"text-align: center;\"><span style=\"color: #cfcbbc;\"><a style=\"color: #cfcbbc;\" href=\"http:\/\/www.aufildutheatre.com\/new\/wp-content\/uploads\/2012\/04\/P1020752-1.jpg\"><img loading=\"lazy\" class=\"aligncenter wp-image-6295\" src=\"http:\/\/www.aufildutheatre.com\/new\/wp-content\/uploads\/2012\/04\/P1020752-1-300x225.jpg\" alt=\"\" width=\"141\" height=\"106\" srcset=\"https:\/\/www.aufildutheatre.com\/wp-content\/uploads\/2012\/04\/P1020752-1-300x225.jpg 300w, https:\/\/www.aufildutheatre.com\/wp-content\/uploads\/2012\/04\/P1020752-1-768x576.jpg 768w, https:\/\/www.aufildutheatre.com\/wp-content\/uploads\/2012\/04\/P1020752-1-1024x768.jpg 1024w\" sizes=\"(max-width: 141px) 100vw, 141px\" \/><\/a><span style=\"color: #cfcfa7;\">AM STRAM GRAM fr ou eusk<br \/>\n<\/span><\/span><\/p>\n<p><span style=\"color: #cfcfa7;\">2022: Uhabia ikastola Bidarte<\/span><\/p>\n<p><span style=\"color: #cfcfa7;\">2021 F\u00eate de Bilbao<\/span><\/p>\n<p><span style=\"color: #cfcfa7;\">2022 Arbre de no\u00ebl Non-sco \u00e0 la salle Vol&rsquo;Arte <\/span><\/p>\n<p><span style=\"color: #cfcfa7;\"> F\u00eate des 15 ans de la cr\u00e8che Ohakoa \u00e0 Biarritz (64)<\/span><\/p>\n","protected":false},"excerpt":{"rendered":"<p>&nbsp; Quelques dates en dehors du circuit priv\u00e9 de structures petite enfance ou \u00e9cole&#8230;&nbsp; Prochaines dates en 2025 . 25 Avril \u00ab\u00a0DANS MON POTAGER IL Y A&#8230;\u00a0\u00bb M\u00e9diath\u00e8que de Tarnos (40) . 18 Mai \u00ab\u00a0DANS MON POTAGER IL Y A<\/p>\n","protected":false},"author":2,"featured_media":0,"parent":0,"menu_order":5,"comment_status":"closed","ping_status":"closed","template":"","meta":{"ngg_post_thumbnail":0},"_links":{"self":[{"href":"https:\/\/www.aufildutheatre.com\/index.php?rest_route=\/wp\/v2\/pages\/427"}],"collection":[{"href":"https:\/\/www.aufildutheatre.com\/index.php?rest_route=\/wp\/v2\/pages"}],"about":[{"href":"https:\/\/www.aufildutheatre.com\/index.php?rest_route=\/wp\/v2\/types\/page"}],"author":[{"embeddable":true,"href":"https:\/\/www.aufildutheatre.com\/index.php?rest_route=\/wp\/v2\/users\/2"}],"replies":[{"embeddable":true,"href":"https:\/\/www.aufildutheatre.com\/index.php?rest_route=%2Fwp%2Fv2%2Fcomments&post=427"}],"version-history":[{"count":15,"href":"https:\/\/www.aufildutheatre.com\/index.php?rest_route=\/wp\/v2\/pages\/427\/revisions"}],"predecessor-version":[{"id":9063,"href":"https:\/\/www.aufildutheatre.com\/index.php?rest_route=\/wp\/v2\/pages\/427\/revisions\/9063"}],"wp:attachment":[{"href":"https:\/\/www.aufildutheatre.com\/index.php?rest_route=%2Fwp%2Fv2%2Fmedia&parent=427"}],"curies":[{"name":"wp","href":"https:\/\/api.w.org\/{rel}","templated":true}]}}