{"id":382,"date":"2010-02-02T20:27:03","date_gmt":"2010-02-02T19:27:03","guid":{"rendered":"http:\/\/harpie64.wordpress.com\/le-livre-dor\/"},"modified":"2024-12-09T18:00:43","modified_gmt":"2024-12-09T17:00:43","slug":"le-livre-dor","status":"publish","type":"page","link":"https:\/\/www.aufildutheatre.com\/?page_id=382","title":{"rendered":"TOUTES NOS CREATIONS"},"content":{"rendered":"<h2 style=\"text-align: justify;\"><span style=\"font-size: 10pt; color: #eb6031;\"><strong><span style=\"color: #eb3163;\">ZOE JONGLE AVEC LES MOTS,<\/span> &nbsp;&nbsp;&nbsp; <span style=\"color: #ffcc00;\">POUM !&nbsp; LE CUBE,<\/span> &nbsp; &nbsp; <span style=\"color: #800080;\">1, 2, 3&nbsp; LAGA BOGA ! &nbsp; <\/span>&nbsp;<\/strong><\/span><span style=\"font-size: 10pt; color: #eb6031;\"><strong><span style=\"color: #ff99cc;\"> ZOE JOUE AVEC LES OU, &nbsp;&nbsp;<\/span> <span style=\"color: #ff6600;\">TACTIC DROLE DE LOUSTIC<\/span>,&nbsp;&nbsp;&nbsp;&nbsp; <span style=\"color: #99cc00;\">TACTIC PART EN VOYAGE,<\/span> &nbsp;&nbsp; &nbsp; <span style=\"color: #339966;\">PUM KUBOA,<\/span> &nbsp; &nbsp; <span style=\"color: #1a88d6;\">A TOI DE&nbsp; JOUER MALOU, &nbsp;&nbsp;&nbsp; <\/span><\/strong><\/span><span style=\"font-size: 10pt; color: #eb6031;\"><strong><span style=\"color: #1a88d6;\"><span style=\"color: #00ccff;\">ZURE TXANDA MALU,&nbsp;&nbsp;&nbsp;&nbsp; <\/span><\/span><\/strong><\/span><span style=\"font-size: 10pt; color: #eb6031;\"><strong><span style=\"color: #e3dc14;\">AM STRAM GRAM, &nbsp; &nbsp; <span style=\"color: #008000;\">LE JOUR DE LA GAZELLE,<\/span>&nbsp;<\/span> &nbsp;&nbsp;&nbsp;&nbsp; &nbsp; <span style=\"color: #d93b3b;\">LA CERISE SUR LE GATEAU,&nbsp;&nbsp; &nbsp; <\/span><span style=\"color: #ba663c;\">BAPO BIZKOTXA,<\/span> &nbsp; &nbsp; &nbsp; &nbsp; <span style=\"color: #cf8415;\"><span style=\"color: #99cc00;\">DANS MON JARDIN IL Y A &#8230; ,<\/span> &nbsp; &nbsp; &nbsp; <span style=\"color: #869e3e;\">BARATZEAN,<\/span>&nbsp;&nbsp;&nbsp;&nbsp;&nbsp;&nbsp;&nbsp; <span style=\"color: #800080;\">DANS MA FERME IL Y A &#8230;,<\/span>&nbsp;&nbsp;&nbsp;&nbsp;&nbsp;&nbsp;&nbsp;&nbsp;&nbsp;&nbsp; <span style=\"color: #7f5996;\">BASERRIAN,<\/span>&nbsp;&nbsp;&nbsp;&nbsp;&nbsp;&nbsp;&nbsp;&nbsp; <span style=\"color: #e07ebe;\">LES TROIS GROS MALINS,<\/span>&nbsp;&nbsp;&nbsp;&nbsp;&nbsp;&nbsp;&nbsp; <span style=\"color: #dea2d9;\">HIRU TXERRI BIHURRITXUAK, <\/span><\/span><\/strong><\/span><\/h2>\n<p>&nbsp;<\/p>\n<p><span style=\"color: #4498ad; font-size: 10pt;\">A venir : HUMEURS VAGABONDES \/ KONTU KONTAZAN,&nbsp; LA PETITE FILLE DANS LA NUIT \/ NESKATILA GAUEAN,&nbsp; LILI LA PETITE SOURIS \/ LILI SAGUTXOAK<\/span><\/p>\n<h2 style=\"text-align: justify;\"><span style=\"font-size: 12pt; color: #e8a11e;\"><span style=\"font-size: 10pt;\">Depuis 2016, toutes nos activit\u00e9s autour du th\u00e9\u00e2tre et de la marionnette (fabrication ou manipulation) sont pr\u00e9sent\u00e9es&nbsp; au choix en fran\u00e7ais, basque ou en bilingue basque-fran\u00e7ais et ou fran\u00e7ais- castillan.<\/span> <\/span><\/h2>\n<h2 style=\"text-align: justify;\"><span style=\"font-size: 10pt; color: #e8a11e;\">Notre &nbsp;Compagnie &nbsp;de th\u00e9\u00e2tre et de marionnettes est n\u00e9e &nbsp;du d\u00e9sir de conjuguer les &nbsp;diff\u00e9rentes &nbsp;formes &nbsp;th\u00e9\u00e2trales &nbsp;\u00e0 &nbsp;la &nbsp;palette &nbsp;infinie qu&rsquo;offre &nbsp;le &nbsp;monde f\u00e9erique &nbsp;des &nbsp;marionnettes. De rebondissements en surprises, de tendresse en \u00e9clats de rire, de jeux de mots en pas dans\u00e9s, par la voix chant\u00e9e ou chuchot\u00e9e, les com\u00e9diennes d&rsquo;Au Fil du Th\u00e9\u00e2tre&#8230; tentent au fil des ann\u00e9es d&rsquo;apporter au Jeune Public et aux adultes qui ont gard\u00e9 une \u00e2me d&rsquo;enfant, une part de r\u00eave par le biais d&rsquo;histoires enchant\u00e9es&#8230;<\/span><\/h2>\n<p>&nbsp;<\/p>\n<p><span style=\"color: #eb4646;\"><strong>&nbsp;<\/strong><\/span><\/p>\n","protected":false},"excerpt":{"rendered":"<p>ZOE JONGLE AVEC LES MOTS, &nbsp;&nbsp;&nbsp; POUM !&nbsp; LE CUBE, &nbsp; &nbsp; 1, 2, 3&nbsp; LAGA BOGA ! &nbsp; &nbsp; ZOE JOUE AVEC LES OU, &nbsp;&nbsp; TACTIC DROLE DE LOUSTIC,&nbsp;&nbsp;&nbsp;&nbsp; TACTIC PART EN VOYAGE, &nbsp;&nbsp; &nbsp; PUM KUBOA, &nbsp; &nbsp;<\/p>\n","protected":false},"author":2,"featured_media":0,"parent":0,"menu_order":6,"comment_status":"closed","ping_status":"closed","template":"","meta":{"ngg_post_thumbnail":0},"_links":{"self":[{"href":"https:\/\/www.aufildutheatre.com\/index.php?rest_route=\/wp\/v2\/pages\/382"}],"collection":[{"href":"https:\/\/www.aufildutheatre.com\/index.php?rest_route=\/wp\/v2\/pages"}],"about":[{"href":"https:\/\/www.aufildutheatre.com\/index.php?rest_route=\/wp\/v2\/types\/page"}],"author":[{"embeddable":true,"href":"https:\/\/www.aufildutheatre.com\/index.php?rest_route=\/wp\/v2\/users\/2"}],"replies":[{"embeddable":true,"href":"https:\/\/www.aufildutheatre.com\/index.php?rest_route=%2Fwp%2Fv2%2Fcomments&post=382"}],"version-history":[{"count":10,"href":"https:\/\/www.aufildutheatre.com\/index.php?rest_route=\/wp\/v2\/pages\/382\/revisions"}],"predecessor-version":[{"id":9018,"href":"https:\/\/www.aufildutheatre.com\/index.php?rest_route=\/wp\/v2\/pages\/382\/revisions\/9018"}],"wp:attachment":[{"href":"https:\/\/www.aufildutheatre.com\/index.php?rest_route=%2Fwp%2Fv2%2Fmedia&parent=382"}],"curies":[{"name":"wp","href":"https:\/\/api.w.org\/{rel}","templated":true}]}}