{"id":29,"date":"2010-01-22T21:31:39","date_gmt":"2010-01-22T19:31:39","guid":{"rendered":"http:\/\/harpie64.wordpress.com\/?page_id=29"},"modified":"2026-03-01T08:25:31","modified_gmt":"2026-03-01T07:25:31","slug":"bouh","status":"publish","type":"page","link":"https:\/\/www.aufildutheatre.com\/","title":{"rendered":"Au fil du th\u00e9\u00e2tre marionnettes au Pays basque"},"content":{"rendered":"<p style=\"text-align: center;\"><a href=\"http:\/\/www.aufildutheatre.com\/new\/wp-content\/uploads\/2022\/10\/1ere-zoe\u0301-vero-robe-.jpg\"><img loading=\"lazy\" class=\"alignnone size-medium wp-image-7879\" src=\"http:\/\/www.aufildutheatre.com\/new\/wp-content\/uploads\/2022\/10\/1ere-zoe\u0301-vero-robe--298x300.jpg\" alt=\"\" width=\"298\" height=\"300\" srcset=\"https:\/\/www.aufildutheatre.com\/wp-content\/uploads\/2022\/10\/1ere-zoe\u0301-vero-robe--298x300.jpg 298w, https:\/\/www.aufildutheatre.com\/wp-content\/uploads\/2022\/10\/1ere-zoe\u0301-vero-robe--150x150.jpg 150w, https:\/\/www.aufildutheatre.com\/wp-content\/uploads\/2022\/10\/1ere-zoe\u0301-vero-robe-.jpg 615w\" sizes=\"(max-width: 298px) 100vw, 298px\" \/><\/a> <a name=\"top\"><\/a><\/p>\n<div style=\"background-image: url('http:\/\/www.aufildutheatre.com\/new\/wp-content\/uploads\/2012\/04\/kraft.jpg'); background-repeat: repeat; margin: 0 auto; padding: 7px;\">\n<p><a href=\"http:\/\/www.aufildutheatre.com\/new\/?attachment_id=672\" rel=\"attachment wp-att-672\"><img loading=\"lazy\" style=\"margin-top: 1em;\" title=\"logotampon\" src=\"http:\/\/www.aufildutheatre.com\/new\/wp-content\/uploads\/2010\/02\/logotampon6.jpg\" alt=\"\" width=\"146\" height=\"143\"><\/a><\/p>\n<h6><span style=\"color: #000000;\">Au fil du th\u00e9\u00e2tre a vu le jour le si\u00e8cle dernier l&rsquo;hiver 92&nbsp; Il faisait un froid de canard \u00e0 Toulouse cet hiver&nbsp; l\u00e0, alors &nbsp;pour nous r\u00e9chauffer, on a cr\u00e9\u00e9 une marionnette pleine de vie et de &nbsp;fantaisie : ZOE. &nbsp;Ce personnage,&nbsp; est devenu au fil des ann\u00e9es notre mascotte rigolote, qui fait r\u00eaver petits et grands depuis plus de 30 ans ! <\/span><\/h6>\n<h6><span style=\"color: #993300;\">&nbsp;Mais vous n&rsquo;avez jou\u00e9 qu&rsquo;une seule histoire en 30 ans ? !<\/span><\/h6>\n<h6><span style=\"color: #000000;\"> Non, bien s\u00fbr ! On a invent\u00e9 d&rsquo;autres personnages <a style=\"color: #000000;\" href=\"http:\/\/www.aufildutheatre.com\/new\/?attachment_id=1983\" rel=\"attachment wp-att-1983\"><img loading=\"lazy\" style=\"float: right;\" title=\"tamponE\" src=\"http:\/\/www.aufildutheatre.com\/new\/wp-content\/uploads\/2010\/02\/tampone1.jpg\" alt=\"\" width=\"56\" height=\"150\"><\/a>: Poum, Maika la sauvageonne , Sorgina et Carabistouille, (2 sorci\u00e8res), Tactic&nbsp; et Breloque (les bouffons), M Bricolo chasseur de&nbsp; nuages,&nbsp;&nbsp; Malou,&nbsp; Sagutxo la petite souris, Nino et Nina, Les 3 gros malins, Lili la petite souris etc&nbsp; <\/span><\/h6>\n<h6><span style=\"color: #993300;\">Vous jouez toujours toutes ces histoires ?<\/span><\/h6>\n<h6><span style=\"color: #000000;\">Non ! On en a abandonn\u00e9 certaines, par manque de place dans nos garages.&nbsp; Aujourd&rsquo;hui, nous pr\u00e9sentons&nbsp; ZOE, MALOU, les 3 petits cochons, <\/span><span style=\"color: #000000;\">AM STRAM GRAM &#8230; et POUM !<br \/>\n<\/span><\/h6>\n<h6><span style=\"color: #993300;\">&nbsp;&nbsp;&nbsp;&nbsp;&nbsp;&nbsp;&nbsp;&nbsp;&nbsp;&nbsp;&nbsp;&nbsp;&nbsp;&nbsp;&nbsp;&nbsp;&nbsp;&nbsp;&nbsp;&nbsp;&nbsp;&nbsp;&nbsp;&nbsp;&nbsp;&nbsp;&nbsp;&nbsp;&nbsp;&nbsp;&nbsp;&nbsp;&nbsp;&nbsp;&nbsp;&nbsp;&nbsp;&nbsp; Quoi POUM ?<\/span><br \/>\n<a href=\"http:\/\/www.aufildutheatre.com\/new\/?attachment_id=546\" rel=\"attachment wp-att-546\"><img loading=\"lazy\" class=\"size-full wp-image-546\" style=\"float: left; margin-right: 0.7em;\" title=\"tamponSO\" src=\"http:\/\/www.aufildutheatre.com\/new\/wp-content\/uploads\/2010\/02\/tamponso1.jpg\" alt=\"\" width=\"90\" height=\"61\"><\/a><\/h6>\n<h6><span style=\"color: #000000;\">Eh bien, &nbsp;apr\u00e8s ZOE, on a cr\u00e9\u00e9 un nouveau personnage : POUM&#8230;&nbsp; le cube. Cette fois pour les tout petits \u00e0 partir de 6 mois.<\/span><\/h6>\n<h6><span style=\"color: #993300;\">Vous allez&nbsp; donc dans les cr\u00e8ches, les RAM et autres structures pour la toute petite enfance ?<\/span><\/h6>\n<h6><span style=\"background-color: #000000;\"><span style=\"color: #000000;\"><a style=\"background-color: #000000;\" href=\"http:\/\/www.aufildutheatre.com\/new\/?attachment_id=675\" rel=\"attachment wp-att-675\"><img loading=\"lazy\" class=\"alignleft size-full wp-image-675\" style=\"float: right; margin-left: 0.7em;\" title=\"tampG\" src=\"http:\/\/www.aufildutheatre.com\/new\/wp-content\/uploads\/2010\/02\/tampg2-e1269720469121.jpg\" alt=\"\" width=\"91\" height=\"85\"><\/a> <\/span><\/span><span style=\"color: #000000;\">Oui ! Nous proposons nos activit\u00e9s dans les&nbsp; Ecoles, Th\u00e9\u00e2tres, Cr\u00e8ches, Relais d\u2019assistantes maternelles, MAM, Mairies, Foyers ruraux, &nbsp;MVC, Comit\u00e9s d\u2019entreprises, M\u00e9diath\u00e8ques\u2026<\/span><\/h6>\n<h6><span style=\"color: #993300;\">Et vous restez dans les Pyr\u00e9n\u00e9es Atlantiques ?<\/span><\/h6>\n<h6><span style=\"color: #000000;\">Disons qu\u2019au fil des saisons, les <a style=\"color: #000000;\" href=\"http:\/\/www.aufildutheatre.com\/new\/?attachment_id=652\" rel=\"attachment wp-att-652\"><img loading=\"lazy\" class=\"size-full wp-image-652\" style=\"float: left; margin-right: 0.7em;\" title=\"rondcamion\" src=\"http:\/\/www.aufildutheatre.com\/new\/wp-content\/uploads\/2012\/04\/rondcamionkraft.jpg\" alt=\"\" width=\"80\" height=\"80\"><\/a>com\u00e9dien\/es&nbsp; de la Cie ont sillonn\u00e9 les routes et les chemins les plus escarp\u00e9s d\u2019Aquitaine et de Midi Pyr\u00e9n\u00e9es &nbsp;avec leur petit camion, pour offrir aux enfants petits et grands une part de r\u00eave avec nos histoires enchant\u00e9es\u2026<\/span><\/h6>\n<h6><span style=\"color: #993300;\">Mais vous vous en sortez ?<\/span><\/h6>\n<h6><span style=\"color: #000000;\">Heuuuu&#8230; \u00e7a ! Il faut le dire vite car avec&nbsp; la pand\u00e9mie et les restrictions de budgets&nbsp; cela n&rsquo;a pas arrang\u00e9 les choses&#8230; mais depuis cet hiver 2024, nous sommes sous une bonne \u00e9toile !&nbsp;&nbsp; Des rencontres solidaires riches &#8230; qui vont nous aider \u00e0 sortir de nouveaux spectacles. Oui!&nbsp; Nous avons ENFIN trouv\u00e9 une salle pour entreposer notre mat\u00e9riel et r\u00e9p\u00e9ter dans de tr\u00e8s bonne condition&#8230; cela va nous permettre a moyen terme , de sortir de nos t\u00eates et de nos boites ! Des histoires savoureuses qui attendaient impatiemment , de pouvoir prendre l&rsquo;air&#8230;Ainsi gr\u00e2ce \u00e0 ces partages, nous aurons&nbsp; l&rsquo;immense plaisir de vous pr\u00e9senter des cet \u00e9t\u00e9 2024 de nouvelles cr\u00e9ations. (Cf les rubriques : FORM&rsquo;Z Anim\u00e9es et Humeurs vagabondes).&nbsp;<br \/>\n<\/span><\/h6>\n<h6><span style=\"color: #993300;\"> Pour certains plus que &nbsp;pour d\u2019autres non ? <\/span><\/h6>\n<h6><span style=\"color: #000000;\">Laissons ce d\u00e9bat, on est l\u00e0 pour r\u00eaver&#8230; Heureusement que depuis 2005, la Cie est soutenue dans ses projets en basque par l\u2019Institut Culturel Basque d&rsquo;Ustaritz,&nbsp; la Mairie d&rsquo;Anglet, la CAPB. . . On se sent moins seul !<\/span><\/h6>\n<h6><span style=\"color: #993300;\">Parce que vous interpr\u00e9tez aussi des projets en basque ?<\/span><\/h6>\n<h6><span style=\"color: #000000;\">Depuis 2005, \u00e0 l\u2019initiative d\u2019Ainez, &nbsp;nous avons fait le pari de pr\u00e9senter toutes nos Cr\u00e9ations en&nbsp; Fran\u00e7ais,&nbsp; en bilingue et d\u00e9sormais en basque. <\/span><\/h6>\n<h6><span style=\"color: #993300;\">En 2026, le pari&nbsp; de pr\u00e9senter toutes nos activit\u00e9s en basque tient-il toujours ?<\/span><\/h6>\n<h6><span style=\"color: #000;\"> Oui ! En plus des passerelles cr\u00e9\u00e9es ces derni\u00e8res ann\u00e9es entre Ainez et Garazikus pour &nbsp;des Adaptations de Odorinaire ou la m\u00e9moire des odeurs de la Cie du Point D&rsquo;aries , de&nbsp; Super Seme de la Cie du Jabron Rouge et d&rsquo;Anaiatxo berezia de la Cie X&rsquo;Zart, notre Cie Au Fil du Th\u00e9\u00e2tre&#8230; &nbsp;offre actuellement 7 Cr\u00e9ations Jeune Public en basque.&nbsp; <\/span><\/h6>\n<h6><span style=\"color: #993300;\">Proposez vous \u00e9galement des ateliers ?<\/span><\/h6>\n<h6><span style=\"color: #000000;\">Oui ! Nous animons des Ateliers ou des Parcours Culturels &nbsp;autour de la marionnette ou m\u00eame depuis 2016 nous proposons des go\u00fbter d&rsquo;anniversaire pour enfants de 2 ans \u00e0 9 ans.&nbsp; La Cie offre diverses possibilit\u00e9s d&rsquo;ateliers de Cr\u00e9ation autour des marionnettes&nbsp; et des masques (renseignez vous ! et \u00e9tudions ensemble des projets personnalis\u00e9s). <\/span><\/h6>\n<h6><span style=\"color: #000000;\">R\u00e9cemment nous avons r\u00e9alis\u00e9s \u00e9galement&nbsp; avec bonheur <a href=\"http:\/\/www.aufildutheatre.com\/new\/wp-content\/uploads\/2018\/11\/IMG_2926.jpg\"><img loading=\"lazy\" class=\"wp-image-6744 alignleft\" src=\"http:\/\/www.aufildutheatre.com\/new\/wp-content\/uploads\/2018\/11\/IMG_2926-200x300.jpg\" alt=\"\" width=\"86\" height=\"129\" srcset=\"https:\/\/www.aufildutheatre.com\/wp-content\/uploads\/2018\/11\/IMG_2926-200x300.jpg 200w, https:\/\/www.aufildutheatre.com\/wp-content\/uploads\/2018\/11\/IMG_2926-768x1152.jpg 768w, https:\/\/www.aufildutheatre.com\/wp-content\/uploads\/2018\/11\/IMG_2926-683x1024.jpg 683w\" sizes=\"(max-width: 86px) 100vw, 86px\" \/><\/a>des ateliers de fabrications de marionnettes suivis de mise en sc\u00e8ne de petits projets \u00e0 partir d&rsquo;album jeunesse avec l&rsquo;association Libre plume de Bayonne et diverses \u00e9coles&#8230;<br \/>\n<\/span><\/h6>\n<h6><span style=\"color: #993300;\">Pour le mot de la fin, comment d\u00e9cririez-vous l\u2019objectif de votre Cie en 5 lignes ?<\/span><\/h6>\n<h6><span style=\"color: #000000;\">Heu\u2026. En 5 lignes ? &#8230; <\/span><\/h6>\n<h6><span style=\"color: #000000;\"><a href=\"http:\/\/www.aufildutheatre.com\/new\/wp-content\/uploads\/2012\/04\/EMM6440-1.jpg\"><img loading=\"lazy\" class=\"wp-image-6274 alignright\" src=\"http:\/\/www.aufildutheatre.com\/new\/wp-content\/uploads\/2012\/04\/EMM6440-1-300x223.jpg\" alt=\"\" width=\"151\" height=\"112\" srcset=\"https:\/\/www.aufildutheatre.com\/wp-content\/uploads\/2012\/04\/EMM6440-1-300x223.jpg 300w, https:\/\/www.aufildutheatre.com\/wp-content\/uploads\/2012\/04\/EMM6440-1-768x571.jpg 768w, https:\/\/www.aufildutheatre.com\/wp-content\/uploads\/2012\/04\/EMM6440-1-1024x761.jpg 1024w\" sizes=\"(max-width: 151px) 100vw, 151px\" \/><\/a>Nous esp\u00e9rons, par le biais de nos histoires et de nos ateliers, produire des \u00e9tincelles dans le regard des <\/span><span style=\"color: #000000;\">enfants,&nbsp;<\/span><span style=\"color: #000000;\">leur offrir des moments de partage pleins d\u2019\u00e9motions, d&rsquo;\u00e9clats de rire, leur donner envie de d\u00e9couvrir une facette du spectacle vivant autre que celle des \u00e9crans virtuels dans lesquels ils baignent trop souvent&#8230; Mais \u00e7a ! C\u2019est une autre histoire !<\/span><\/h6>\n<h6><span style=\"color: #993300;\">Stoooooop !! Vous avez d\u00e9pass\u00e9 les cinq lignes,&nbsp; Je vous remercie.<\/span><\/h6>\n<h6><span style=\"color: #000000;\">Merci \u00e0 vous et longue vie au Spectacle Vivant !!<\/span><\/h6>\n<p>&nbsp;<\/p>\n<div style=\"position: relative; width: 350px; margin-bottom: 1em; height: 90px; margin-left: 1em;\">\n<h4 style=\"position: absolute; bottom: 40%; right: 0px; top: -30px; left: 174px;\"><a href=\"http:\/\/www.aufildutheatre.com\/new\/?attachment_id=1964\" rel=\"attachment wp-att-1964\"><img loading=\"lazy\" class=\"size-full wp-image-1964\" title=\"spotindien copie\" src=\"http:\/\/www.aufildutheatre.com\/new\/wp-content\/uploads\/2010\/02\/spotindien-copie1.jpg\" alt=\"\" width=\"110\" height=\"120\"><\/a><\/h4>\n<h4 style=\"position: absolute; bottom: 40%; left: 3px; top: -8px;\"><a href=\"#top\"><img loading=\"lazy\" class=\"size-thumbnail wp-image-3167\" title=\"hautpagekraft copie\" src=\"http:\/\/www.aufildutheatre.com\/new\/wp-content\/uploads\/2010\/03\/\/hautpagekraft-copie.jpg?w=147\" alt=\"\" width=\"100\" height=\"100\"><\/a><\/h4>\n<p>&nbsp;<\/p>\n<\/div>\n<\/div>\n<p>&nbsp;<\/p>\n","protected":false},"excerpt":{"rendered":"<p>Au fil du th\u00e9\u00e2tre a vu le jour le si\u00e8cle dernier l&rsquo;hiver 92&nbsp; Il faisait un froid de canard \u00e0 Toulouse cet hiver&nbsp; l\u00e0, alors &nbsp;pour nous r\u00e9chauffer, on a cr\u00e9\u00e9 une marionnette pleine de vie et de &nbsp;fantaisie :<\/p>\n","protected":false},"author":2,"featured_media":7601,"parent":0,"menu_order":0,"comment_status":"closed","ping_status":"closed","template":"","meta":{"ngg_post_thumbnail":0},"_links":{"self":[{"href":"https:\/\/www.aufildutheatre.com\/index.php?rest_route=\/wp\/v2\/pages\/29"}],"collection":[{"href":"https:\/\/www.aufildutheatre.com\/index.php?rest_route=\/wp\/v2\/pages"}],"about":[{"href":"https:\/\/www.aufildutheatre.com\/index.php?rest_route=\/wp\/v2\/types\/page"}],"author":[{"embeddable":true,"href":"https:\/\/www.aufildutheatre.com\/index.php?rest_route=\/wp\/v2\/users\/2"}],"replies":[{"embeddable":true,"href":"https:\/\/www.aufildutheatre.com\/index.php?rest_route=%2Fwp%2Fv2%2Fcomments&post=29"}],"version-history":[{"count":17,"href":"https:\/\/www.aufildutheatre.com\/index.php?rest_route=\/wp\/v2\/pages\/29\/revisions"}],"predecessor-version":[{"id":9129,"href":"https:\/\/www.aufildutheatre.com\/index.php?rest_route=\/wp\/v2\/pages\/29\/revisions\/9129"}],"wp:featuredmedia":[{"embeddable":true,"href":"https:\/\/www.aufildutheatre.com\/index.php?rest_route=\/wp\/v2\/media\/7601"}],"wp:attachment":[{"href":"https:\/\/www.aufildutheatre.com\/index.php?rest_route=%2Fwp%2Fv2%2Fmedia&parent=29"}],"curies":[{"name":"wp","href":"https:\/\/api.w.org\/{rel}","templated":true}]}}