{"id":2705,"date":"2010-03-08T14:16:18","date_gmt":"2010-03-08T13:16:18","guid":{"rendered":"http:\/\/harpie64.wordpress.com\/zoe-jongle-avec-les-mots\/tarifs-zoe-jongle\/"},"modified":"2022-11-13T19:03:57","modified_gmt":"2022-11-13T18:03:57","slug":"tarifs-zoe-jongle","status":"publish","type":"page","link":"https:\/\/www.aufildutheatre.com\/?page_id=2705","title":{"rendered":"Tarifs de \u00ab\u00a0Zo\u00e9 jongle avec les mots\u00a0\u00bb"},"content":{"rendered":"<p><span style=\"color: #ffcc00;\">D\u00e9sol\u00e9 ce spectacle n&rsquo;est plus jou\u00e9. <\/span><\/p>\n<h4>&nbsp;<\/h4>\n","protected":false},"excerpt":{"rendered":"<p>D\u00e9sol\u00e9 ce spectacle n&rsquo;est plus jou\u00e9. &nbsp;<\/p>\n","protected":false},"author":2,"featured_media":0,"parent":525,"menu_order":0,"comment_status":"closed","ping_status":"closed","template":"","meta":{"ngg_post_thumbnail":0},"_links":{"self":[{"href":"https:\/\/www.aufildutheatre.com\/index.php?rest_route=\/wp\/v2\/pages\/2705"}],"collection":[{"href":"https:\/\/www.aufildutheatre.com\/index.php?rest_route=\/wp\/v2\/pages"}],"about":[{"href":"https:\/\/www.aufildutheatre.com\/index.php?rest_route=\/wp\/v2\/types\/page"}],"author":[{"embeddable":true,"href":"https:\/\/www.aufildutheatre.com\/index.php?rest_route=\/wp\/v2\/users\/2"}],"replies":[{"embeddable":true,"href":"https:\/\/www.aufildutheatre.com\/index.php?rest_route=%2Fwp%2Fv2%2Fcomments&post=2705"}],"version-history":[{"count":1,"href":"https:\/\/www.aufildutheatre.com\/index.php?rest_route=\/wp\/v2\/pages\/2705\/revisions"}],"predecessor-version":[{"id":8116,"href":"https:\/\/www.aufildutheatre.com\/index.php?rest_route=\/wp\/v2\/pages\/2705\/revisions\/8116"}],"up":[{"embeddable":true,"href":"https:\/\/www.aufildutheatre.com\/index.php?rest_route=\/wp\/v2\/pages\/525"}],"wp:attachment":[{"href":"https:\/\/www.aufildutheatre.com\/index.php?rest_route=%2Fwp%2Fv2%2Fmedia&parent=2705"}],"curies":[{"name":"wp","href":"https:\/\/api.w.org\/{rel}","templated":true}]}}