{"id":2704,"date":"2010-03-08T14:15:28","date_gmt":"2010-03-08T13:15:28","guid":{"rendered":"http:\/\/harpie64.wordpress.com\/zoe-joue-avec-les-ou\/tarifs-zoe-joue\/"},"modified":"2025-07-24T18:04:04","modified_gmt":"2025-07-24T17:04:04","slug":"tarifs-zoe-joue","status":"publish","type":"page","link":"https:\/\/www.aufildutheatre.com\/?page_id=2704","title":{"rendered":"Tarifs de \u00ab\u00a0Zo\u00e9 joue avec les ou\u00a0\u00bb"},"content":{"rendered":"<h2 style=\"text-align: center;\"><span style=\"color: #e68b6a;\">ZOE JOUE AVEC LES OU&nbsp;<\/span><\/h2>\n<p><span style=\"color: #d6b8b8;\"> Deux versions: (9 mois\/ 3 ans) \/&nbsp; (3 ans \/8 ans) <\/span><\/p>\n<p><span style=\"color: #d6b8b8;\">deux adaptations possibles: . A\/ Version \u00e0 1 com\u00e9dienne &nbsp;&nbsp; &nbsp;&nbsp; .<\/span><span style=\"color: #db5893;\"><span style=\"color: #d6b8b8;\">B\/ Version \u00e0 2 com\u00e9diennes.<\/span><br \/>\n<\/span><\/p>\n<p><span style=\"color: #db5893;\"><span style=\"color: #e68b6a;\"><strong>ACCUEIL PUBLIC :<\/strong><\/span><br \/>\n<\/span><\/p>\n<p><span style=\"color: #d6b8b8;\">.&nbsp; Version A\/ : 60 enfants\/s\u00e9ance (80 selon salle)<br \/>\n<\/span><\/p>\n<p><span style=\"color: #d6b8b8;\">.&nbsp; Version B\/ : jusqu&rsquo;\u00e0 140 enfants selon salle)<br \/>\n<\/span><\/p>\n<h5><span style=\"color: #d6b8b8;\"><span style=\"font-weight: normal;\">A et B Possibilit\u00e9 de faire 2 s\u00e9ances par 1\/2 journ\u00e9e.<\/span><\/span><\/h5>\n<p><span style=\"color: #e68b6a;\"><strong>SCOLAIRE&nbsp;<\/strong><strong>: <\/strong><\/span><span style=\"color: #d6b8b8;\">Tarifs minimum : <strong>450&nbsp; \u20ac<\/strong> Version A ou B&nbsp;<br \/>\n<\/span><\/p>\n<p><span style=\"color: #d6b8b8;\"><span style=\"font-weight: normal;\">Version A :&nbsp; \u00e0 une com\u00e9dienne (maxi 60 enfants)<br \/>\n<\/span><\/span><\/p>\n<p><span style=\"color: #d6b8b8;\"><span style=\"font-weight: normal;\">Version B :&nbsp; \u00e0 deux com\u00e9diennes &nbsp;(au del\u00e0 de 90 enfants <strong>5 \u20ac<\/strong>\/enfant)<\/span><\/span><\/p>\n<p><span style=\"color: #e68b6a;\"><strong> STRUCTURES PETITE ENFANCE :<\/strong><\/span><\/p>\n<p><span style=\"color: #d6b8b8;\">Version A : <strong>500 \u20ac<\/strong> <span style=\"font-size: 10pt;\">(moins de 20 enfants)<\/span>&nbsp; Au del\u00e0 se renseigner&#8230; <span style=\"font-size: 10pt;\">(selon nombre d&rsquo;enfants\/salle\/horaire)<\/span><br \/>\n<\/span><\/p>\n<p><span style=\"color: #99cc00;\"><span style=\"color: #d6b8b8;\">Version B :&nbsp; <strong>550 \u20ac<\/strong> <span style=\"font-size: 10pt;\">(+ de 20 enfants)<\/span>&nbsp; Se renseigner&nbsp;<\/span><br \/>\n<\/span><\/p>\n<p><span style=\"color: #d45b5b;\"><strong><span style=\"color: #e68b6a;\">MAIRIES, &nbsp;CENTRE CULTUREL, C.E, FESTIVAL, MEDIATHEQUE etc. :<\/span> <\/strong><\/span><\/p>\n<p><span style=\"color: #d6b8b8;\">Version A :&nbsp; autour de <strong>550 \u20ac<\/strong>&nbsp; (voir conditions)<br \/>\n<\/span><\/p>\n<p><span style=\"color: #d6b8b8;\">Version B :&nbsp; autour de <strong>600 \u20ac<\/strong>&nbsp; (voir conditions)<\/span><\/p>\n<p><span style=\"color: #d6b8b8;\">Tous nos Prix &nbsp;sont major\u00e9s \u00e0 NOEL de <strong>60 \u20ac<\/strong> <\/span><\/p>\n<p><span style=\"color: #d45b5b;\"><span style=\"color: #e68b6a;\">Tarifs d\u00e9gressifs pour plusieurs repr\u00e9sentations&#8230;<\/span> <\/span><\/p>\n<p><span style=\"color: #d45b5b;\"><span style=\"color: #e68b6a;\">FRAIS de DEPLACEMENTS :<\/span> <span style=\"color: #d6b8b8;\"><strong>20 \u20ac<\/strong> min. Au del\u00e0 de 25 Km 0,60 \u20ac du Km Aller -Retour depuis Anglet.<\/span><\/span><\/p>\n<p><span style=\"color: #e68b6a;\"><span style=\"font-size: 10pt;\">Possibilit\u00e9 de partager les Frais de d\u00e9placements avec une autre structure&#8230;Renseignez Vous !<\/span> <\/span><\/p>\n<p><span style=\"color: #f576b5;\"><span style=\"color: #e68b6a;\">S\u00e9ance publique: pr\u00e9voir des Frais de Droits d&rsquo;Auteurs&nbsp; <span style=\"font-size: 10pt;\">(13% du prix TTC)<\/span> \u00e0 r\u00e9gler \u00e0 la SACD. <\/span><br \/>\n<\/span><\/p>\n<h4><span style=\"color: #f576b5; font-weight: normal;\"><img loading=\"lazy\" title=\"logo camion xanr\u00e9duit\" src=\"http:\/\/www.aufildutheatre.com\/new\/wp-content\/uploads\/2010\/02\/logo-camion-xanreduit.jpg?w=146\" alt=\"\" width=\"146\" height=\"150\"><\/span><\/h4>\n<h5><span style=\"color: #e68b6a;\">INFORMATIONS COMPLEMENTAIRES&#8230; RENSEIGNEZ-VOUS !!<\/span><\/h5>\n<p><img loading=\"lazy\" class=\"aligncenter size-thumbnail wp-image-5745\" src=\"http:\/\/www.aufildutheatre.com\/new\/wp-content\/uploads\/2010\/01\/tete-de-piafs-copie-150x150.jpg\" alt=\"\" width=\"150\" height=\"150\"><\/p>\n<div style=\"position: relative; margin-left: 9.5em; height: 250px;\">\n<p><a href=\"http:\/\/harpie64.files.wordpress.com\/2010\/01\/zoe-joue-avec-les-ou-face.jpg\"><img loading=\"lazy\" class=\"alignleft size-thumbnail wp-image-2434\" style=\"position: absolute; top: 1em;\" title=\"zoe joue avec les ou face\" src=\"http:\/\/www.aufildutheatre.com\/new\/wp-content\/uploads\/2010\/02\/zoe-joue-avec-les-ou-face.jpg?w=150\" alt=\"\" width=\"120\" height=\"120\" srcset=\"https:\/\/www.aufildutheatre.com\/wp-content\/uploads\/2010\/02\/zoe-joue-avec-les-ou-face.jpg 408w, https:\/\/www.aufildutheatre.com\/wp-content\/uploads\/2010\/02\/zoe-joue-avec-les-ou-face-150x150.jpg 150w, https:\/\/www.aufildutheatre.com\/wp-content\/uploads\/2010\/02\/zoe-joue-avec-les-ou-face-300x300.jpg 300w\" sizes=\"(max-width: 120px) 100vw, 120px\" \/><\/a><\/p>\n<ul style=\"position: absolute; top: 1em; right: 4em; font-size: 1.3em; color: #6191ba;\">\n<li><a href=\"https:\/\/www.aufildutheatre.com\/?page_id=1805\" target=\"_self\" rel=\"noopener noreferrer\"><span style=\"text-decoration: underline;\"><span style=\"color: #0000ff; text-decoration: underline;\">Le livre d&rsquo;or <\/span><\/span><\/a><\/li>\n<li><a href=\"https:\/\/www.aufildutheatre.com\/?page_id=1794\" target=\"_self\" rel=\"noopener noreferrer\"><span style=\"text-decoration: underline;\"><span style=\"color: #0000ff; text-decoration: underline;\">Les conditions techniques <\/span><\/span><\/a><\/li>\n<li><a href=\"https:\/\/www.aufildutheatre.com\/?page_id=2704\" target=\"_self\" rel=\"noopener noreferrer\"><span style=\"text-decoration: underline;\"><span style=\"color: #0000ff; text-decoration: underline;\">Les tarifs <\/span><\/span><\/a><\/li>\n<li><a href=\"https:\/\/www.aufildutheatre.com\/?page_id=1765\" target=\"_self\" rel=\"noopener noreferrer\"><span style=\"text-decoration: underline;\"><span style=\"color: #0000ff; text-decoration: underline;\">Plus de photos ?<\/span><\/span><\/a><\/li>\n<li><a href=\"https:\/\/www.aufildutheatre.com\/wp-content\/uploads\/2019\/03\/FichepedaZOE.pdf\"><span style=\"text-decoration: underline;\"><span style=\"color: #0000ff; text-decoration: underline;\">Fiche p\u00e9dagogique<\/span><\/span><\/a><\/li>\n<\/ul>\n<\/div>\n<div id=\"ffenetremailtomailModal\" style=\"z-index: 20002;\">\n<div id=\"ffenetremailtopopupModalMail\">&nbsp;<\/div>\n<\/div>\n<div>&nbsp;<\/div>\n","protected":false},"excerpt":{"rendered":"<p>ZOE JOUE AVEC LES OU&nbsp; Deux versions: (9 mois\/ 3 ans) \/&nbsp; (3 ans \/8 ans) deux adaptations possibles: . A\/ Version \u00e0 1 com\u00e9dienne &nbsp;&nbsp; &nbsp;&nbsp; .B\/ Version \u00e0 2 com\u00e9diennes. ACCUEIL PUBLIC : .&nbsp; Version A\/ : 60<\/p>\n","protected":false},"author":2,"featured_media":0,"parent":167,"menu_order":0,"comment_status":"closed","ping_status":"closed","template":"","meta":{"ngg_post_thumbnail":0},"_links":{"self":[{"href":"https:\/\/www.aufildutheatre.com\/index.php?rest_route=\/wp\/v2\/pages\/2704"}],"collection":[{"href":"https:\/\/www.aufildutheatre.com\/index.php?rest_route=\/wp\/v2\/pages"}],"about":[{"href":"https:\/\/www.aufildutheatre.com\/index.php?rest_route=\/wp\/v2\/types\/page"}],"author":[{"embeddable":true,"href":"https:\/\/www.aufildutheatre.com\/index.php?rest_route=\/wp\/v2\/users\/2"}],"replies":[{"embeddable":true,"href":"https:\/\/www.aufildutheatre.com\/index.php?rest_route=%2Fwp%2Fv2%2Fcomments&post=2704"}],"version-history":[{"count":30,"href":"https:\/\/www.aufildutheatre.com\/index.php?rest_route=\/wp\/v2\/pages\/2704\/revisions"}],"predecessor-version":[{"id":9080,"href":"https:\/\/www.aufildutheatre.com\/index.php?rest_route=\/wp\/v2\/pages\/2704\/revisions\/9080"}],"up":[{"embeddable":true,"href":"https:\/\/www.aufildutheatre.com\/index.php?rest_route=\/wp\/v2\/pages\/167"}],"wp:attachment":[{"href":"https:\/\/www.aufildutheatre.com\/index.php?rest_route=%2Fwp%2Fv2%2Fmedia&parent=2704"}],"curies":[{"name":"wp","href":"https:\/\/api.w.org\/{rel}","templated":true}]}}