{"id":2701,"date":"2010-03-08T14:12:36","date_gmt":"2010-03-08T13:12:36","guid":{"rendered":"http:\/\/harpie64.wordpress.com\/francais-2\/tarifs-poum\/"},"modified":"2025-07-24T18:02:08","modified_gmt":"2025-07-24T17:02:08","slug":"tarifs-poum","status":"publish","type":"page","link":"https:\/\/www.aufildutheatre.com\/?page_id=2701","title":{"rendered":"TARIFS de POUM"},"content":{"rendered":"<h2><span style=\"color: #e86e35;\">POUM ! LE CUBE <span style=\"font-size: 12pt;\">(Cr\u00e9ation 6 mois\/6 ans)<\/span><\/span><\/h2>\n<p><span style=\"color: #e3875f;\"><span style=\"font-size: 18pt; font-family: georgia, palatino, serif;\"><span style=\"font-size: 14pt;\">PUBLIC: 30\/35* enfants maxi\/s\u00e9ance <span style=\"font-size: 12pt;\">(<\/span><\/span><\/span><span style=\"font-size: 18pt; font-family: georgia, palatino, serif;\"><span style=\"font-size: 12pt;\">*selon l&rsquo;\u00e2ge des petits spectateurs).<\/span> <\/span><\/span><\/p>\n<p><span style=\"color: #ff9900;\"><span style=\"color: #e3875f;\">Possibilit\u00e9 de jouer 2 s\u00e9ances dans la m\u00eame 1\/2 journ\u00e9e.<\/span><br \/>\n<\/span><\/p>\n<p><span style=\"color: #db4490;\"><span style=\"color: #99cc00;\">G<\/span>O<span style=\"color: #ffcc00;\">U<\/span><span style=\"color: #ff0000;\">T<\/span>E<span style=\"color: #99cc00;\">R<\/span>S<span style=\"color: #109de8;\"> d<\/span>&lsquo;A<span style=\"color: #ffcc00;\">N<\/span>NI<span style=\"color: #23c5de;\">V<\/span>E<span style=\"color: #109de8;\">R<\/span><span style=\"color: #99cc00;\">S<\/span>A<span style=\"color: #109de8;\">I<\/span><span style=\"color: #ff0000;\">R<\/span><span style=\"color: #ffcc00;\">E<\/span>S&nbsp; :&nbsp; <\/span><span style=\"color: #e3875f;\">autour de 200 \u20ac selon la formule choisie. Se renseigner !<br \/>\n<\/span><\/p>\n<p><span style=\"color: #e3875f;\">PRIX SCOLAIRE : Prix d\u00e9gressif&nbsp; <span style=\"font-size: 10pt;\">(selon le nombre de s\u00e9ances et le lieu)<\/span><\/span><\/p>\n<p><span style=\"color: #e3875f;\">RPE\/RAM, MAM, MULTI-ACCUEIL etc : <strong>450 \u20ac<\/strong> (selon le nombre d&rsquo;enfants)<br \/>\n<\/span><\/p>\n<p><span style=\"color: #e3875f;\">AUTRES (C.E Mairie, Th\u00e9\u00e2tre, M\u00e9diath\u00e8que, Festival etc) : autour de <strong>450 \u20ac<\/strong> <\/span><\/p>\n<p><span style=\"color: #e3875f;\">Tarifs d\u00e9gressifs pour plusieurs&nbsp;repr\u00e9sentations.<\/span><\/p>\n<p><span style=\"color: #e3875f;\">Prix major\u00e9s de 60 \u20ac p\u00e9riode de No\u00ebl.<\/span><\/p>\n<h6><span style=\"color: #e3875f;\"><a style=\"color: #e3875f;\" href=\"http:\/\/www.aufildutheatre.com\/new\/?attachment_id=2158\" rel=\"attachment wp-att-2158\"><img loading=\"lazy\" class=\"alignleft size-thumbnail wp-image-2158\" title=\"logo camion xanr\u00e9duit\" src=\"http:\/\/www.aufildutheatre.com\/new\/wp-content\/uploads\/2010\/02\/logo-camion-xanreduit.jpg?w=146\" alt=\"\" width=\"146\" height=\"150\"><\/a><span style=\"font-family: georgia, palatino, serif; font-size: 10pt;\"> DEPLACEMENTS : 20 \u20ac minimum&nbsp; <span style=\"font-size: 8pt;\">(au del\u00e0 de 25 Km 0,60 \u20ac du Km Aller -Retour depuis Anglet).<\/span> <span style=\"font-size: 12pt;\">Renseignez vous !<\/span><\/span><\/span><\/h6>\n<h6><span style=\"font-size: 10pt; color: #e3875f;\"><span style=\"font-family: georgia, palatino, serif;\"> Tous nos spectacles sont&nbsp; prot\u00e9g\u00e9es par la SACD.&nbsp; Hors scolaire, Frais Droit d&rsquo;Auteurs \u00e0&nbsp; r\u00e9gler \u00e0 la SACD (13 % du prix TTC)<\/span><span style=\"font-family: georgia, palatino, serif;\">&#8230; <\/span><span style=\"font-family: georgia, palatino, serif;\">INFORMEZ VOUS !<\/span> <\/span><\/h6>\n<p>&nbsp;<\/p>\n<div style=\"position: relative; height: 150px; margin-left: 9.5em;\">\n<p>&nbsp;<\/p>\n<p><strong><span style=\"text-decoration: underline;\">&nbsp;<\/span><\/strong><\/p>\n<\/div>\n<div style=\"position: relative; margin-top: 0; margin-left: 9.5em; height: 150px;\">\n<p><a href=\"http:\/\/harpie64.files.wordpress.com\/2010\/01\/poum-le-cube-orange1.jpg\"><img loading=\"lazy\" class=\"alignleft size-thumbnail wp-image-1418\" style=\"padding-top: 1em;\" title=\"poum le cube orange\" src=\"http:\/\/www.aufildutheatre.com\/new\/wp-content\/uploads\/2010\/03\/poum-le-cube-orange.jpg?w=150\" alt=\"\" width=\"100\" height=\"100\"><\/a><\/p>\n<ul>\n<li><a href=\"https:\/\/www.aufildutheatre.com\/?page_id=1396\" target=\"_self\" rel=\"noopener noreferrer\"><span style=\"text-decoration: underline;\"><span style=\"color: #1a4be4; text-decoration: underline;\">Le livre d&rsquo;or du spectacle<\/span><\/span><\/a><\/li>\n<li><a href=\"https:\/\/www.aufildutheatre.com\/?page_id=108\" target=\"_self\" rel=\"noopener noreferrer\"><span style=\"text-decoration: underline;\"><span style=\"color: #1a4be4; text-decoration: underline;\">Les conditions techniques<\/span><\/span><\/a><\/li>\n<li><a href=\"https:\/\/www.aufildutheatre.com\/?page_id=2701\" target=\"_self\" rel=\"noopener noreferrer\"><span style=\"text-decoration: underline;\"><span style=\"color: #1a4be4; text-decoration: underline;\">Les tarifs <\/span><\/span><\/a><\/li>\n<li><a href=\"https:\/\/www.aufildutheatre.com\/?page_id=411\" target=\"_self\" rel=\"noopener noreferrer\"><span style=\"text-decoration: underline;\"><span style=\"color: #1a4be4; text-decoration: underline;\">Plus de photos ? <\/span><\/span><\/a><\/li>\n<li><a href=\"https:\/\/www.aufildutheatre.com\/wp-content\/uploads\/2019\/02\/Fiche-p\u00e9da-POUM-.pdf\"><span style=\"text-decoration: underline;\"><span style=\"color: #1a4be4; text-decoration: underline;\">Fiche p\u00e9dagogique<\/span><\/span><\/a><\/li>\n<\/ul>\n<\/div>\n<div id=\"ffenetremailtomailModal\" style=\"z-index: 20002;\">\n<div id=\"ffenetremailtopopupModalMail\">\n<div id=\"ffenetremailtotoModalClose\">&nbsp;<\/div>\n<\/div>\n<\/div>\n","protected":false},"excerpt":{"rendered":"<p>POUM ! LE CUBE (Cr\u00e9ation 6 mois\/6 ans) PUBLIC: 30\/35* enfants maxi\/s\u00e9ance (*selon l&rsquo;\u00e2ge des petits spectateurs). Possibilit\u00e9 de jouer 2 s\u00e9ances dans la m\u00eame 1\/2 journ\u00e9e. GOUTERS d&lsquo;ANNIVERSAIRES&nbsp; :&nbsp; autour de 200 \u20ac selon la formule choisie. Se renseigner<\/p>\n","protected":false},"author":2,"featured_media":0,"parent":106,"menu_order":0,"comment_status":"closed","ping_status":"closed","template":"","meta":{"ngg_post_thumbnail":0},"_links":{"self":[{"href":"https:\/\/www.aufildutheatre.com\/index.php?rest_route=\/wp\/v2\/pages\/2701"}],"collection":[{"href":"https:\/\/www.aufildutheatre.com\/index.php?rest_route=\/wp\/v2\/pages"}],"about":[{"href":"https:\/\/www.aufildutheatre.com\/index.php?rest_route=\/wp\/v2\/types\/page"}],"author":[{"embeddable":true,"href":"https:\/\/www.aufildutheatre.com\/index.php?rest_route=\/wp\/v2\/users\/2"}],"replies":[{"embeddable":true,"href":"https:\/\/www.aufildutheatre.com\/index.php?rest_route=%2Fwp%2Fv2%2Fcomments&post=2701"}],"version-history":[{"count":20,"href":"https:\/\/www.aufildutheatre.com\/index.php?rest_route=\/wp\/v2\/pages\/2701\/revisions"}],"predecessor-version":[{"id":9079,"href":"https:\/\/www.aufildutheatre.com\/index.php?rest_route=\/wp\/v2\/pages\/2701\/revisions\/9079"}],"up":[{"embeddable":true,"href":"https:\/\/www.aufildutheatre.com\/index.php?rest_route=\/wp\/v2\/pages\/106"}],"wp:attachment":[{"href":"https:\/\/www.aufildutheatre.com\/index.php?rest_route=%2Fwp%2Fv2%2Fmedia&parent=2701"}],"curies":[{"name":"wp","href":"https:\/\/api.w.org\/{rel}","templated":true}]}}