{"id":2529,"date":"2010-03-02T13:40:31","date_gmt":"2010-03-02T12:40:31","guid":{"rendered":"http:\/\/harpie64.wordpress.com\/?page_id=2529"},"modified":"2022-11-13T18:36:25","modified_gmt":"2022-11-13T17:36:25","slug":"urrezko-liburua-malu-2","status":"publish","type":"page","link":"https:\/\/www.aufildutheatre.com\/?page_id=2529","title":{"rendered":"URREZKO LIBURUA: ZURE TXANDA MALUrentzat"},"content":{"rendered":"<p><a href=\"http:\/\/harpie64.files.wordpress.com\/2010\/03\/urresko-liburua1.jpg\"><img loading=\"lazy\" class=\"aligncenter size-medium wp-image-3211\" title=\"Urresko liburua\" src=\"http:\/\/www.aufildutheatre.com\/new\/wp-content\/uploads\/2010\/03\/Urresko-liburua-copie.jpg?w=400\" alt=\"\" width=\"400\" height=\"289\"><\/a><\/p>\n<p style=\"margin-bottom: 2em;\"><span style=\"font-size: 10pt;\"><strong><span style=\"color: #99cc00;\">Ikusgarri izigarri pollita, goxoa eta koloretsua. Bikain ! Milesker.<\/span> <\/strong><strong><span style=\"color: #b1934e;\">Donamartiriko eskola. <\/span><\/strong><\/span><\/p>\n<p style=\"margin-bottom: 2em;\"><span style=\"font-size: 10pt;\"><span style=\"color: #c6396b;\">Ikusgarri goxo <\/span><span style=\"color: #c6396b;\">bat, egiazko \u00ab\u00a0star\u00a0\u00bbbatekin igela. aste kargatu bat, sorpresa hiri batzuekin&#8230; Baina hala ! horrelakoak dira ere handien problemak. Maluk segi dezan lasaiki bidean..<\/span><span style=\"color: #c6396b;\">. G<\/span><span style=\"color: #c6396b;\">ero arte !<\/span> <span style=\"color: #b1934e;\">Julie Eihartzea. Hazparne.<\/span><\/span><\/p>\n<p style=\"margin-bottom: 2em;\"><span style=\"font-size: 10pt;\"><strong> <strong>aurrak oroituko dira momentu majikoa hortaz, bereziki 1\u00b0 urterkoak (CP) ikustez hain errexki ikasten dela irakurtzen.&nbsp;<span style=\"color: #b1934e;\">Eperra Ikastola Soh\u00fcta<\/span><\/strong><\/strong><\/span><\/p>\n<p style=\"margin-bottom: 2em;\"><span style=\"font-size: 10pt;\"><strong><span style=\"color: #2270dd;\">Bai ikusgarri pollita&#8230; haurrek bainan helduek ere beren haurko amtes goxo edo gaixtoak berriz orkoitagi zizkeiote. Segi hola. haurren plazerrarentzat. Milesker ! &#8211;&nbsp;Tr\u00e8s joli spectacle . Les enfants \u00e9taient captiv\u00e9s du d\u00e9but \u00e0 la fin. Bonne continuation et belles aventures \u00e0 Malu&#8230;<\/span><\/strong> <strong><span style=\"color: #b1934e;\">Lukuze eta Sumberraute Herriko etxea. <\/span><\/strong><\/span><\/p>\n<p style=\"margin-bottom: 2em;\"><span style=\"font-size: 10pt;\"><strong><span style=\"color: #99cc00;\">Momentu goxo batpasatu dugu Malurekin. bere penak eta pozak partekatuz, gureak ere arindu dira. Agian guk ere amets goxo eta alaitsuak egingo ditugu gauean&#8230; Laster arte!<\/span><\/strong> <strong><span style=\"color: #ac7f53;\">Reptou Eskola CP eta CE1<\/span><\/strong><\/span><\/p>\n<p><span style=\"font-size: 10pt;\"><strong><span style=\"color: #ac7f53;\"><span style=\"color: #00ccff;\">Milesker handi bat maluren ipuin liluragarri honentzat<\/span><span style=\"color: #00ccff;\">. <\/span><\/span><\/strong><strong><span style=\"color: #00ccff;\">Zinez miresgarria izan da haurrentzat eta helduentzat ! Maluren beste ipuinen zai gaude, espero dugu laister elgar ikusiko dugula berriz. &nbsp;Laister arte !<\/span> <\/strong><strong><span style=\"color: #c76e38;\">Ohakoa Miarritzeko Haurtzaindegia &nbsp;(64)<\/span><\/strong><\/span><br \/>\n<a href=\"http:\/\/www.aufildutheatre.com\/new\/?attachment_id=2285\" rel=\"attachment wp-att-2285\"><img loading=\"lazy\" class=\"aligncenter size-medium wp-image-2285\" style=\"clear: both;\" title=\"tete de piafs copie\" src=\"http:\/\/harpie64.files.wordpress.com\/2010\/02\/tete-de-piafs-copie1.jpg?w=233\" alt=\"\" width=\"101\" height=\"128\"><\/a><\/p>\n<div style=\"position: relative; left: 7em; height: 120px;\"><strong><strong><br \/>\n<a href=\"http:\/\/www.aufildutheatre.com\/new\/?attachment_id=2222\" rel=\"attachment wp-att-2222\"><img loading=\"lazy\" class=\"size-medium wp-image-2222\" style=\"position: absolute; left: 0em; top: 0;\" title=\"Photoffiche-malou-web\" src=\"http:\/\/harpie64.files.wordpress.com\/2010\/01\/photoffiche-malou-web.jpg?w=400\" alt=\"\" width=\"144\" height=\"93\"><\/a><\/strong><\/strong><\/p>\n<ul style=\"font-size: 1.3em; position: absolute; left: 11em; top: 0; padding-top: 0; margin-top: 0;\">\n<li><a href=\"https:\/\/www.aufildutheatre.com\/?page_id=2529\"><span style=\"text-decoration: underline;\"><span style=\"color: #1a4be4;\">Urrezko Liburua<\/span><\/span><\/a><\/li>\n<li><a href=\"https:\/\/www.aufildutheatre.com\/?page_id=2520\" target=\"_self\" rel=\"noopener noreferrer\"><span style=\"text-decoration: underline;\"><span style=\"color: #1a4be4;\">Baldintza Teknikoak<\/span><\/span><\/a><\/li>\n<li><a href=\"https:\/\/www.aufildutheatre.com\/?page_id=3718\" target=\"_self\" rel=\"noopener noreferrer\"><span style=\"text-decoration: underline;\"><span style=\"color: #1a4be4;\">Prezioak<\/span><\/span><\/a><\/li>\n<li><a href=\"https:\/\/www.aufildutheatre.com\/?page_id=2531\" target=\"_self\" rel=\"noopener noreferrer\"><span style=\"text-decoration: underline;\"><span style=\"color: #1a4be4;\">Argazkiak <\/span><\/span><\/a><\/li>\n<\/ul>\n<\/div>\n","protected":false},"excerpt":{"rendered":"<p>Ikusgarri izigarri pollita, goxoa eta koloretsua. Bikain ! Milesker. Donamartiriko eskola. Ikusgarri goxo bat, egiazko \u00ab\u00a0star\u00a0\u00bbbatekin igela. aste kargatu bat, sorpresa hiri batzuekin&#8230; Baina hala ! horrelakoak dira ere handien problemak. Maluk segi dezan lasaiki bidean&#8230; Gero arte ! Julie<\/p>\n","protected":false},"author":2,"featured_media":0,"parent":137,"menu_order":0,"comment_status":"closed","ping_status":"closed","template":"","meta":{"ngg_post_thumbnail":0},"_links":{"self":[{"href":"https:\/\/www.aufildutheatre.com\/index.php?rest_route=\/wp\/v2\/pages\/2529"}],"collection":[{"href":"https:\/\/www.aufildutheatre.com\/index.php?rest_route=\/wp\/v2\/pages"}],"about":[{"href":"https:\/\/www.aufildutheatre.com\/index.php?rest_route=\/wp\/v2\/types\/page"}],"author":[{"embeddable":true,"href":"https:\/\/www.aufildutheatre.com\/index.php?rest_route=\/wp\/v2\/users\/2"}],"replies":[{"embeddable":true,"href":"https:\/\/www.aufildutheatre.com\/index.php?rest_route=%2Fwp%2Fv2%2Fcomments&post=2529"}],"version-history":[{"count":2,"href":"https:\/\/www.aufildutheatre.com\/index.php?rest_route=\/wp\/v2\/pages\/2529\/revisions"}],"predecessor-version":[{"id":8089,"href":"https:\/\/www.aufildutheatre.com\/index.php?rest_route=\/wp\/v2\/pages\/2529\/revisions\/8089"}],"up":[{"embeddable":true,"href":"https:\/\/www.aufildutheatre.com\/index.php?rest_route=\/wp\/v2\/pages\/137"}],"wp:attachment":[{"href":"https:\/\/www.aufildutheatre.com\/index.php?rest_route=%2Fwp%2Fv2%2Fmedia&parent=2529"}],"curies":[{"name":"wp","href":"https:\/\/api.w.org\/{rel}","templated":true}]}}