{"id":2457,"date":"2010-02-26T20:31:40","date_gmt":"2010-02-26T18:31:40","guid":{"rendered":"http:\/\/harpie64.wordpress.com\/?page_id=2457"},"modified":"2022-11-13T18:16:46","modified_gmt":"2022-11-13T17:16:46","slug":"le-livre-dor-2-de-zoe-joue","status":"publish","type":"page","link":"https:\/\/www.aufildutheatre.com\/?page_id=2457","title":{"rendered":"Le livre d&rsquo;or (suite) de Zo\u00e9 joue avec les ou"},"content":{"rendered":"<h4><span style=\"color: #ffff00; font-size: 10pt;\">Quand on lit le plaisir et la joie dans les yeux des enfants c&rsquo;est que tout est r\u00e9ussi ! Il faut continuer, pour eux, pour nous, pour vous aussi. C&rsquo;est un grand plaisir de voir toutes ces frimousses rire aux \u00e9clats&#8230; Enfin un spectacle adapt\u00e9 aux tout petits ! Un grand Merci !<\/span><span style=\"font-size: 12pt;\"><strong><span style=\"color: #ffff00;\"> Cr\u00e8che de st Pierre du Mont 40. <\/span><\/strong><\/span><\/h4>\n<p><span style=\"color: #bfad40;\">Spectacle adapt\u00e9 au jeune public, les enfants ont \u00e9t\u00e9 attentifs. Clart\u00e9 de l&rsquo;expression des com\u00e9diennes. Les adultes se sont passionn\u00e9s au m\u00eame titre que les enfants. Un grand merci pour votre intervention de qualit\u00e9. Une merveille !!!<\/span><strong><span style=\"color: #bfad40;\"> C. Boutteville Ram pays de Coutras 33. <\/span><\/strong><\/p>\n<p><span style=\"color: #1f64df;\">Spectacle tr\u00e8s int\u00e9ressant et enrichissant. Les enfants ont ador\u00e9 et se sont vite laiss\u00e9 prendre dans l&rsquo;histoire. Le d\u00e9cor, le mat\u00e9riel, les marionnettes tr\u00e8s original et accrocheur pour les enfants. Vive Zo\u00e9 !<\/span><strong><span style=\"color: #1f64df;\"> C.tre de loisir Mouriscot \u00e0 Biarritz64. <\/span><\/strong><\/p>\n<p><span style=\"color: #f2710c;\">Une nouvelle rencontre avec zo\u00e9 joue avec les OU ! et jamais d\u00e9cus!! beau spectacle ludique et attractif pour nos \u00ab\u00a0p&rsquo;tits bouts \u00ab\u00a0! les enfants ont retenu le hibou , le n\u00e9l\u00e9phant et \u00ab\u00a0la girafe\u00a0\u00bb&#8230;<a href=\"http:\/\/www.aufildutheatre.com\/new\/?attachment_id=2080\" rel=\"attachment wp-att-2080\"><img loading=\"lazy\" class=\"alignright size-thumbnail wp-image-2080\" title=\"pte-giraffe\" src=\"http:\/\/www.aufildutheatre.com\/new\/wp-content\/uploads\/2010\/02\/pte-giraffe.jpg?w=46\" alt=\"\" width=\"46\" height=\"150\"><\/a><br \/>\n<\/span><\/p>\n<p><span style=\"color: #f2710c;\">Belles couleurs, magie&#8230; A Bient\u00f4t Zo\u00e9 pour une prochaine rencontre ! On ne se lasse pas de toi ! <strong> Relais d&rsquo;assistantes maternelle de Grenade sur Adour 40.<\/strong><\/span><\/p>\n<p><span style=\"color: #9ad22c;\">Petits et grands repartent enchant\u00e9s par ce spectacle plein d&rsquo;humour et de tendresse. Merci pour cette spontan\u00e9it\u00e9 avec les petits bambins et pour votre professionnalisme. <\/span><strong><span style=\"color: #9ad22c;\">Ram de Carbon blanc 33. <\/span><\/strong><\/p>\n<p><span style=\"color: #800080;\">Merci pour ce tr\u00e8s joli spectacle o\u00f9 Zo\u00e9 nous a tous \u00e9tonn\u00e9s petits et grands.<\/span><strong><span style=\"color: #800080;\"> Multi accueil de MIOS 33<\/span>. <\/strong><\/p>\n<p><span style=\"color: #ce3089;\">Un joli spectacle tout en douceur et \u00e9motion. Tr\u00e8s peu de pleurs&#8230; ce qui constitue un tr\u00e8s bon signe de r\u00e9ussite pour un \u00e9tablissement comme le n\u00f4tre. Nous esp\u00e9rons \u00e0 bient\u00f4t pour une nouvelle histoire enchant\u00e9e.<\/span><strong><span style=\"color: #ce3089;\"> Cr\u00e8che Varsovie \u00e0 Toulouse 31. <\/span><\/strong><\/p>\n<p><span style=\"color: #ea6114;\">Merci beaucoup pour ce spectacle plein de couleurs et de po\u00e9sie. Il a \u00e9t\u00e9 appr\u00e9ci\u00e9 autant par les enfants de 1 \u00e0 3 ans que par les adultes. <a href=\"http:\/\/www.aufildutheatre.com\/new\/?attachment_id=2081\" rel=\"attachment wp-att-2081\"><img loading=\"lazy\" class=\"alignleft size-thumbnail wp-image-2081\" title=\"page joujou\" src=\"http:\/\/www.aufildutheatre.com\/new\/wp-content\/uploads\/2010\/02\/page-joujou.jpg?w=190\" alt=\"\" width=\"190\" height=\"124\" srcset=\"https:\/\/www.aufildutheatre.com\/wp-content\/uploads\/2010\/02\/page-joujou.jpg 753w, https:\/\/www.aufildutheatre.com\/wp-content\/uploads\/2010\/02\/page-joujou-300x196.jpg 300w\" sizes=\"(max-width: 190px) 100vw, 190px\" \/><\/a> Bravo pour Zo\u00e9 et ses mots en \u00ab\u00a0OU\u00a0\u00bb. Une h<span style=\"color: #000000;\"><span style=\"color: #ea6114;\">istoire bien ficel\u00e9e du d\u00e9but \u00e0 la fin, bien adapt\u00e9e dans le mouvement et la dur\u00e9e. Super!&#8230; F\u00e9licitation \u00e0 la com\u00e9dienne ! <\/span><strong><span style=\"color: #ea6114;\">Multi accueil Arc en ciel de Bidache 64. <\/span><\/strong><\/span><\/span><\/p>\n<p><span style=\"color: #ffcc00;\">Beaucoup de fra\u00eecheur et d&rsquo;originalit\u00e9. Visiter la chambre de Zo\u00e9 f\u00fbt un grand sourire et un grand plaisir. Merci \u00e0 la com\u00e9dienne.<\/span><strong><span style=\"color: #ffcc00;\"> Ecole Jeanne d&rsquo;arc \u00e0 Tarbes.65<\/span><span style=\"color: #ffcc00;\">. <\/span><\/strong><\/p>\n<p><span style=\"color: #3366ff;\">Spectacle tr\u00e8s vivant, sensible, surprenant !! La chambre de zo\u00e9 est pleine de petits et grands secrets ! Un tr\u00e8s bon moment. Tout public, avec beaucoup de r\u00e9f\u00e9rences litt\u00e9raires et de jeux de mots. A recommander + + !!<\/span><strong><span style=\"color: #3366ff;\"> Gilles de l&rsquo;Association les Poquets \u00e0 Bedous 64.<\/span> <\/strong><\/p>\n<p><span style=\"color: #99cc00;\">Tr\u00e8s beau spectacle . Les d\u00e9cors sont tr\u00e8s amusants: cet \u00e9norme cartable, cette grande malle, cette lampe girafe&#8230; Un bon moment appr\u00e9ci\u00e9 par les petits et &nbsp;les grands.<\/span><strong><span style=\"color: #99cc00;\"> Ram de S\u00e9m\u00e9ac 65. <\/span><\/strong><\/p>\n<p><span style=\"color: #d92562;\">Apr\u00e8s avoir vu Poum l&rsquo;an dernier, nous avons eu la chance d&rsquo;accueillir encore aujourd&rsquo;hui, un superbe spectacle po\u00e9tique. Vous avez su captiver les petits et les grands. Tout notre encouragement pour continuer votre travail recherch\u00e9 et sensible. <\/span><strong><span style=\"color: #d92562;\">Cr\u00e8che J. julien \u00e0 Toulouse 31.<\/span><\/strong><\/p>\n<p><span style=\"color: #f1a40d;\">Pour la deuxi\u00e8me fois on est ressorti sous le charme d&rsquo;un spectacle de grande qualit\u00e9. Petits et grands sont \u00e9merveill\u00e9s. Ce spectacle est pr\u00e9sent\u00e9 par une com\u00e9dienne professionnelle qui conna\u00eet tr\u00e8s bien la petite enfance&#8230; Peut \u00eatre y est elle encore dedans gr\u00e2ce au personnage de Zo\u00e9 ? ! Tous nos encouragements \u00e0 une \u00ab\u00a0one woman show\u00a0\u00bb! Bravo et bonne route !<\/span><strong><span style=\"color: #f1a40d;\"> Multi accueil Pirouette \u00e0 Bayonne 64. <\/span><\/strong><\/p>\n<p><span style=\"color: #33cccc;\">Ce spectacle est un vrai r\u00e9gal pour les yeux et les oreilles. Beaucoup d&rsquo;imaginaire et d&rsquo;humour. Les enfants ont plaisir \u00e0 voir les deux artistes jouer. Il est certain que le souvenir restera dans nos m\u00e9moires<\/span><strong><span style=\"color: #33cccc;\">. Ram \u00e0 Bord\u00e8res 65. <\/span><\/strong><\/p>\n<p><span style=\"color: #deb420;\"><a href=\"http:\/\/www.aufildutheatre.com\/new\/?attachment_id=2084\" rel=\"attachment wp-att-2084\"><img loading=\"lazy\" class=\"alignleft size-thumbnail wp-image-2084\" title=\"zo\u00e9 mario copie\" src=\"http:\/\/www.aufildutheatre.com\/new\/wp-content\/uploads\/2010\/02\/zoe-mario-copie1.jpg?w=150\" alt=\"\" width=\"150\" height=\"150\" srcset=\"https:\/\/www.aufildutheatre.com\/wp-content\/uploads\/2010\/02\/zoe-mario-copie1.jpg 1743w, https:\/\/www.aufildutheatre.com\/wp-content\/uploads\/2010\/02\/zoe-mario-copie1-150x150.jpg 150w, https:\/\/www.aufildutheatre.com\/wp-content\/uploads\/2010\/02\/zoe-mario-copie1-300x298.jpg 300w, https:\/\/www.aufildutheatre.com\/wp-content\/uploads\/2010\/02\/zoe-mario-copie1-1023x1020.jpg 1023w\" sizes=\"(max-width: 150px) 100vw, 150px\" \/><\/a>Zo\u00e9 est venue nous rendre visite \u00e0 la cr\u00e8che ESTELLA, pour notre spectacle de No\u00ebl. Quel beau spectacle, qui nous a fait rire et qui nous a passionn\u00e9s, nous les enfants de la cr\u00e8che qui sommes un peu petits&#8230; Bravo ! Bravo et \u00e0 Bient\u00f4t ! <\/span><strong><span style=\"color: #deb420;\">Cr\u00e8che Estella \u00e0 Biarritz 64. <\/span><\/strong><\/p>\n<p><span style=\"color: #99cc00;\">La po\u00e9sie du spectacle, l&rsquo;imagination, les mots&#8230; Un tout tr\u00e8s gai qui a ravi grands et petits.<\/span><strong><span style=\"color: #99cc00;\"> <span style=\"font-weight: normal;\">Merci.<\/span> Halte garderie Lous petits Esberits Villeneuve Marsan 40.<\/span><\/strong><\/p>\n<p><span style=\"color: #c23d8a;\">Spectacle tr\u00e8s appr\u00e9ci\u00e9 autant par les grands que par les petits et tout petits&#8230; Son originalit\u00e9 et le message: travailler en s&rsquo;amusant ! nous a s\u00e9duits. Personnages et marionnettes tr\u00e8s attachants&#8230; Milesker A tr\u00e8s bient\u00f4t ! <\/span><strong><span style=\"color: #c23d8a;\">Association Ttipien etxea \u00e0 Espelette 64.<\/span><\/strong><\/p>\n<p><strong><span style=\"color: #c23d8a;\"><span style=\"color: #ffcc00;\">\u00ab\u00a0J&rsquo;aime tes genoux\u00a0\u00bb, \u00ab\u00a0Super tes genoux\u00a0\u00bb \u00ab\u00a0m\u00eame pas eu peur\u00a0\u00bb Papoum il \u00e9tait trop rigolo quand il mangeait du chou\u00a0\u00bb &#8230; Emma, tr\u00e8s soucieuse pour confiture \u00ab\u00a0abandonn\u00e9\u00a0\u00bb par Zo\u00e9. Tr\u00e8s bon moment, m\u00eame captivant parfois !&nbsp;Tr\u00e8s bonnes id\u00e9es dans ce spectacle. Tr\u00e8s visuel.<\/span> <span style=\"color: #ff9900;\">Argitxu (2 ans 1\/2), Emma (2 ans), Kilian 1 an 1\/2 et Claudine nounou de 58 ans.<\/span> <\/span><\/strong><\/p>\n<p><strong><span style=\"color: #c23d8a;\"><span style=\"color: #20a9de;\">Un spectacle tr\u00e8s surprenant et tr\u00e8s vivant. Tout interpelle les enfants ! Et voila! C&rsquo;est \u00e0 tout cela que l&rsquo;on souhaite \u00e9veiller nos tous petits. Il ne manque rien: la musique, les couleurs, les mati\u00e8res, les formes&#8230; l&rsquo;humour ! C&rsquo;est un moment de plaisir aussi bien pour les petits que pour les grands. Merci beaucoup ! Et vive le spectacle vivant !<\/span> <span style=\"color: #157296;\">B\u00e9n\u00e9dicte &nbsp;Cr\u00e8che familiale CCAS de Mt de Marsan. (40) <\/span><\/span><\/strong><\/p>\n<p><span style=\"color: #e62260;\"><strong>Ce fut un grand plaisir de vous recevoir \u00e0 la cr\u00e8che Dongexenia pour ce formidable spectacle qu&rsquo;est \u00ab\u00a0ZOE JOUE AVEC LES OU\u00a0\u00bb Vivant, dr\u00f4le et adapt\u00e9 aux petits comme aux grands ! Nous avons pass\u00e9 un tr\u00e8s bon moment! Un grand merci de la part de tous d&rsquo;avoir propos\u00e9 cette version en bilingue ce qui a permit aux bascophnones d&rsquo;avoir enfin un spectacle o\u00f9 ils peuvent entendre le basque. A Bient\u00f4t !<\/strong> <\/span><span style=\"color: #e65381;\"><span style=\"color: #f07fa3;\">L&rsquo;\u00e9quipe Dongexenia d&rsquo; Hendaye. 20\/03\/2017<\/span> <\/span><\/p>\n<p><span style=\"color: #33cccc;\">Spectacle super que notre Jeune Public a appr\u00e9ci\u00e9. Continuez \u00e0 nous donner 40 Mn de plaisir. <a href=\"http:\/\/www.aufildutheatre.com\/new\/wp-content\/uploads\/2010\/02\/tamponse1.jpg\"><img loading=\"lazy\" class=\"aligncenter size-full wp-image-657\" src=\"http:\/\/www.aufildutheatre.com\/new\/wp-content\/uploads\/2010\/02\/tamponse1.jpg\" alt=\"\" width=\"91\" height=\"81\"><\/a><\/span><\/p>\n<p><span style=\"color: #33cccc;\">Bonne chance au petit Poucet pour retrouver sa maison avec l&rsquo;aide de Zo\u00e9.<\/span> <span style=\"color: #0c85c2;\">Association Ribambelle de Biscarrosse (40) <\/span><\/p>\n<p>&nbsp;<\/p>\n<p>&nbsp;<\/p>\n<p>&nbsp;<\/p>\n<div style=\"position: relative; margin-left: 9.5em; height: 250px;\">\n<p><a href=\"http:\/\/harpie64.files.wordpress.com\/2010\/01\/zoe-joue-avec-les-ou-face.jpg\"><img loading=\"lazy\" class=\"alignleft size-thumbnail wp-image-2434\" style=\"position: absolute; top: 1em;\" title=\"zoe joue avec les ou face\" src=\"http:\/\/www.aufildutheatre.com\/new\/wp-content\/uploads\/2010\/02\/zoe-joue-avec-les-ou-face.jpg?w=135\" alt=\"\" width=\"108\" height=\"120\"><\/a><\/p>\n<ul style=\"position: absolute; top: 1em; right: 1em; font-size: 1.3em; color: #6191ba;\">\n<li><a href=\"https:\/\/www.aufildutheatre.com\/?page_id=1794\" target=\"_self\" rel=\"noopener\"><span style=\"text-decoration: underline;\"><span style=\"color: #0000ff;\">Les conditions techniques <\/span><\/span><\/a><\/li>\n<li><a href=\"https:\/\/www.aufildutheatre.com\/?page_id=2704\" target=\"_self\" rel=\"noopener\"><span style=\"text-decoration: underline;\"><span style=\"color: #0000ff;\">Les tarifs <\/span><\/span><\/a><\/li>\n<li><a href=\"https:\/\/www.aufildutheatre.com\/?page_id=1765\" target=\"_self\" rel=\"noopener\"><span style=\"text-decoration: underline;\"><span style=\"color: #0000ff;\">Plus de photos ?<\/span><\/span><\/a><\/li>\n<li><a href=\"https:\/\/www.aufildutheatre.com\/?page_id=1805\" target=\"_self\" rel=\"noopener\"><span style=\"text-decoration: underline;\"><span style=\"color: #0000ff;\">Retour au spectacle <\/span><\/span><\/a><\/li>\n<\/ul>\n<p>&nbsp;<\/p>\n<\/div>\n","protected":false},"excerpt":{"rendered":"<p>Quand on lit le plaisir et la joie dans les yeux des enfants c&rsquo;est que tout est r\u00e9ussi ! Il faut continuer, pour eux, pour nous, pour vous aussi. C&rsquo;est un grand plaisir de voir toutes ces frimousses rire aux<\/p>\n","protected":false},"author":2,"featured_media":0,"parent":167,"menu_order":0,"comment_status":"closed","ping_status":"closed","template":"","meta":{"ngg_post_thumbnail":0},"_links":{"self":[{"href":"https:\/\/www.aufildutheatre.com\/index.php?rest_route=\/wp\/v2\/pages\/2457"}],"collection":[{"href":"https:\/\/www.aufildutheatre.com\/index.php?rest_route=\/wp\/v2\/pages"}],"about":[{"href":"https:\/\/www.aufildutheatre.com\/index.php?rest_route=\/wp\/v2\/types\/page"}],"author":[{"embeddable":true,"href":"https:\/\/www.aufildutheatre.com\/index.php?rest_route=\/wp\/v2\/users\/2"}],"replies":[{"embeddable":true,"href":"https:\/\/www.aufildutheatre.com\/index.php?rest_route=%2Fwp%2Fv2%2Fcomments&post=2457"}],"version-history":[{"count":3,"href":"https:\/\/www.aufildutheatre.com\/index.php?rest_route=\/wp\/v2\/pages\/2457\/revisions"}],"predecessor-version":[{"id":8059,"href":"https:\/\/www.aufildutheatre.com\/index.php?rest_route=\/wp\/v2\/pages\/2457\/revisions\/8059"}],"up":[{"embeddable":true,"href":"https:\/\/www.aufildutheatre.com\/index.php?rest_route=\/wp\/v2\/pages\/167"}],"wp:attachment":[{"href":"https:\/\/www.aufildutheatre.com\/index.php?rest_route=%2Fwp%2Fv2%2Fmedia&parent=2457"}],"curies":[{"name":"wp","href":"https:\/\/api.w.org\/{rel}","templated":true}]}}