{"id":1805,"date":"2010-02-19T17:44:03","date_gmt":"2010-02-19T16:44:03","guid":{"rendered":"http:\/\/harpie64.wordpress.com\/livre-dor-zoe-joue\/"},"modified":"2025-12-15T11:42:24","modified_gmt":"2025-12-15T10:42:24","slug":"livre-dor-zoe-joue","status":"publish","type":"page","link":"https:\/\/www.aufildutheatre.com\/?page_id=1805","title":{"rendered":"Livre d&rsquo;or de Zo\u00e9 joue avec les \u00ab\u00a0ou\u00a0\u00bb"},"content":{"rendered":"<p><a href=\"http:\/\/www.aufildutheatre.com\/new\/?attachment_id=2033\" rel=\"attachment wp-att-2033\"><img loading=\"lazy\" class=\"aligncenter size-medium wp-image-2033\" title=\"livre or et rouge\" src=\"http:\/\/www.aufildutheatre.com\/new\/wp-content\/uploads\/2010\/03\/livre-or-et-rougeleger.jpg?w=400\" alt=\"\" width=\"400\" height=\"289\"><\/a><\/p>\n<p><span style=\"color: #800080;\">Milesker ! Au nom de toute l&rsquo;\u00e9quipe de Cape Idron pour votre spectacle dr\u00f4le, \u00e9mouvant qui a ravi petits et grands! Au plaisir de vous revoir parmi nous un jour. On vous dit laster artio et vous souhaite de bonnes f\u00eates de fin d&rsquo;ann\u00e9e Bonne continuation avec votre super spectacle. Mention sp\u00e9ciale \u00e0 lalu qui g\u00e8re comme une chef ! Adishatz et au plaisir.<\/span> <span style=\"color: #00ffff;\">L&rsquo;\u00e9quipe de cape Idron d\u00e9c 23<\/span><\/p>\n<p><span style=\"font-size: 10pt;\"><span style=\"color: #d9255f;\"><span style=\"font-size: 12pt;\"><span style=\"color: #0db4de;\">Merci beaucoup pour ce moment tout en douceur et po\u00e9sie que les enfants ont ador\u00e9.&nbsp; Les adultes sont retomb\u00e9s en enfance, Chouette ! Merci&nbsp; \u00e0 la com\u00e9dienne pour beau partage seule en sc\u00e8ne avec tous ces personnages. Bravo! au plaisir de retrouver Zo\u00e9 bient\u00f4t !<\/span> <span style=\"color: #ff9900;\">Chantal Cr\u00e8che Rive gauche PAU D\u00e9c 2022<\/span><\/span><br \/>\n<\/span><\/span><\/p>\n<p><span style=\"color: #ff6600;\">Merci pour ce beau spectacle plein d humour et de po\u00e9sie, de Zo\u00e9 et tous ses amis qui a beaucoup plu \u00e0 tous les enfants des classes de maternelle et Cp inclus.&nbsp;<\/span> <span style=\"color: #99cc00;\">Sandrine T Enseignante Ecole Lahubiague Bayonne <span style=\"color: #ff9900;\">Un tr\u00e9s beau moment agr\u00e9able et surprenant.&nbsp; Merci beaucoup ! <\/span><span style=\"color: #5acc5a;\">Les Atsem de l&rsquo;\u00e9cole Nov 2022<br \/>\n<\/span><\/span><\/p>\n<p><span style=\"color: #bf80a0;\">Merci ! Un tr\u00e8s joli moment \u00e0 la salle Maurice Thorez de Tarnos avec ZOE interpr\u00e9t\u00e9 par Ainez Com\u00e9dienne talentueuse aid\u00e9e de ses complices &#8230;Les enfants et leurs parents vous remercient aussi.&nbsp; <\/span><span style=\"color: #e067a4;\">Le service petite enfance de Tarnos Oct 2022<br \/>\n<\/span><\/p>\n<p><span style=\"color: #e067a4;\">Hou Hou Hou Hou&nbsp; Sapristou c&rsquo;\u00e9tait trop chou ! Merci !<\/span> <span style=\"color: #bf80a0;\">V\u00e9ronique Lemonnier Directrice Education Tarnos Oct 2022<br \/>\n<\/span><\/p>\n<h6><strong><span style=\"font-size: 10pt;\"><span style=\"color: #d9255f;\">Ce spectacle \u00e9tait vraiment CHOU pour nos petits POUX&#8230; &nbsp;qui avaient des yeux GRANDS comme ceux des&#8230;HIBOUX, &nbsp;brillants comme des BIJOUX. BRAVOU !! &#8230;<\/span><span style=\"color: #d9255f;\"><a href=\"http:\/\/www.aufildutheatre.com\/new\/?attachment_id=2049\" rel=\"attachment wp-att-2049\"><img loading=\"lazy\" class=\"alignleft size-thumbnail wp-image-2049\" title=\"rond hiboutpt\" src=\"http:\/\/harpie64.files.wordpress.com\/2010\/02\/rond-hiboutpt.jpg?w=145\" alt=\"\" width=\"145\" height=\"150\"><\/a>&#8230; Laisser vos petits cailloux derri\u00e8re vous, pour que l&rsquo;on puisse vous retrouver !!! BISOUX.<span style=\"color: #ffcc00;\"> Maternelle Falcucci&nbsp; Toulouse 31.<\/span><\/span><\/span><\/strong><\/h6>\n<p><span style=\"color: #389ce8;\">Bravo pour ce spectacle qui a accroch\u00e9 petits et grands. Pas de HOU&#8230;! &nbsp;Mais beaucoup de Bravous !! <\/span><span style=\"color: #ffcc00;\">Maternelle J. Jaures&nbsp; Parempuyre 33. <\/span><\/p>\n<p><span style=\"color: #e85454;\">Spectacle Inventif, color\u00e9, vari\u00e9, cr\u00e9atif riche&#8230; les petits spectateurs en sont \u00e9bahis ! Leur imaginaire en sort enrichi: Mission accomplie ! <\/span><span style=\"color: #ffcc00;\">Maternelle G. Larieu Dax 40.<\/span><\/p>\n<p><span style=\"color: #ff9900;\">Zo\u00e9 ! &nbsp; &nbsp; Zo\u00e9 ! &nbsp; &nbsp; Zo\u00e9 ! &nbsp; &nbsp;Tu nous as enchant\u00e9s&#8230; &nbsp; Tes histoires, nous les avons bien \u00e9cout\u00e9es, si bien qu&rsquo;apr\u00e8s, tout le monde chantait&#8230; <\/span><\/p>\n<p><span style=\"color: #ff9900;\">Poum papapoum pad\u00e8re poum papa poum&#8230; la chanson de &nbsp;Papoum l&rsquo;\u00e9l\u00e9phant. &nbsp;<a style=\"color: #ff9900;\" href=\"http:\/\/www.aufildutheatre.com\/new\/?attachment_id=2059\" rel=\"attachment wp-att-2059\"><img loading=\"lazy\" class=\"alignright size-thumbnail wp-image-2059\" title=\"tete papoum\" src=\"http:\/\/www.aufildutheatre.com\/new\/wp-content\/uploads\/2010\/02\/tete-papoum1.jpg?w=135\" alt=\"\" width=\"135\" height=\"150\"><\/a><\/span><\/p>\n<p><span style=\"color: #ffcc00;\"><span style=\"color: #ff9900;\">Bisous. A l&rsquo;ann\u00e9e prochaine !<\/span> Cr\u00e8che Jolimont Toulouse 31.<\/span><\/p>\n<p><span style=\"color: #99cc00;\">Un tr\u00e8s beau moment agr\u00e9able et surprenant. Merci beaucoup pour ce spectacle amusant et inventif \u00e0 souhait qui a beaucoup plus aux enfants&#8230;. et aux adultes pr\u00e9sents.&nbsp;<\/span> <span style=\"color: #339966;\">Enseignante maternelle Lahubiague Bayonne<\/span><\/p>\n<p><span style=\"color: #99ccff;\">Tr\u00e8s jolies voix, jolis visages, beaucoup de tendresse et d&rsquo;humour dans votre jeu. Un moment imaginaire qui entra\u00eene aussi les parents merci \u00e0 vous deux&#8230;trois&#8230; quatre&#8230; <\/span><span style=\"color: #ffcc00;\">Cr\u00e8che Caussade 82.<\/span><\/p>\n<p><span style=\"color: #c5a33a;\">Une histoire de pou ou d&rsquo;araign\u00e9e, de chou ou de salade, de hibou ou de chouette&#8230;Hi hi hi &#8230; qui nous a \u00e9merveill\u00e9s. Spectacle dynamique et bien sympathique ! \u00ab\u00a0Bizous \u00ab\u00a0de nous tous.<\/span><span style=\"color: #ffcc00;\"> Maternelle Ville Hendaye 64. <\/span><\/p>\n<p><span style=\"color: #ff6600;\">Zo\u00e9 tu nous as transport\u00e9s encore une fois au pays des OU par le rire, l&rsquo;\u00e9merveillement, la surprise, &nbsp;dans un \u00e9clat de couleurs et de rebondissements o\u00f9 le geste et les mots sont charg\u00e9s d&rsquo;\u00e9motions \u00e0 chaque instant. &nbsp;Zo\u00e9 continue de faire briller les yeux des p&rsquo;tits loups et rire les enfants. Bisou<\/span><span style=\"text-decoration: line-through;\"><span style=\"color: #ff6600; text-decoration: line-through;\">x<\/span><\/span><span style=\"color: #ff6600;\"> s de tous. <\/span> <span style=\"color: #ffcc00;\">Institut familial \u00e0 Montauban&nbsp;82.<\/span><\/p>\n<p><span style=\"color: #ffff00;\">Merci pour ce tr\u00e8s beau spectacle: Fra\u00eecheur, tendresse, surprises sans fin. F\u00e9licitation aux actrices qui savent si bien r\u00e9jouir les jeunes enfants.<\/span> <span style=\"color: #ffcc00;\">Multi accueil des coteaux Cadillac 33.<\/span><\/p>\n<p><span style=\"color: #3fab66;\">Les couleurs, les personnages et marionnettes attachants, un fabuleux d\u00e9cor&#8230; nous ont<a href=\"http:\/\/www.aufildutheatre.com\/new\/?attachment_id=2077\" rel=\"attachment wp-att-2077\"><img loading=\"lazy\" class=\"alignright size-thumbnail wp-image-2077\" title=\"cabane fee\" src=\"http:\/\/www.aufildutheatre.com\/new\/wp-content\/uploads\/2010\/02\/cabane-fee.jpg?w=190\" alt=\"\" width=\"190\" height=\"142\" srcset=\"https:\/\/www.aufildutheatre.com\/wp-content\/uploads\/2010\/02\/cabane-fee.jpg 3072w, https:\/\/www.aufildutheatre.com\/wp-content\/uploads\/2010\/02\/cabane-fee-300x225.jpg 300w, https:\/\/www.aufildutheatre.com\/wp-content\/uploads\/2010\/02\/cabane-fee-1024x768.jpg 1024w\" sizes=\"(max-width: 190px) 100vw, 190px\" \/><\/a><\/span><span style=\"color: #3fab66;\"> fait passer petits et grands un merveilleux moment.<\/span><span style=\"color: #ffcc00;\"> Multi Accueil Langoiran 33.<\/span><\/p>\n<p><span style=\"color: #ffcc99;\">Spectacle tr\u00e8s frais et tr\u00e8s adapt\u00e9 aux enfants de 1 an \u00e0 6 ans. Un retour \u00e0 l&rsquo;enfance tr\u00e8s agr\u00e9able. Merci. &nbsp;Bonne continuit\u00e9 !<\/span><span style=\"color: #ffcc00;\"> CLSH et Ram Grenade 40.<\/span><\/p>\n<p><span style=\"color: #d72840;\">Nous avons eu le plaisir de rencontrer Zo\u00e9, son livre et sa malle magique. spectacle tr\u00e8s inventif, plein de couleurs et d&rsquo;images. Nos b\u00e9b\u00e9s manquaient juste un peu de vocabulaire pour participer activement mais leurs yeux en disaient long ! A Bient\u00f4t merci <\/span> <span style=\"color: #ffcc00;\">Cr\u00e8che Mouriscot Biarritz 64.<\/span><\/p>\n<p><span style=\"color: #d72840;\"><span style=\"color: #dfc2d4;\"><span style=\"color: #33cccc;\">Merci pour ces bons moments joyeux et po\u00e9tiques. petits et grands ont \u00e9t\u00e9 enchant\u00e9s par ces s\u00e9ances de Zo\u00e9 au Pole petite enfance. Agn\u00e8s, nous te souhaitons un long chemin sem\u00e9 d&rsquo;autres belles histoires. <\/span><\/span><\/span><span style=\"color: #ffcc00;\">H\u00e9l\u00e8ne, Joelle, &nbsp;St\u00e9phanie, Anne Sophie du Relais d&rsquo;assistantes maternelles de Montauban. 82<\/span><\/p>\n<p><span style=\"color: #d72840;\"><span style=\"color: #dfc2d4;\"><span style=\"color: #88ea14;\">Beau voyage dans le monde des \u00ab\u00a0OU\u00a0\u00bb&#8230; Zo\u00e9 nous a fait vivre son imaginaire &nbsp;avec beaucoup de plaisir. Spectacle pour petits et grands&#8230; &nbsp;Merci Ainez pour ce joli moment !<\/span> <\/span><\/span><span style=\"color: #ffcc00;\">Espace petite enfance St alban 31<\/span><\/p>\n<p><span style=\"color: #ff6600;\">Un GRAND merci de la part de TOUS les enfants de l&rsquo;\u00e9cole maternelle Barthou qui ont beaucoup appr\u00e9ci\u00e9 le spectacle: L&rsquo;humour, l&rsquo;imaginaire, les \u00e9motions qui s&rsquo;en d\u00e9gagent.<\/span> <span style=\"color: #ffcc00;\">Les maitresses maternelle Louis Barthou Juran\u00e7on. Dec 16<\/span><\/p>\n<p><span style=\"color: #518dc9;\">Un tr\u00e8s joli moment \u00e0 Tarnos avec Zo\u00e9 et tous ses amis. Les enfants et leurs parents vous remercient beaucoup. <\/span><span style=\"color: #3b3bc4;\">Le service de la petite enfance de Tarnos<\/span><\/p>\n<p><span style=\"color: #d93b3b;\">Un spectacle interactif impliquant tous les enfants, parfaitement orchestr\u00e9 du d\u00e9but \u00e0 la fin. Nos enfants ont ri pendant toute la dur\u00e9e. Un spectacle adapt\u00e9 aux enfants de la petite section jusqu&rsquo;au CM1. Une belle exp\u00e9rience interg\u00e9n\u00e9rationnelle v\u00e9cue. Les deux prestataires au top, ouvertes, accueillantes et souriantes. \u00c0 la fin, les enfants ont eu l&rsquo;occasion d&rsquo;interagir avec elles et de manipuler doucement les marionnettes.<\/span> <span style=\"color: #ff9900;\">Centre de Loisir Jostaleku d&rsquo; Hasparren D\u00e9c 25<\/span><\/p>\n<p>&nbsp;<\/p>\n<h3><a href=\"https:\/\/www.aufildutheatre.com\/?page_id=2457\/\" target=\"_self\" rel=\"noopener noreferrer\"><strong><span style=\"color: #1a4be4;\">Lire la suite (&#8230;&#8230;) <\/span><\/strong><\/a><\/h3>\n<p><img loading=\"lazy\" class=\"aligncenter size-thumbnail wp-image-5745\" src=\"http:\/\/www.aufildutheatre.com\/new\/wp-content\/uploads\/2010\/01\/tete-de-piafs-copie-150x150.jpg\" alt=\"\" width=\"150\" height=\"150\"><\/p>\n<div style=\"position: relative; margin-left: 9.5em; height: 250px;\">\n<p><a href=\"http:\/\/harpie64.files.wordpress.com\/2010\/01\/zoe-joue-avec-les-ou-face.jpg\"><img loading=\"lazy\" class=\"alignleft size-thumbnail wp-image-2434\" style=\"position: absolute; top: 1em;\" title=\"zoe joue avec les ou face\" src=\"http:\/\/www.aufildutheatre.com\/new\/wp-content\/uploads\/2010\/02\/zoe-joue-avec-les-ou-face.jpg?w=150\" alt=\"\" width=\"120\" height=\"120\" srcset=\"https:\/\/www.aufildutheatre.com\/wp-content\/uploads\/2010\/02\/zoe-joue-avec-les-ou-face.jpg 408w, https:\/\/www.aufildutheatre.com\/wp-content\/uploads\/2010\/02\/zoe-joue-avec-les-ou-face-150x150.jpg 150w, https:\/\/www.aufildutheatre.com\/wp-content\/uploads\/2010\/02\/zoe-joue-avec-les-ou-face-300x300.jpg 300w\" sizes=\"(max-width: 120px) 100vw, 120px\" \/><\/a><\/p>\n<ul style=\"position: absolute; top: 1em; right: 4em; font-size: 1.3em; color: #6191ba;\">\n<li><a href=\"https:\/\/www.aufildutheatre.com\/?page_id=1805\" target=\"_self\" rel=\"noopener noreferrer\"><span style=\"text-decoration: underline;\"><span style=\"color: #0000ff; text-decoration: underline;\">Le livre d&rsquo;or <\/span><\/span><\/a><\/li>\n<li><a href=\"https:\/\/www.aufildutheatre.com\/?page_id=1794\" target=\"_self\" rel=\"noopener noreferrer\"><span style=\"text-decoration: underline;\"><span style=\"color: #0000ff; text-decoration: underline;\">Les conditions techniques <\/span><\/span><\/a><\/li>\n<li><a href=\"https:\/\/www.aufildutheatre.com\/?page_id=2704\" target=\"_self\" rel=\"noopener noreferrer\"><span style=\"text-decoration: underline;\"><span style=\"color: #0000ff; text-decoration: underline;\">Les tarifs <\/span><\/span><\/a><\/li>\n<li><a href=\"https:\/\/www.aufildutheatre.com\/?page_id=1765\" target=\"_self\" rel=\"noopener noreferrer\"><span style=\"text-decoration: underline;\"><span style=\"color: #0000ff; text-decoration: underline;\">Plus de photos ?<\/span><\/span><\/a><\/li>\n<li><a href=\"https:\/\/www.aufildutheatre.com\/wp-content\/uploads\/2019\/03\/FichepedaZOE.pdf\"><span style=\"text-decoration: underline;\"><span style=\"color: #0000ff; text-decoration: underline;\">Fiche p\u00e9dagogique<\/span><\/span><\/a><\/li>\n<\/ul>\n<\/div>\n<p>&nbsp;<\/p>\n","protected":false},"excerpt":{"rendered":"<p>Milesker ! Au nom de toute l&rsquo;\u00e9quipe de Cape Idron pour votre spectacle dr\u00f4le, \u00e9mouvant qui a ravi petits et grands! Au plaisir de vous revoir parmi nous un jour. On vous dit laster artio et vous souhaite de bonnes<\/p>\n","protected":false},"author":2,"featured_media":0,"parent":167,"menu_order":0,"comment_status":"closed","ping_status":"closed","template":"","meta":{"ngg_post_thumbnail":0},"_links":{"self":[{"href":"https:\/\/www.aufildutheatre.com\/index.php?rest_route=\/wp\/v2\/pages\/1805"}],"collection":[{"href":"https:\/\/www.aufildutheatre.com\/index.php?rest_route=\/wp\/v2\/pages"}],"about":[{"href":"https:\/\/www.aufildutheatre.com\/index.php?rest_route=\/wp\/v2\/types\/page"}],"author":[{"embeddable":true,"href":"https:\/\/www.aufildutheatre.com\/index.php?rest_route=\/wp\/v2\/users\/2"}],"replies":[{"embeddable":true,"href":"https:\/\/www.aufildutheatre.com\/index.php?rest_route=%2Fwp%2Fv2%2Fcomments&post=1805"}],"version-history":[{"count":12,"href":"https:\/\/www.aufildutheatre.com\/index.php?rest_route=\/wp\/v2\/pages\/1805\/revisions"}],"predecessor-version":[{"id":9112,"href":"https:\/\/www.aufildutheatre.com\/index.php?rest_route=\/wp\/v2\/pages\/1805\/revisions\/9112"}],"up":[{"embeddable":true,"href":"https:\/\/www.aufildutheatre.com\/index.php?rest_route=\/wp\/v2\/pages\/167"}],"wp:attachment":[{"href":"https:\/\/www.aufildutheatre.com\/index.php?rest_route=%2Fwp%2Fv2%2Fmedia&parent=1805"}],"curies":[{"name":"wp","href":"https:\/\/api.w.org\/{rel}","templated":true}]}}