{"id":1804,"date":"2010-02-19T17:43:27","date_gmt":"2010-02-19T16:43:27","guid":{"rendered":"http:\/\/harpie64.wordpress.com\/zoe-jongle-avec-les-mots\/livre-dor-zoe-jongle\/"},"modified":"2022-11-13T18:27:41","modified_gmt":"2022-11-13T17:27:41","slug":"livre-do","status":"publish","type":"page","link":"https:\/\/www.aufildutheatre.com\/?page_id=1804","title":{"rendered":"Livre d&rsquo;or de Zo\u00e9 jongle avec les mots"},"content":{"rendered":"<div style=\"text-align: left; background-image: url('http:\/\/www.aufildutheatre.com\/new\/wp-content\/uploads\/2010\/02\/zoe-negatif1-e1267267787477.jpg'); background-repeat: no-repeat;\">&nbsp;<\/div>\n<div>\n<h6><a href=\"http:\/\/www.aufildutheatre.com\/new\/wp-content\/uploads\/2010\/03\/livre-or-et-rougeleger.jpg\"><img loading=\"lazy\" class=\"aligncenter size-medium wp-image-3782\" title=\"livre or et rougeleger\" src=\"http:\/\/www.aufildutheatre.com\/new\/wp-content\/uploads\/2010\/03\/livre-or-et-rougeleger-300x216.jpg\" alt=\"\" width=\"300\" height=\"216\" srcset=\"https:\/\/www.aufildutheatre.com\/wp-content\/uploads\/2010\/03\/livre-or-et-rougeleger-300x216.jpg 300w, https:\/\/www.aufildutheatre.com\/wp-content\/uploads\/2010\/03\/livre-or-et-rougeleger.jpg 500w\" sizes=\"(max-width: 300px) 100vw, 300px\" \/><\/a><\/h6>\n<p><span style=\"font-size: 10pt;\"><strong><span style=\"color: #00ffff;\">Un vrai spectacle plein de gaiet\u00e9, d&rsquo;humour, d&rsquo;une grande qualit\u00e9 langagi\u00e8re. les enfants sont subjugu\u00e9s, les adultes sous le charme. Bravo encore une fois puisque je l&rsquo;ai d\u00e9j\u00e0 vu deux fois ! <\/span><span style=\"color: #fcd2ba;\">Maternelle Pontacq 64.<\/span><\/strong><\/span><\/p>\n<p><span style=\"font-size: 10pt;\"><strong><span style=\"color: #ff9900;\">Tr\u00e8s bon spectacle : &nbsp;jolis d\u00e9cors , marionnettes vari\u00e9es , pr\u00e9sentatrices dou\u00e9es, etc&#8230; Les enfants ont aim\u00e9, particip\u00e9 et \u00e9cout\u00e9 avec attention cette dr\u00f4le de le\u00e7on de grammaire. <\/span> <span style=\"color: #ff9900;\">Spectacle tr\u00e8s vivant. Bravo pour les textes et les musiques. <\/span><span style=\"color: #fcd2ba;\">Maternelle Les lauriers \u00e0 Pau 64<\/span><span style=\"color: #fcd2ba;\">. <\/span><\/strong><\/span><\/p>\n<div style=\"text-align: left; background-image: url('http:\/\/www.aufildutheatre.com\/new\/wp-content\/uploads\/2010\/02\/zoe-negatif1-e1267267787477.jpg'); background-repeat: no-repeat;\"><span style=\"font-size: 10pt;\"><strong><span style=\"color: #56b649;\">Spectacle plein de rebondissements et d&rsquo;actions m\u00ealant humour, po\u00e9sie dr\u00f4le et cocasse \u00e0 la fois. Les enfants ont beaucoup aim\u00e9. et nous aussi ! Il y en avait pour tout le monde petits et grands. Spectacle riche, original et plein de vie. <\/span><span style=\"color: #fcd2ba;\">Ecole L\u00e9once Peyregne \u00e0 Montaut 64. <\/span><\/strong><strong><span style=\"color: #ffff00;\">Tr\u00e8s joli spectacle ! Plein de rebondissements visuels de tout genre. Beaucoup de po\u00e9sie dans le texte, m\u00ealant \u00e0 la fois des rappels \u00e0 la vie quotidienne des enfants et des moments o\u00f9 l&rsquo;imagination des spectateurs peut travailler ! Les enfants ont \u00e9t\u00e9 lit\u00e9ralement et litt\u00e9rairement s\u00e9duits par Zo\u00e9 et ses aventures.<\/span><span style=\"color: #ffff00;\"> <span style=\"color: #fcd2ba;\">Maternelle Bellegrave \u00e0 Pessac 33. <\/span><\/span><\/strong><strong><a href=\"http:\/\/www.aufildutheatre.com\/new\/?attachment_id=2164\" rel=\"attachment wp-att-2164\"><img loading=\"lazy\" class=\"alignleft size-thumbnail wp-image-2164\" title=\"logo Hibou saturnin\" src=\"http:\/\/harpie64.files.wordpress.com\/2010\/02\/logo-hibou-saturnin2.jpg?w=189\" alt=\"\" width=\"189\" height=\"127\" srcset=\"https:\/\/www.aufildutheatre.com\/wp-content\/uploads\/2010\/02\/logo-hibou-saturnin2.jpg 1180w, https:\/\/www.aufildutheatre.com\/wp-content\/uploads\/2010\/02\/logo-hibou-saturnin2-300x201.jpg 300w, https:\/\/www.aufildutheatre.com\/wp-content\/uploads\/2010\/02\/logo-hibou-saturnin2-1024x689.jpg 1024w\" sizes=\"(max-width: 189px) 100vw, 189px\" \/><\/a><br \/>\n<span style=\"color: #4fb085;\">Tr\u00e8s bon spectacle appr\u00e9ci\u00e9 par les petits et les grands. Beaucoup de po\u00e9sie, richesse langagi\u00e8re, originalit\u00e9, qualit\u00e9 esth\u00e9tique. Bravo !<\/span><span style=\"color: #4fb085;\"> <span style=\"color: #fcd2ba;\">Maternelle du Pontet 33. <\/span><\/span><\/strong><strong><span style=\"margin-bottom: 0; padding-bottom: 0;\"><span style=\"color: #bf4051;\">Un moment de plaisir pour petits et grands &nbsp;A Bient\u00f4t !<\/span><\/span><span style=\"color: #ffcc99;\"> <span style=\"color: #fcd2ba;\">Maternelle J. Ferry Anglet 64.<\/span><\/span><\/strong><strong><span style=\"color: #ffcc99;\"> <span style=\"color: #00ccff;\">Un spectacle de &nbsp;grande qualit\u00e9 tant par la forme que sur les fonds&#8230; <\/span><\/span><\/strong><strong><span style=\"color: #ffcc99;\"><span style=\"color: #00ccff;\">Bravo pour les costumes et les d\u00e9cors si soign\u00e9s ! <\/span><\/span><span style=\"color: #00ccff;\">Tr\u00e8s bonne route \u00e0 vous deux ! Amicalement<\/span><span style=\"color: #09cbf5;\">. <\/span><span style=\"color: #ffcc99;\">Julie Garces Ch\u00e2teau de Morlanne (64)<\/span><\/strong><\/span>&nbsp; &nbsp; &nbsp;<a href=\"http:\/\/www.aufildutheatre.com\/new\/?attachment_id=2285\" rel=\"attachment wp-att-2285\"><img loading=\"lazy\" class=\"aligncenter size-medium wp-image-2285\" title=\"tete de piafs copie\" src=\"http:\/\/harpie64.files.wordpress.com\/2010\/02\/tete-de-piafs-copie1.jpg?w=233\" alt=\"\" width=\"101\" height=\"128\"><\/a><\/p>\n<div style=\"position: relative; margin-left: 10.5em; margin-top: 1em;\">\n<p><a href=\"http:\/\/harpie64.files.wordpress.com\/2010\/02\/affich-zoecolorisee3.jpg\"><img loading=\"lazy\" class=\"alignleft size-thumbnail wp-image-2492\" title=\"affich zoecoloris\u00e9e\" src=\"http:\/\/harpie64.files.wordpress.com\/2010\/02\/affich-zoecolorisee3.jpg?w=98\" alt=\"\" width=\"98\" height=\"150\" srcset=\"https:\/\/www.aufildutheatre.com\/wp-content\/uploads\/2010\/02\/affich-zoecolorisee3.jpg 1006w, https:\/\/www.aufildutheatre.com\/wp-content\/uploads\/2010\/02\/affich-zoecolorisee3-197x300.jpg 197w, https:\/\/www.aufildutheatre.com\/wp-content\/uploads\/2010\/02\/affich-zoecolorisee3-674x1024.jpg 674w\" sizes=\"(max-width: 98px) 100vw, 98px\" \/><\/a><\/p>\n<ul>\n<li><a href=\"https:\/\/www.aufildutheatre.com\/?page_id=1793\" target=\"_self\" rel=\"noopener\"><span style=\"color: #281cbd;\">Les conditions techniques <\/span><\/a><\/li>\n<li><a href=\"https:\/\/www.aufildutheatre.com\/?page_id=2705\" target=\"_self\" rel=\"noopener\"> <span style=\"color: #281cbd;\">Les tarifs <\/span><\/a><\/li>\n<li><a href=\"https:\/\/www.aufildutheatre.com\/?page_id=1767\" target=\"_self\" rel=\"noopener\"> <span style=\"color: #281cbd;\">Plus de photos?<\/span><\/a><\/li>\n<li><a href=\"https:\/\/www.aufildutheatre.com\/?page_id=525\" target=\"_self\" rel=\"noopener\"><span style=\"color: #281cbd;\">Retour au spectacle<\/span><\/a><\/li>\n<\/ul>\n<\/div>\n<\/div>\n<\/div>\n<div>&nbsp;<\/div>\n<div>&nbsp;<\/div>\n<div>&nbsp;<\/div>\n<div>&nbsp;<\/div>\n<div>&nbsp;<\/div>\n<div>&nbsp;<\/div>\n<div>&nbsp;<\/div>\n<div>&nbsp;<\/div>\n<div>&nbsp;<\/div>\n<div>&nbsp;<\/div>\n<div>&nbsp;<\/div>\n","protected":false},"excerpt":{"rendered":"<p>&nbsp; Un vrai spectacle plein de gaiet\u00e9, d&rsquo;humour, d&rsquo;une grande qualit\u00e9 langagi\u00e8re. les enfants sont subjugu\u00e9s, les adultes sous le charme. Bravo encore une fois puisque je l&rsquo;ai d\u00e9j\u00e0 vu deux fois ! Maternelle Pontacq 64. Tr\u00e8s bon spectacle :<\/p>\n","protected":false},"author":2,"featured_media":0,"parent":525,"menu_order":0,"comment_status":"closed","ping_status":"closed","template":"","meta":{"ngg_post_thumbnail":0},"_links":{"self":[{"href":"https:\/\/www.aufildutheatre.com\/index.php?rest_route=\/wp\/v2\/pages\/1804"}],"collection":[{"href":"https:\/\/www.aufildutheatre.com\/index.php?rest_route=\/wp\/v2\/pages"}],"about":[{"href":"https:\/\/www.aufildutheatre.com\/index.php?rest_route=\/wp\/v2\/types\/page"}],"author":[{"embeddable":true,"href":"https:\/\/www.aufildutheatre.com\/index.php?rest_route=\/wp\/v2\/users\/2"}],"replies":[{"embeddable":true,"href":"https:\/\/www.aufildutheatre.com\/index.php?rest_route=%2Fwp%2Fv2%2Fcomments&post=1804"}],"version-history":[{"count":3,"href":"https:\/\/www.aufildutheatre.com\/index.php?rest_route=\/wp\/v2\/pages\/1804\/revisions"}],"predecessor-version":[{"id":8070,"href":"https:\/\/www.aufildutheatre.com\/index.php?rest_route=\/wp\/v2\/pages\/1804\/revisions\/8070"}],"up":[{"embeddable":true,"href":"https:\/\/www.aufildutheatre.com\/index.php?rest_route=\/wp\/v2\/pages\/525"}],"wp:attachment":[{"href":"https:\/\/www.aufildutheatre.com\/index.php?rest_route=%2Fwp%2Fv2%2Fmedia&parent=1804"}],"curies":[{"name":"wp","href":"https:\/\/api.w.org\/{rel}","templated":true}]}}