{"id":1794,"date":"2010-02-19T17:18:57","date_gmt":"2010-02-19T16:18:57","guid":{"rendered":"http:\/\/harpie64.wordpress.com\/zoe-joue-avec-les-ou\/cond-techn-zoe-joue\/"},"modified":"2024-03-27T10:33:31","modified_gmt":"2024-03-27T09:33:31","slug":"cond-techn-zoe-joue","status":"publish","type":"page","link":"https:\/\/www.aufildutheatre.com\/?page_id=1794","title":{"rendered":"Conditions techniques de Zo\u00e9 joue avec les \u00ab\u00a0ou\u00a0\u00bb"},"content":{"rendered":"<p><span style=\"font-size: 14pt; color: #257bc2;\"><strong>2 versions et 2 adaptations existent pour cette Cr\u00e9ation J. Public<\/strong><\/span><\/p>\n<p><span style=\"color: #63a2e0;\">Version A\/: 9 mois\/3 ans&nbsp; &#8211;&nbsp; Version B\/ : 3 ans \/8 ans<\/span><\/p>\n<p><span style=\"color: #f069ad;\"><span style=\"color: #63a2e0;\">Adaptation \u00e0 1 com\u00e9dienne ou \u00e0 deux com\u00e9diennes.<\/span><br \/>\n<\/span><\/p>\n<p><span style=\"color: #365fd9;\"><strong><span style=\"color: #257bc2;\">THEME :<\/span>&nbsp; <\/strong><\/span><span style=\"color: #63a2e0;\">L&rsquo;imaginaire. OU&#8230;&nbsp; Comment apprendre en jouant.<\/span><strong><span style=\"color: #cf3669;\"><br \/>\n<\/span><\/strong><\/p>\n<p><span style=\"color: #257bc2;\"><strong>GENRE :<\/strong> <\/span><span style=\"color: #e64595;\"><span style=\"color: #63a2e0;\">Jeu d&rsquo;acteur et marionnettes diverses<\/span><br \/>\n<\/span><\/p>\n<p><span style=\"color: #e64595;\"><span style=\"color: #257bc2;\"><strong>LANGUES : <\/strong><\/span><span style=\"color: #63a2e0;\">Fran\u00e7ais, basque ou en bilingue basque- fran\u00e7ais<\/span><br \/>\n<\/span><\/p>\n<p><span style=\"color: #365fd9;\"><strong><span style=\"color: #257bc2;\">ESPACE SCENIQUE<\/span> :<\/strong> <\/span><span style=\"color: #63a2e0;\">4,5 m Prof X 5 M Large X 2,20 Haut<\/span><\/p>\n<p><span style=\"color: #63a2e0;\"><span style=\"color: #257bc2;\">Montage \u00e0 1 com\u00e9dienne:<\/span>&nbsp; 1h45 &nbsp;&nbsp;&nbsp; &#8211; &nbsp;&nbsp; Montage \u00e0 2 com\u00e9diennes:&nbsp; 1 h30<\/span><\/p>\n<p><span style=\"color: #ff99cc;\"><span style=\"color: #63a2e0;\"><span style=\"color: #257bc2;\"> D\u00e9montage&nbsp; :<\/span>&nbsp; environ 1 heure<\/span><br \/>\n<\/span><\/p>\n<p><span style=\"color: #257bc2;\"><strong>CONDITIONS TECHNIQUES :<\/strong><\/span><\/p>\n<p><span style=\"color: #63a2e0;\">Avec un r\u00e9gisseur (demander plan de feux) <\/span><\/p>\n<p><span style=\"color: #edcee0;\"><span style=\"color: #63a2e0;\">En version autonome : 1 Prise de courant en 20 V.<\/span> <\/span><\/p>\n<p><span style=\"color: #63a2e0;\">Une semi obscurit\u00e9 est requise <span style=\"font-size: 10pt;\">(si la pi\u00e8ce est lumineuse, merci de la rendre semi-obscure)<\/span> afin de permettre de jouer avec les effets de lumi\u00e8res. &nbsp;<\/span><\/p>\n<p><img loading=\"lazy\" class=\"aligncenter size-thumbnail wp-image-5745\" src=\"http:\/\/www.aufildutheatre.com\/new\/wp-content\/uploads\/2010\/01\/tete-de-piafs-copie-150x150.jpg\" alt=\"\" width=\"150\" height=\"150\"><\/p>\n<p>&nbsp;<\/p>\n<div style=\"position: relative; margin-left: 9.5em; height: 250px;\">\n<p><a href=\"http:\/\/harpie64.files.wordpress.com\/2010\/01\/zoe-joue-avec-les-ou-face.jpg\"><img loading=\"lazy\" class=\"alignleft size-thumbnail wp-image-2434\" style=\"position: absolute; top: 1em;\" title=\"zoe joue avec les ou face\" src=\"http:\/\/www.aufildutheatre.com\/new\/wp-content\/uploads\/2010\/02\/zoe-joue-avec-les-ou-face.jpg?w=150\" alt=\"\" width=\"120\" height=\"120\" srcset=\"https:\/\/www.aufildutheatre.com\/wp-content\/uploads\/2010\/02\/zoe-joue-avec-les-ou-face.jpg 408w, https:\/\/www.aufildutheatre.com\/wp-content\/uploads\/2010\/02\/zoe-joue-avec-les-ou-face-150x150.jpg 150w, https:\/\/www.aufildutheatre.com\/wp-content\/uploads\/2010\/02\/zoe-joue-avec-les-ou-face-300x300.jpg 300w\" sizes=\"(max-width: 120px) 100vw, 120px\" \/><\/a><\/p>\n<ul style=\"position: absolute; top: 1em; right: 4em; font-size: 1.3em; color: #6191ba;\">\n<li><a href=\"https:\/\/www.aufildutheatre.com\/?page_id=1805\" target=\"_self\" rel=\"noopener noreferrer\"><span style=\"text-decoration: underline;\"><span style=\"color: #0000ff; text-decoration: underline;\">Le livre d&rsquo;or <\/span><\/span><\/a><\/li>\n<li><a href=\"https:\/\/www.aufildutheatre.com\/?page_id=1794\" target=\"_self\" rel=\"noopener noreferrer\"><span style=\"text-decoration: underline;\"><span style=\"color: #0000ff; text-decoration: underline;\">Les conditions techniques <\/span><\/span><\/a><\/li>\n<li><a href=\"https:\/\/www.aufildutheatre.com\/?page_id=2704\" target=\"_self\" rel=\"noopener noreferrer\"><span style=\"text-decoration: underline;\"><span style=\"color: #0000ff; text-decoration: underline;\">Les tarifs <\/span><\/span><\/a><\/li>\n<li><a href=\"http:\/\/www.aufildutheatre.com\/?page_id=1765\" target=\"_self\" rel=\"noopener noreferrer\"><span style=\"text-decoration: underline;\"><span style=\"color: #0000ff; text-decoration: underline;\">Plus de photos ?<\/span><\/span><\/a><\/li>\n<li><a href=\"http:\/\/www.aufildutheatre.com\/wp-content\/uploads\/2019\/03\/FichepedaZOE.pdf\"><span style=\"text-decoration: underline;\"><span style=\"color: #0000ff; text-decoration: underline;\">Fiche p\u00e9dagogique<\/span><\/span><\/a><\/li>\n<\/ul>\n<\/div>\n<div id=\"ffenetremailtomailModal\" style=\"z-index: 20002;\">\n<div id=\"ffenetremailtopopupModalMail\">&nbsp;<\/div>\n<\/div>\n<div id=\"ffenetremailtomailModal\" style=\"z-index: 20002;\">\n<div id=\"ffenetremailtopopupModalMail\">&nbsp;<\/div>\n<\/div>\n","protected":false},"excerpt":{"rendered":"<p>2 versions et 2 adaptations existent pour cette Cr\u00e9ation J. Public Version A\/: 9 mois\/3 ans&nbsp; &#8211;&nbsp; Version B\/ : 3 ans \/8 ans Adaptation \u00e0 1 com\u00e9dienne ou \u00e0 deux com\u00e9diennes. THEME :&nbsp; L&rsquo;imaginaire. OU&#8230;&nbsp; Comment apprendre en jouant.<\/p>\n","protected":false},"author":2,"featured_media":0,"parent":167,"menu_order":0,"comment_status":"closed","ping_status":"closed","template":"","meta":{"ngg_post_thumbnail":0},"_links":{"self":[{"href":"https:\/\/www.aufildutheatre.com\/index.php?rest_route=\/wp\/v2\/pages\/1794"}],"collection":[{"href":"https:\/\/www.aufildutheatre.com\/index.php?rest_route=\/wp\/v2\/pages"}],"about":[{"href":"https:\/\/www.aufildutheatre.com\/index.php?rest_route=\/wp\/v2\/types\/page"}],"author":[{"embeddable":true,"href":"https:\/\/www.aufildutheatre.com\/index.php?rest_route=\/wp\/v2\/users\/2"}],"replies":[{"embeddable":true,"href":"https:\/\/www.aufildutheatre.com\/index.php?rest_route=%2Fwp%2Fv2%2Fcomments&post=1794"}],"version-history":[{"count":15,"href":"https:\/\/www.aufildutheatre.com\/index.php?rest_route=\/wp\/v2\/pages\/1794\/revisions"}],"predecessor-version":[{"id":8455,"href":"https:\/\/www.aufildutheatre.com\/index.php?rest_route=\/wp\/v2\/pages\/1794\/revisions\/8455"}],"up":[{"embeddable":true,"href":"https:\/\/www.aufildutheatre.com\/index.php?rest_route=\/wp\/v2\/pages\/167"}],"wp:attachment":[{"href":"https:\/\/www.aufildutheatre.com\/index.php?rest_route=%2Fwp%2Fv2%2Fmedia&parent=1794"}],"curies":[{"name":"wp","href":"https:\/\/api.w.org\/{rel}","templated":true}]}}