{"id":1767,"date":"2010-02-19T16:39:17","date_gmt":"2010-02-19T15:39:17","guid":{"rendered":"http:\/\/harpie64.wordpress.com\/zoe-jongle-avec-les-mots\/photos-zoe-jongle\/"},"modified":"2022-11-13T18:31:48","modified_gmt":"2022-11-13T17:31:48","slug":"photos-zoe-jongle","status":"publish","type":"page","link":"https:\/\/www.aufildutheatre.com\/?page_id=1767","title":{"rendered":"Photos de \u00ab\u00a0Zo\u00e9 jongle avec les mots\u00a0\u00bb"},"content":{"rendered":"<h3><span style=\"color: #ffcc00; font-size: 12pt;\"> D\u00e9cor du spectacle: la chambre de ZOE<\/span><\/h3>\n<p><span style=\"color: #69ae51;\"><a href=\"http:\/\/www.aufildutheatre.com\/new\/wp-content\/uploads\/2010\/02\/01D\u00e9cor-d\u00e9but2.jpg\"><img loading=\"lazy\" class=\"aligncenter size-medium wp-image-5382\" title=\"01D\u00e9cor d\u00e9but\" src=\"http:\/\/www.aufildutheatre.com\/new\/wp-content\/uploads\/2010\/02\/01D\u00e9cor-d\u00e9but2-300x179.jpg\" alt=\"\" width=\"300\" height=\"179\" srcset=\"https:\/\/www.aufildutheatre.com\/wp-content\/uploads\/2010\/02\/01D\u00e9cor-d\u00e9but2-300x179.jpg 300w, https:\/\/www.aufildutheatre.com\/wp-content\/uploads\/2010\/02\/01D\u00e9cor-d\u00e9but2.jpg 709w\" sizes=\"(max-width: 300px) 100vw, 300px\" \/><\/a><\/span><\/p>\n<h4><span style=\"color: #d12e4b; font-size: 10pt;\"> Zo\u00e9 ne fait pas que jongler avec des mots&#8230;<\/span><\/h4>\n<p><span style=\"color: #d12e4b;\"><a href=\"http:\/\/www.aufildutheatre.com\/new\/wp-content\/uploads\/2010\/02\/03-Zo\u00e9-jongle1.jpg\"><img loading=\"lazy\" class=\"aligncenter size-medium wp-image-5385\" title=\"03 Zo\u00e9 jongle\" src=\"http:\/\/www.aufildutheatre.com\/new\/wp-content\/uploads\/2010\/02\/03-Zo\u00e9-jongle1-300x225.jpg\" alt=\"\" width=\"300\" height=\"225\" srcset=\"https:\/\/www.aufildutheatre.com\/wp-content\/uploads\/2010\/02\/03-Zo\u00e9-jongle1-300x225.jpg 300w, https:\/\/www.aufildutheatre.com\/wp-content\/uploads\/2010\/02\/03-Zo\u00e9-jongle1.jpg 709w\" sizes=\"(max-width: 300px) 100vw, 300px\" \/><\/a><br \/>\n<\/span><\/p>\n<p>&nbsp;<\/p>\n<h4><span style=\"color: #ff9900; font-size: 10pt;\"> Au fil des pages, &nbsp;apparaissent de dr\u00f4les de personnages..<\/span><\/h4>\n<p><span style=\"color: #ff9900;\"><a href=\"http:\/\/www.aufildutheatre.com\/new\/wp-content\/uploads\/2010\/02\/04ZOE-et-confiture1.jpg\"><img loading=\"lazy\" class=\"aligncenter size-medium wp-image-5386\" title=\"04ZOE-et-confiture\" src=\"http:\/\/www.aufildutheatre.com\/new\/wp-content\/uploads\/2010\/02\/04ZOE-et-confiture1-300x218.jpg\" alt=\"\" width=\"300\" height=\"218\" srcset=\"https:\/\/www.aufildutheatre.com\/wp-content\/uploads\/2010\/02\/04ZOE-et-confiture1-300x218.jpg 300w, https:\/\/www.aufildutheatre.com\/wp-content\/uploads\/2010\/02\/04ZOE-et-confiture1-1024x747.jpg 1024w, https:\/\/www.aufildutheatre.com\/wp-content\/uploads\/2010\/02\/04ZOE-et-confiture1.jpg 1417w\" sizes=\"(max-width: 300px) 100vw, 300px\" \/><\/a><br \/>\n<\/span><\/p>\n<p>&nbsp;<\/p>\n<h4><span style=\"color: #ff9900; font-size: 10pt;\"><span style=\"color: #e33f1c;\"> Hibou ? Hibou ? &nbsp;Qui m&rsquo;appelle ?<\/span><\/span><\/h4>\n<p><span style=\"color: #ff9900;\"><span style=\"color: #e33f1c;\"><a href=\"http:\/\/www.aufildutheatre.com\/new\/wp-content\/uploads\/2010\/02\/07-hibou2.jpg\"><img loading=\"lazy\" class=\"aligncenter size-medium wp-image-5387\" title=\"07 hibou\" src=\"http:\/\/www.aufildutheatre.com\/new\/wp-content\/uploads\/2010\/02\/07-hibou2-300x225.jpg\" alt=\"\" width=\"300\" height=\"225\" srcset=\"https:\/\/www.aufildutheatre.com\/wp-content\/uploads\/2010\/02\/07-hibou2-300x225.jpg 300w, https:\/\/www.aufildutheatre.com\/wp-content\/uploads\/2010\/02\/07-hibou2.jpg 368w\" sizes=\"(max-width: 300px) 100vw, 300px\" \/><\/a><br \/>\n<\/span><\/span><\/p>\n<p><span style=\"color: #ff9900;\"><span style=\"color: #ffcc00;\"><span style=\"font-size: 10pt;\">Mais que cherche ce POU ?<\/span> <\/span><\/span><\/p>\n<p><span style=\"color: #ffcc00;\"><a href=\"http:\/\/www.aufildutheatre.com\/new\/wp-content\/uploads\/2010\/02\/Pou-astronome1.jpg\"><img loading=\"lazy\" class=\"aligncenter size-medium wp-image-5388\" title=\"Pou astronome\" src=\"http:\/\/www.aufildutheatre.com\/new\/wp-content\/uploads\/2010\/02\/Pou-astronome1-300x225.jpg\" alt=\"\" width=\"300\" height=\"225\" srcset=\"https:\/\/www.aufildutheatre.com\/wp-content\/uploads\/2010\/02\/Pou-astronome1-300x225.jpg 300w, https:\/\/www.aufildutheatre.com\/wp-content\/uploads\/2010\/02\/Pou-astronome1-1024x768.jpg 1024w\" sizes=\"(max-width: 300px) 100vw, 300px\" \/><\/a><\/span><\/p>\n<p><span style=\"color: #ff9900; font-size: 10pt;\"><span style=\"color: #f62908;\">&nbsp;Zigotto le clown rentre en sc\u00e8ne&#8230;<\/span><\/span><\/p>\n<p><span style=\"color: #ff9900;\"><span style=\"color: #f62908;\"><a href=\"http:\/\/www.aufildutheatre.com\/new\/wp-content\/uploads\/2010\/02\/08Clown-entier3.jpg\"><img loading=\"lazy\" class=\"aligncenter size-full wp-image-5391\" title=\"08Clown entier\" src=\"http:\/\/www.aufildutheatre.com\/new\/wp-content\/uploads\/2010\/02\/08Clown-entier3.jpg\" alt=\"\" width=\"506\" height=\"768\" srcset=\"https:\/\/www.aufildutheatre.com\/wp-content\/uploads\/2010\/02\/08Clown-entier3.jpg 506w, https:\/\/www.aufildutheatre.com\/wp-content\/uploads\/2010\/02\/08Clown-entier3-197x300.jpg 197w\" sizes=\"(max-width: 506px) 100vw, 506px\" \/><\/a><br \/>\n<\/span><\/span><\/p>\n<p><span style=\"color: #ff9900; font-size: 10pt;\"><span style=\"color: #00ccff;\">Suivi de Papoum l&rsquo;\u00e9l\u00e9phant<\/span><\/span><\/p>\n<p><span style=\"color: #ff9900;\"><span style=\"color: #00ccff;\"><a href=\"http:\/\/www.aufildutheatre.com\/new\/wp-content\/uploads\/2010\/02\/PAPOUM-au-Cirquept.jpg\"><img loading=\"lazy\" class=\"aligncenter size-medium wp-image-5140\" title=\"PAPOUM au Cirquept\" src=\"http:\/\/www.aufildutheatre.com\/new\/wp-content\/uploads\/2010\/02\/PAPOUM-au-Cirquept-300x225.jpg\" alt=\"\" width=\"300\" height=\"225\" srcset=\"https:\/\/www.aufildutheatre.com\/wp-content\/uploads\/2010\/02\/PAPOUM-au-Cirquept-300x225.jpg 300w, https:\/\/www.aufildutheatre.com\/wp-content\/uploads\/2010\/02\/PAPOUM-au-Cirquept-1024x768.jpg 1024w\" sizes=\"(max-width: 300px) 100vw, 300px\" \/><\/a><br \/>\n<\/span><\/span><\/p>\n<p><span style=\"color: #ff9900;\"><span style=\"color: #f62908;\">&nbsp;<\/span><\/span><\/p>\n<p><span style=\"color: #ff9900;\"><span style=\"color: #f62908;\">&nbsp;<\/span><\/span><\/p>\n<p><a href=\"http:\/\/www.aufildutheatre.com\/new\/?attachment_id=2285\" rel=\"attachment wp-att-2285\"><img loading=\"lazy\" class=\"aligncenter size-medium wp-image-2285\" title=\"tete de piafs copie\" src=\"http:\/\/harpie64.files.wordpress.com\/2010\/02\/tete-de-piafs-copie1.jpg?w=233\" alt=\"\" width=\"101\" height=\"128\"><\/a><\/p>\n<div style=\"clear: both; position: relative; margin-left: 13em; height: 180px;\">\n<p><a href=\"http:\/\/harpie64.files.wordpress.com\/2010\/02\/affich-zoecolorisee3.jpg\"><img loading=\"lazy\" class=\"alignleft size-thumbnail wp-image-2492\" title=\"affich zoecoloris\u00e9e\" src=\"http:\/\/harpie64.files.wordpress.com\/2010\/02\/affich-zoecolorisee3.jpg?w=98\" alt=\"\" width=\"98\" height=\"150\" srcset=\"https:\/\/www.aufildutheatre.com\/wp-content\/uploads\/2010\/02\/affich-zoecolorisee3.jpg 1006w, https:\/\/www.aufildutheatre.com\/wp-content\/uploads\/2010\/02\/affich-zoecolorisee3-197x300.jpg 197w, https:\/\/www.aufildutheatre.com\/wp-content\/uploads\/2010\/02\/affich-zoecolorisee3-674x1024.jpg 674w\" sizes=\"(max-width: 98px) 100vw, 98px\" \/><\/a><\/p>\n<ul>\n<li><a href=\"https:\/\/www.aufildutheatre.com\/?page_id=1804\" target=\"_self\" rel=\"noopener\"><span style=\"text-decoration: underline;\"><span style=\"color: #281cbd;\">Le livre d&rsquo;or<\/span><\/span><\/a><\/li>\n<li><a href=\"https:\/\/www.aufildutheatre.com\/?page_id=2705\" target=\"_self\" rel=\"noopener\"><span style=\"text-decoration: underline;\"><span style=\"color: #281cbd;\">Les tarifs <\/span><\/span><\/a><\/li>\n<li><a href=\"https:\/\/www.aufildutheatre.com\/?page_id=1793\" target=\"_self\" rel=\"noopener\"><span style=\"text-decoration: underline;\"><span style=\"color: #281cbd;\">Conditions techniques<\/span><\/span><\/a><\/li>\n<li><a href=\"https:\/\/www.aufildutheatre.com\/?page_id=525\" target=\"_self\" rel=\"noopener\"><span style=\"text-decoration: underline;\"><span style=\"color: #281cbd;\">Retour au spectacle<\/span><\/span><\/a><\/li>\n<\/ul>\n<p>&nbsp;<\/p>\n<\/div>\n","protected":false},"excerpt":{"rendered":"<p>D\u00e9cor du spectacle: la chambre de ZOE Zo\u00e9 ne fait pas que jongler avec des mots&#8230; &nbsp; Au fil des pages, &nbsp;apparaissent de dr\u00f4les de personnages.. &nbsp; Hibou ? Hibou ? &nbsp;Qui m&rsquo;appelle ? Mais que cherche ce POU ?<\/p>\n","protected":false},"author":2,"featured_media":0,"parent":525,"menu_order":0,"comment_status":"closed","ping_status":"closed","template":"","meta":{"ngg_post_thumbnail":0},"_links":{"self":[{"href":"https:\/\/www.aufildutheatre.com\/index.php?rest_route=\/wp\/v2\/pages\/1767"}],"collection":[{"href":"https:\/\/www.aufildutheatre.com\/index.php?rest_route=\/wp\/v2\/pages"}],"about":[{"href":"https:\/\/www.aufildutheatre.com\/index.php?rest_route=\/wp\/v2\/types\/page"}],"author":[{"embeddable":true,"href":"https:\/\/www.aufildutheatre.com\/index.php?rest_route=\/wp\/v2\/users\/2"}],"replies":[{"embeddable":true,"href":"https:\/\/www.aufildutheatre.com\/index.php?rest_route=%2Fwp%2Fv2%2Fcomments&post=1767"}],"version-history":[{"count":2,"href":"https:\/\/www.aufildutheatre.com\/index.php?rest_route=\/wp\/v2\/pages\/1767\/revisions"}],"predecessor-version":[{"id":8081,"href":"https:\/\/www.aufildutheatre.com\/index.php?rest_route=\/wp\/v2\/pages\/1767\/revisions\/8081"}],"up":[{"embeddable":true,"href":"https:\/\/www.aufildutheatre.com\/index.php?rest_route=\/wp\/v2\/pages\/525"}],"wp:attachment":[{"href":"https:\/\/www.aufildutheatre.com\/index.php?rest_route=%2Fwp%2Fv2%2Fmedia&parent=1767"}],"curies":[{"name":"wp","href":"https:\/\/api.w.org\/{rel}","templated":true}]}}