{"id":103,"date":"2010-01-24T04:27:51","date_gmt":"2010-01-23T15:27:51","guid":{"rendered":"http:\/\/harpie64.wordpress.com\/photos\/"},"modified":"2022-11-13T18:29:33","modified_gmt":"2022-11-13T17:29:33","slug":"photos","status":"publish","type":"page","link":"https:\/\/www.aufildutheatre.com\/?page_id=103","title":{"rendered":"Mon parcours en photos (suite)"},"content":{"rendered":"<p>&nbsp;<\/p>\n<p>\n\n<div class=\"ngg-galleryoverview ngg-slideshow\"\n\t id=\"ngg-slideshow-2481de6ff33fbcb00e98fd683bf4670a-7905212670\"\n     data-gallery-id=\"2481de6ff33fbcb00e98fd683bf4670a\"\n     style=\"max-width: 600px; max-height: 400px;\">\n\n \t<div id=\"ngg-image-0\" class=\"ngg-gallery-slideshow-image\" style=\"height:400px\">\n\n        <a href=\"https:\/\/www.aufildutheatre.com\/wp-content\/gallery\/ainez-en-images\/01-agnes-danse-arbo4.jpg\"\n           title=\"\"\n           data-src=\"https:\/\/www.aufildutheatre.com\/wp-content\/gallery\/ainez-en-images\/01-agnes-danse-arbo4.jpg\"\n           data-thumbnail=\"https:\/\/www.aufildutheatre.com\/wp-content\/gallery\/ainez-en-images\/thumbs\/thumbs_01-agnes-danse-arbo4.jpg\"\n           data-image-id=\"197\"\n           data-title=\"01-agnes-danse-arbo4\"\n           data-description=\"\"\n           class=\"ngg-fancybox\" rel=\"2481de6ff33fbcb00e98fd683bf4670a\">\n\n            <img data-image-id='197'\n                 title=\"\"\n                 alt=\"01-agnes-danse-arbo4\"\n                 src=\"https:\/\/www.aufildutheatre.com\/wp-content\/gallery\/ainez-en-images\/01-agnes-danse-arbo4.jpg\"\n                 style=\"max-height: 380px;\"\/>\n        <\/a>\n\n        <\/div> \n<div id=\"ngg-image-1\" class=\"ngg-gallery-slideshow-image\" style=\"height:400px\">\n\n        <a href=\"https:\/\/www.aufildutheatre.com\/wp-content\/gallery\/ainez-en-images\/02club-theatre-812.jpg\"\n           title=\"\"\n           data-src=\"https:\/\/www.aufildutheatre.com\/wp-content\/gallery\/ainez-en-images\/02club-theatre-812.jpg\"\n           data-thumbnail=\"https:\/\/www.aufildutheatre.com\/wp-content\/gallery\/ainez-en-images\/thumbs\/thumbs_02club-theatre-812.jpg\"\n           data-image-id=\"195\"\n           data-title=\"02club-theatre-812\"\n           data-description=\"\"\n           class=\"ngg-fancybox\" rel=\"2481de6ff33fbcb00e98fd683bf4670a\">\n\n            <img data-image-id='195'\n                 title=\"\"\n                 alt=\"02club-theatre-812\"\n                 src=\"https:\/\/www.aufildutheatre.com\/wp-content\/gallery\/ainez-en-images\/02club-theatre-812.jpg\"\n                 style=\"max-height: 380px;\"\/>\n        <\/a>\n\n        <\/div> \n<div id=\"ngg-image-2\" class=\"ngg-gallery-slideshow-image\" style=\"height:400px\">\n\n        <a href=\"https:\/\/www.aufildutheatre.com\/wp-content\/gallery\/ainez-en-images\/maquillage-patatarte-reduite.jpg\"\n           title=\"\"\n           data-src=\"https:\/\/www.aufildutheatre.com\/wp-content\/gallery\/ainez-en-images\/maquillage-patatarte-reduite.jpg\"\n           data-thumbnail=\"https:\/\/www.aufildutheatre.com\/wp-content\/gallery\/ainez-en-images\/thumbs\/thumbs_maquillage-patatarte-reduite.jpg\"\n           data-image-id=\"214\"\n           data-title=\"maquillage-patatarte-reduite\"\n           data-description=\"\"\n           class=\"ngg-fancybox\" rel=\"2481de6ff33fbcb00e98fd683bf4670a\">\n\n            <img data-image-id='214'\n                 title=\"\"\n                 alt=\"maquillage-patatarte-reduite\"\n                 src=\"https:\/\/www.aufildutheatre.com\/wp-content\/gallery\/ainez-en-images\/maquillage-patatarte-reduite.jpg\"\n                 style=\"max-height: 380px;\"\/>\n        <\/a>\n\n        <\/div> \n<div id=\"ngg-image-3\" class=\"ngg-gallery-slideshow-image\" style=\"height:400px\">\n\n        <a href=\"https:\/\/www.aufildutheatre.com\/wp-content\/gallery\/ainez-en-images\/troupe-club-theatre-81.jpg\"\n           title=\"\"\n           data-src=\"https:\/\/www.aufildutheatre.com\/wp-content\/gallery\/ainez-en-images\/troupe-club-theatre-81.jpg\"\n           data-thumbnail=\"https:\/\/www.aufildutheatre.com\/wp-content\/gallery\/ainez-en-images\/thumbs\/thumbs_troupe-club-theatre-81.jpg\"\n           data-image-id=\"203\"\n           data-title=\"troupe-club-theatre-81\"\n           data-description=\"\"\n           class=\"ngg-fancybox\" rel=\"2481de6ff33fbcb00e98fd683bf4670a\">\n\n            <img data-image-id='203'\n                 title=\"\"\n                 alt=\"troupe-club-theatre-81\"\n                 src=\"https:\/\/www.aufildutheatre.com\/wp-content\/gallery\/ainez-en-images\/troupe-club-theatre-81.jpg\"\n                 style=\"max-height: 380px;\"\/>\n        <\/a>\n\n        <\/div> \n<div id=\"ngg-image-4\" class=\"ngg-gallery-slideshow-image\" style=\"height:400px\">\n\n        <a href=\"https:\/\/www.aufildutheatre.com\/wp-content\/gallery\/ainez-en-images\/animation-rue-tse82.jpg\"\n           title=\"\"\n           data-src=\"https:\/\/www.aufildutheatre.com\/wp-content\/gallery\/ainez-en-images\/animation-rue-tse82.jpg\"\n           data-thumbnail=\"https:\/\/www.aufildutheatre.com\/wp-content\/gallery\/ainez-en-images\/thumbs\/thumbs_animation-rue-tse82.jpg\"\n           data-image-id=\"213\"\n           data-title=\"animation-rue-tse82\"\n           data-description=\"\"\n           class=\"ngg-fancybox\" rel=\"2481de6ff33fbcb00e98fd683bf4670a\">\n\n            <img data-image-id='213'\n                 title=\"\"\n                 alt=\"animation-rue-tse82\"\n                 src=\"https:\/\/www.aufildutheatre.com\/wp-content\/gallery\/ainez-en-images\/animation-rue-tse82.jpg\"\n                 style=\"max-height: 380px;\"\/>\n        <\/a>\n\n        <\/div> \n<div id=\"ngg-image-5\" class=\"ngg-gallery-slideshow-image\" style=\"height:400px\">\n\n        <a href=\"https:\/\/www.aufildutheatre.com\/wp-content\/gallery\/ainez-en-images\/05-valise-patatarte-86.jpg\"\n           title=\"\"\n           data-src=\"https:\/\/www.aufildutheatre.com\/wp-content\/gallery\/ainez-en-images\/05-valise-patatarte-86.jpg\"\n           data-thumbnail=\"https:\/\/www.aufildutheatre.com\/wp-content\/gallery\/ainez-en-images\/thumbs\/thumbs_05-valise-patatarte-86.jpg\"\n           data-image-id=\"205\"\n           data-title=\"05-valise-patatarte-86\"\n           data-description=\"\"\n           class=\"ngg-fancybox\" rel=\"2481de6ff33fbcb00e98fd683bf4670a\">\n\n            <img data-image-id='205'\n                 title=\"\"\n                 alt=\"05-valise-patatarte-86\"\n                 src=\"https:\/\/www.aufildutheatre.com\/wp-content\/gallery\/ainez-en-images\/05-valise-patatarte-86.jpg\"\n                 style=\"max-height: 380px;\"\/>\n        <\/a>\n\n        <\/div> \n<div id=\"ngg-image-6\" class=\"ngg-gallery-slideshow-image\" style=\"height:400px\">\n\n        <a href=\"https:\/\/www.aufildutheatre.com\/wp-content\/gallery\/ainez-en-images\/patatarte-ds-eau.jpg\"\n           title=\"\"\n           data-src=\"https:\/\/www.aufildutheatre.com\/wp-content\/gallery\/ainez-en-images\/patatarte-ds-eau.jpg\"\n           data-thumbnail=\"https:\/\/www.aufildutheatre.com\/wp-content\/gallery\/ainez-en-images\/thumbs\/thumbs_patatarte-ds-eau.jpg\"\n           data-image-id=\"201\"\n           data-title=\"patatarte-ds-eau\"\n           data-description=\"\"\n           class=\"ngg-fancybox\" rel=\"2481de6ff33fbcb00e98fd683bf4670a\">\n\n            <img data-image-id='201'\n                 title=\"\"\n                 alt=\"patatarte-ds-eau\"\n                 src=\"https:\/\/www.aufildutheatre.com\/wp-content\/gallery\/ainez-en-images\/patatarte-ds-eau.jpg\"\n                 style=\"max-height: 380px;\"\/>\n        <\/a>\n\n        <\/div> \n<div id=\"ngg-image-7\" class=\"ngg-gallery-slideshow-image\" style=\"height:400px\">\n\n        <a href=\"https:\/\/www.aufildutheatre.com\/wp-content\/gallery\/ainez-en-images\/08-manip-maika3.jpg\"\n           title=\"\"\n           data-src=\"https:\/\/www.aufildutheatre.com\/wp-content\/gallery\/ainez-en-images\/08-manip-maika3.jpg\"\n           data-thumbnail=\"https:\/\/www.aufildutheatre.com\/wp-content\/gallery\/ainez-en-images\/thumbs\/thumbs_08-manip-maika3.jpg\"\n           data-image-id=\"208\"\n           data-title=\"08-manip-maika3\"\n           data-description=\"\"\n           class=\"ngg-fancybox\" rel=\"2481de6ff33fbcb00e98fd683bf4670a\">\n\n            <img data-image-id='208'\n                 title=\"\"\n                 alt=\"08-manip-maika3\"\n                 src=\"https:\/\/www.aufildutheatre.com\/wp-content\/gallery\/ainez-en-images\/08-manip-maika3.jpg\"\n                 style=\"max-height: 380px;\"\/>\n        <\/a>\n\n        <\/div> \n<div id=\"ngg-image-8\" class=\"ngg-gallery-slideshow-image\" style=\"height:400px\">\n\n        <a href=\"https:\/\/www.aufildutheatre.com\/wp-content\/gallery\/ainez-en-images\/10-costard-cravates.jpg\"\n           title=\"\"\n           data-src=\"https:\/\/www.aufildutheatre.com\/wp-content\/gallery\/ainez-en-images\/10-costard-cravates.jpg\"\n           data-thumbnail=\"https:\/\/www.aufildutheatre.com\/wp-content\/gallery\/ainez-en-images\/thumbs\/thumbs_10-costard-cravates.jpg\"\n           data-image-id=\"199\"\n           data-title=\"10-costard-cravates\"\n           data-description=\"\"\n           class=\"ngg-fancybox\" rel=\"2481de6ff33fbcb00e98fd683bf4670a\">\n\n            <img data-image-id='199'\n                 title=\"\"\n                 alt=\"10-costard-cravates\"\n                 src=\"https:\/\/www.aufildutheatre.com\/wp-content\/gallery\/ainez-en-images\/10-costard-cravates.jpg\"\n                 style=\"max-height: 380px;\"\/>\n        <\/a>\n\n        <\/div> \n<div id=\"ngg-image-9\" class=\"ngg-gallery-slideshow-image\" style=\"height:400px\">\n\n        <a href=\"https:\/\/www.aufildutheatre.com\/wp-content\/gallery\/ainez-en-images\/09-moi-com%C3%A9dienne-et-gaspard.jpg\"\n           title=\"\"\n           data-src=\"https:\/\/www.aufildutheatre.com\/wp-content\/gallery\/ainez-en-images\/09-moi-com%C3%A9dienne-et-gaspard.jpg\"\n           data-thumbnail=\"https:\/\/www.aufildutheatre.com\/wp-content\/gallery\/ainez-en-images\/thumbs\/thumbs_09-moi-com%C3%A9dienne-et-gaspard.jpg\"\n           data-image-id=\"209\"\n           data-title=\"09-moi-com\u00e9dienne-et-gaspard\"\n           data-description=\"\"\n           class=\"ngg-fancybox\" rel=\"2481de6ff33fbcb00e98fd683bf4670a\">\n\n            <img data-image-id='209'\n                 title=\"\"\n                 alt=\"09-moi-com\u00e9dienne-et-gaspard\"\n                 src=\"https:\/\/www.aufildutheatre.com\/wp-content\/gallery\/ainez-en-images\/09-moi-com%C3%A9dienne-et-gaspard.jpg\"\n                 style=\"max-height: 380px;\"\/>\n        <\/a>\n\n        <\/div> \n<div id=\"ngg-image-10\" class=\"ngg-gallery-slideshow-image\" style=\"height:400px\">\n\n        <a href=\"https:\/\/www.aufildutheatre.com\/wp-content\/gallery\/ainez-en-images\/15-super-semeren-familia.jpg\"\n           title=\"\"\n           data-src=\"https:\/\/www.aufildutheatre.com\/wp-content\/gallery\/ainez-en-images\/15-super-semeren-familia.jpg\"\n           data-thumbnail=\"https:\/\/www.aufildutheatre.com\/wp-content\/gallery\/ainez-en-images\/thumbs\/thumbs_15-super-semeren-familia.jpg\"\n           data-image-id=\"196\"\n           data-title=\"15-super-semeren-familia\"\n           data-description=\"\"\n           class=\"ngg-fancybox\" rel=\"2481de6ff33fbcb00e98fd683bf4670a\">\n\n            <img data-image-id='196'\n                 title=\"\"\n                 alt=\"15-super-semeren-familia\"\n                 src=\"https:\/\/www.aufildutheatre.com\/wp-content\/gallery\/ainez-en-images\/15-super-semeren-familia.jpg\"\n                 style=\"max-height: 380px;\"\/>\n        <\/a>\n\n        <\/div> \n<div id=\"ngg-image-11\" class=\"ngg-gallery-slideshow-image\" style=\"height:400px\">\n\n        <a href=\"https:\/\/www.aufildutheatre.com\/wp-content\/gallery\/ainez-en-images\/mario-sur-echasse.jpg\"\n           title=\"\"\n           data-src=\"https:\/\/www.aufildutheatre.com\/wp-content\/gallery\/ainez-en-images\/mario-sur-echasse.jpg\"\n           data-thumbnail=\"https:\/\/www.aufildutheatre.com\/wp-content\/gallery\/ainez-en-images\/thumbs\/thumbs_mario-sur-echasse.jpg\"\n           data-image-id=\"210\"\n           data-title=\"mario-sur-echasse\"\n           data-description=\"\"\n           class=\"ngg-fancybox\" rel=\"2481de6ff33fbcb00e98fd683bf4670a\">\n\n            <img data-image-id='210'\n                 title=\"\"\n                 alt=\"mario-sur-echasse\"\n                 src=\"https:\/\/www.aufildutheatre.com\/wp-content\/gallery\/ainez-en-images\/mario-sur-echasse.jpg\"\n                 style=\"max-height: 380px;\"\/>\n        <\/a>\n\n        <\/div> \n<\/div>\n\n\n\t\t<!-- Thumbnails Link -->\n\t<div class=\"slideshowlink\" style=\"max-width: 600px;\">\n        <a href='https:\/\/www.aufildutheatre.com\/index.php\/nggallery\/thumbnails?page_id=103'>[Montrer sous forme de vignettes]<\/a>\n\t<\/div>\n\n<a href=\"http:\/\/harpie64.files.wordpress.com\/2010\/01\/10-m-bricol-ch-de-nuages.jpg\"><img loading=\"lazy\" class=\"size-thumbnail wp-image-3520\" style=\"float: left; padding-left: 2em; padding-top: 1em; margin: 1em;\" title=\"10 M Bricol ch de nuages\" src=\"http:\/\/harpie64.files.wordpress.com\/2010\/01\/10-m-bricol-ch-de-nuages.jpg?w=190\" alt=\"\" width=\"190\" height=\"130\"> <\/a><br \/>\n<a href=\"http:\/\/harpie64.files.wordpress.com\/2010\/01\/05-valise-patatarte-862.jpg\"><img loading=\"lazy\" class=\"size-thumbnail wp-image-3516\" style=\"float: left; padding-left: 2em; margin: 1em;\" title=\"05 valise patatarte 86\" src=\"http:\/\/harpie64.files.wordpress.com\/2010\/01\/05-valise-patatarte-862.jpg?w=189\" alt=\"\" width=\"189\" height=\"150\"> <\/a><\/p>\n<h3 style=\"clear: both; padding-bottom: 0;\"><a href=\"http:\/\/harpie64.files.wordpress.com\/2010\/01\/07maika-et-gaspar1.jpg\"><img loading=\"lazy\" class=\"size-thumbnail wp-image-3521\" style=\"float: left; margin: 1em 1em 1em .1em;\" title=\"07Maika et gaspar\" src=\"http:\/\/harpie64.files.wordpress.com\/2010\/01\/07maika-et-gaspar1.jpg?w=151\" alt=\"\" width=\"151\" height=\"150\"> <\/a><br \/>\n<a href=\"http:\/\/harpie64.files.wordpress.com\/2010\/01\/09-moi-comedienne-et-gaspard1.jpg\"><img loading=\"lazy\" class=\"size-thumbnail wp-image-3522\" style=\"float: left; margin: 1em;\" title=\"09 moi com\u00e9dienne et gaspard\" src=\"http:\/\/harpie64.files.wordpress.com\/2010\/01\/09-moi-comedienne-et-gaspard1.jpg?w=124\" alt=\"\" width=\"124\" height=\"150\"> <\/a><br \/>\n<a href=\"http:\/\/harpie64.files.wordpress.com\/2010\/01\/10-costard-cravates1.jpg\"><img loading=\"lazy\" class=\"size-thumbnail wp-image-3523\" style=\"float: left; margin: 1em .1em 1em 1em;\" title=\"10 costard-cravates\" src=\"http:\/\/harpie64.files.wordpress.com\/2010\/01\/10-costard-cravates1.jpg?w=155\" alt=\"\" width=\"155\" height=\"150\"> <\/a><\/h3>\n<h3 style=\"clear: both; padding-top: 0;\"><a href=\"http:\/\/harpie64.files.wordpress.com\/2010\/01\/14-sorgina1.jpg\"><img loading=\"lazy\" class=\"size-thumbnail wp-image-3524\" style=\"float: right; margin: 0 2em 1em 1em;\" title=\"14 sorgina\" src=\"http:\/\/harpie64.files.wordpress.com\/2010\/01\/14-sorgina1.jpg?w=164\" alt=\"\" width=\"164\" height=\"150\"> <\/a><br \/>\n<a href=\"http:\/\/harpie64.files.wordpress.com\/2010\/01\/13sorgina-et-grimoire2.jpg\"><img loading=\"lazy\" class=\"size-thumbnail wp-image-3527\" style=\"float: right; margin: 0 1.5em 1em 1em;\" title=\"13Sorgina et grimoire\" src=\"http:\/\/harpie64.files.wordpress.com\/2010\/01\/13sorgina-et-grimoire2.jpg?w=97\" alt=\"\" width=\"97\" height=\"150\"> <\/a><br \/>\n<a href=\"http:\/\/harpie64.files.wordpress.com\/2010\/01\/13-sorgina-et-balai1.jpg\"><img loading=\"lazy\" class=\"size-thumbnail wp-image-3528\" style=\"float: right; margin: 0 1.5em 1em 1em;\" title=\"13 sorgina et balai\" src=\"http:\/\/harpie64.files.wordpress.com\/2010\/01\/13-sorgina-et-balai1.jpg?w=103\" alt=\"\" width=\"103\" height=\"150\"> <\/a><\/h3>\n<p><a href=\"http:\/\/harpie64.files.wordpress.com\/2010\/01\/tas-vu-poum.jpg\"><img loading=\"lazy\" class=\"size-thumbnail wp-image-3536\" style=\"clear: both; float: left; margin: 1em 3em 1em 5em;\" title=\"t'as vu poum\" src=\"http:\/\/harpie64.files.wordpress.com\/2010\/01\/tas-vu-poum.jpg?w=121\" alt=\"\" width=\"145\" height=\"180\"> <\/a><br \/>\n<a href=\"http:\/\/harpie64.files.wordpress.com\/2010\/01\/08clown-entier.jpg\"><img loading=\"lazy\" class=\"size-thumbnail wp-image-3533\" style=\"float: left; padding-top: 0; margin: 0 5em 1em 3em;\" title=\"08Clown entier\" src=\"http:\/\/harpie64.files.wordpress.com\/2010\/01\/08clown-entier.jpg?w=98\" alt=\"\" width=\"128\" height=\"198\"> <\/a><\/p>\n<div style=\"padding-top: 0; padding-bottom: 2px; clear: both; height: 200px;\">\n<p><a href=\"http:\/\/harpie64.files.wordpress.com\/2010\/01\/12-zoe-halo-nb.jpg\"><img loading=\"lazy\" class=\"size-thumbnail wp-image-3530\" style=\"float: left; margin: 3.2em 3em 1em 2em;\" title=\"12 Zo\u00e9 halo NB\" src=\"http:\/\/harpie64.files.wordpress.com\/2010\/01\/12-zoe-halo-nb.jpg?w=99\" alt=\"\" width=\"99\" height=\"150\"> <\/a><\/p>\n<\/div>\n<p><a href=\"http:\/\/harpie64.files.wordpress.com\/2010\/01\/15-super-semeren-familia2.jpg\"><img loading=\"lazy\" class=\"size-thumbnail wp-image-3543\" style=\"float: left; margin: 2.2em 2em 1em;\" title=\"15 super semeren familia\" src=\"http:\/\/harpie64.files.wordpress.com\/2010\/01\/15-super-semeren-familia2.jpg?w=190\" alt=\"\" width=\"190\" height=\"129\"><\/a><br \/>\n<a href=\"http:\/\/harpie64.files.wordpress.com\/2010\/01\/poum-nb-colorise-sepia2.jpg\"><img loading=\"lazy\" class=\"size-thumbnail wp-image-3540\" style=\"float: left; margin: 1.2em 2em 1em;\" title=\"poum-NB-coloris\u00e9-s\u00e9pia\" src=\"http:\/\/harpie64.files.wordpress.com\/2010\/01\/poum-nb-colorise-sepia2.jpg?w=146\" alt=\"\" width=\"146\" height=\"150\"> <\/a><\/p>\n<p>&nbsp;<\/p>\n<p><a href=\"http:\/\/harpie64.files.wordpress.com\/2010\/01\/manip-scolaire-dudu-copie.jpg\"><img loading=\"lazy\" class=\"size-thumbnail wp-image-3547\" style=\"clear: both; float: left; margin: 2em 2em 1em;\" title=\"Manip scolaire dudu copie\" src=\"http:\/\/harpie64.files.wordpress.com\/2010\/01\/manip-scolaire-dudu-copie.jpg?w=190\" alt=\"\" width=\"190\" height=\"129\"> <\/a><br \/>\n<a href=\"http:\/\/harpie64.files.wordpress.com\/2010\/01\/pte-souris-dudu-copie.jpg\"><img loading=\"lazy\" class=\"size-thumbnail wp-image-3545\" style=\"float: left; margin: .5em 1em 1em;\" title=\"Pte souris dudu copie\" src=\"http:\/\/harpie64.files.wordpress.com\/2010\/01\/pte-souris-dudu-copie.jpg?w=190\" alt=\"\" width=\"190\" height=\"142\"> <\/a><\/p>\n<p><a href=\"http:\/\/harpie64.files.wordpress.com\/2010\/01\/19mapuche1.jpg\"><img loading=\"lazy\" class=\"aligncenter size-thumbnail wp-image-3542\" style=\"clear: both;\" title=\"19mapuche\" src=\"http:\/\/harpie64.files.wordpress.com\/2010\/01\/19mapuche1.jpg?w=190\" alt=\"\" width=\"228\" height=\"176\"> <\/a><\/p>\n<p><a href=\"http:\/\/harpie64.files.wordpress.com\/2010\/01\/17pie1.jpg\"><img loading=\"lazy\" class=\"size-thumbnail wp-image-3551\" style=\"float: left; margin: 1em;\" title=\"17pie\" src=\"http:\/\/harpie64.files.wordpress.com\/2010\/01\/17pie1.jpg?w=112\" alt=\"\" width=\"112\" height=\"150\"><\/a><br \/>\n<a href=\"http:\/\/harpie64.files.wordpress.com\/2010\/01\/tactic-baillant1.jpg\"><img loading=\"lazy\" class=\"size-thumbnail wp-image-3541\" style=\"float: left; margin: 1em;\" title=\"tactic-baillant\" src=\"http:\/\/harpie64.files.wordpress.com\/2010\/01\/tactic-baillant1.jpg?w=189\" alt=\"\" width=\"189\" height=\"126\"> <\/a><br \/>\n<a href=\"http:\/\/harpie64.files.wordpress.com\/2010\/01\/11-mario-sur-echasse1.jpg\"><img loading=\"lazy\" class=\"size-thumbnail wp-image-3534\" style=\"float: left; margin: 1em 2em 1em 1em;\" title=\"11 mario sur echasse\" src=\"http:\/\/harpie64.files.wordpress.com\/2010\/01\/11-mario-sur-echasse1.jpg?w=91\" alt=\"\" width=\"91\" height=\"150\"> <\/a><\/p>\n<h4 style=\"margin-top: 2em; margin-right: 1em; margin-bottom: 3em;\"><a href=\"http:\/\/harpie64.files.wordpress.com\/2010\/01\/sac-toile-oie.jpg\"> <img loading=\"lazy\" class=\"size-thumbnail wp-image-3552\" style=\"clear: both; float: left; margin-right: 1em;\" title=\"Sac toile oie\" src=\"http:\/\/harpie64.files.wordpress.com\/2010\/01\/sac-toile-oie.jpg?w=190\" alt=\"\" width=\"190\" height=\"133\"> <\/a><strong><span style=\"color: #f6d1a9;\"><br \/>\n<span style=\"color: #e6b367; font-size: 10pt;\">&nbsp;Et plein d&rsquo;id\u00e9es dans la t\u00eate pour de nouveaux spectacles mais il me manque du temps !<\/span><\/span><\/strong><\/h4>\n<h4 style=\"text-align: right; margin-top: 5em;\"><a href=\"https:\/\/www.aufildutheatre.com\/?page_id=155\" target=\"_self\" rel=\"noopener noreferrer\"><span style=\"color: #0000ff; text-decoration: underline;\"> <strong>Retour \u00e0 \u00ab\u00a0Qui sommes-nous?\u00a0\u00bb<\/strong><\/span><\/a><\/h4>\n","protected":false},"excerpt":{"rendered":"<p>&nbsp; &nbsp; &nbsp;Et plein d&rsquo;id\u00e9es dans la t\u00eate pour de nouveaux spectacles mais il me manque du temps ! Retour \u00e0 \u00ab\u00a0Qui sommes-nous?\u00a0\u00bb<\/p>\n","protected":false},"author":2,"featured_media":0,"parent":155,"menu_order":0,"comment_status":"closed","ping_status":"closed","template":"","meta":{"ngg_post_thumbnail":0},"_links":{"self":[{"href":"https:\/\/www.aufildutheatre.com\/index.php?rest_route=\/wp\/v2\/pages\/103"}],"collection":[{"href":"https:\/\/www.aufildutheatre.com\/index.php?rest_route=\/wp\/v2\/pages"}],"about":[{"href":"https:\/\/www.aufildutheatre.com\/index.php?rest_route=\/wp\/v2\/types\/page"}],"author":[{"embeddable":true,"href":"https:\/\/www.aufildutheatre.com\/index.php?rest_route=\/wp\/v2\/users\/2"}],"replies":[{"embeddable":true,"href":"https:\/\/www.aufildutheatre.com\/index.php?rest_route=%2Fwp%2Fv2%2Fcomments&post=103"}],"version-history":[{"count":7,"href":"https:\/\/www.aufildutheatre.com\/index.php?rest_route=\/wp\/v2\/pages\/103\/revisions"}],"predecessor-version":[{"id":8074,"href":"https:\/\/www.aufildutheatre.com\/index.php?rest_route=\/wp\/v2\/pages\/103\/revisions\/8074"}],"up":[{"embeddable":true,"href":"https:\/\/www.aufildutheatre.com\/index.php?rest_route=\/wp\/v2\/pages\/155"}],"wp:attachment":[{"href":"https:\/\/www.aufildutheatre.com\/index.php?rest_route=%2Fwp%2Fv2%2Fmedia&parent=103"}],"curies":[{"name":"wp","href":"https:\/\/api.w.org\/{rel}","templated":true}]}}